{"id":95626,"date":"2023-05-26T19:30:45","date_gmt":"2023-05-26T16:30:45","guid":{"rendered":"https:\/\/luxuraelite.ro\/?post_type=product&#038;p=95626"},"modified":"2026-03-09T08:14:29","modified_gmt":"2026-03-09T06:14:29","slug":"new-collection-hermes-rayures-dete-twilly-rose-bleu-vert","status":"publish","type":"product","link":"https:\/\/luxuraelite.ro\/sr\/produs\/new-collection-hermes-rayures-dete-twilly-rose-bleu-vert\/","title":{"rendered":"<span style=\"font-size: 10px; color: rgb(101, 101, 101);letter-spacing: .15em;\">NEW COLLECTION<\/span><br><strong> HERMES <\/strong><br><div style=\"margin-top:10px; font-size:16px;\">Rayures D\u2019ete Twilly Rose\/ Bleu \/ Vert<\/div><br>"},"content":{"rendered":"<div class=\"wpb-content-wrapper\"><p>[vc_row][vc_column]<\/p>\n<p>[vc_column_text]<\/p>\n\n        <div class=\"range\">\n            <div class=\"labels ac-one\">\n                <span class=\"label one active\">Nou<\/span>\n                <span class=\"label two \">Excelent<\/span>\n                <span class=\"label three \">Foarte Bun\u0103<\/span>\n                <span class=\"label four \">Bun\u0103<\/span>\n                <span class=\"label five \">Rezonabil<\/span>\n            <\/div>\n        <\/div>\n\n        \n<p>[\/vc_column_text]<\/p>\n<p>[vc_toggle title=&#8220;\u2729 Caracteristici Specifice&#8220; custom_font_container=&#8220;tag:p|font_size:18|text_align:left|line_height:3&#8243; custom_use_theme_fonts=&#8220;yes&#8220; use_custom_heading=&#8220;true&#8220; class=&#8220;&#8222;fa&#8222;&#8220;]<\/p>\n<p>Pre-owned nepurtat, nu prezint\u0103 absolut niciun semn de uzur\u0103.<\/p>\n<p>[\/vc_toggle]<\/p>\n<p>[vc_toggle title=&#8220;DETALII&#8220; open=&#8220;true&#8220; custom_font_container=&#8220;tag:h5|font_size:19|text_align:left|line_height:3&#8243; custom_use_theme_fonts=&#8220;yes&#8220; use_custom_heading=&#8220;true&#8220;]<\/p>\n<div class=\"pdp__section-content\" style=\"box-sizing: border-box; -webkit-font-smoothing: antialiased; margin: 0px; padding: 0px; display: flex; flex-flow: row wrap; color: #000000; font-family: MaisonNeue-Book; font-size: 14px; font-style: normal; font-variant-ligatures: normal; font-variant-caps: normal; font-weight: 400; letter-spacing: normal; orphans: 2; text-align: left; text-indent: 0px; text-transform: none; white-space: normal; widows: 2; word-spacing: 0px; -webkit-text-stroke-width: 0px; background-color: #ffffff; text-decoration-thickness: initial; text-decoration-style: initial; text-decoration-color: initial;\">\n<div class=\"pdp__section-group \" style=\"box-sizing: border-box; -webkit-font-smoothing: antialiased; margin: 0px 0px 25px; padding: 0px 15px 0px 0px; width: 50%;\">\n<div class=\"pdp__group-title\" style=\"box-sizing: border-box; -webkit-font-smoothing: antialiased; margin: 0px; padding: 0px; font-family: MaisonNeue-Demi, Helvetica, Arial, sans-serif; font-size: 0.875rem; color: #767676; letter-spacing: 0px; line-height: 24px; display: inline-block;\">Culoare<\/div>\n<div class=\"pdp__group-item\" style=\"box-sizing: border-box; -webkit-font-smoothing: antialiased; margin: 0px; padding: 0px; font-family: MaisonNeue-Book, Helvetica, Arial, sans-serif; font-size: 0.875rem; color: #000000; letter-spacing: 0px; line-height: 24px;\">Roz \/ Albastru \/ Verde<\/div>\n<\/div>\n<div class=\"pdp__section-group \" style=\"box-sizing: border-box; -webkit-font-smoothing: antialiased; margin: 0px 0px 25px; padding: 0px 15px 0px 0px; width: 50%;\">\n<div class=\"pdp__group-title\" style=\"box-sizing: border-box; -webkit-font-smoothing: antialiased; margin: 0px; padding: 0px; font-family: MaisonNeue-Demi, Helvetica, Arial, sans-serif; font-size: 0.875rem; color: #767676; letter-spacing: 0px; line-height: 24px; display: inline-block;\">Material<\/div>\n<div class=\"pdp__group-item\" style=\"box-sizing: border-box; -webkit-font-smoothing: antialiased; margin: 0px; padding: 0px; font-family: MaisonNeue-Book, Helvetica, Arial, sans-serif; font-size: 0.875rem; color: #000000; letter-spacing: 0px; line-height: 24px;\">Matase<\/div>\n<\/div>\n<div class=\"pdp__section-group \" style=\"box-sizing: border-box; -webkit-font-smoothing: antialiased; margin: 0px 0px 25px; padding: 0px; width: 50%;\">\n<div class=\"pdp__group-title\" style=\"box-sizing: border-box; -webkit-font-smoothing: antialiased; margin: 0px; padding: 0px; font-family: MaisonNeue-Demi, Helvetica, Arial, sans-serif; font-size: 0.875rem; color: #767676; letter-spacing: 0px; line-height: 24px; display: inline-block;\">Vine \u00eenso\u021bit<\/div>\n<div class=\"pdp__group-item\" style=\"box-sizing: border-box; -webkit-font-smoothing: antialiased; margin: 0px; padding: 0px; font-family: MaisonNeue-Book, Helvetica, Arial, sans-serif; font-size: 0.875rem; color: #000000; letter-spacing: 0px; line-height: 24px;\">\n<div class=\"pdp__group-item pdp__group-item--li\" style=\"box-sizing: border-box; -webkit-font-smoothing: antialiased; margin: 0px; padding: 0px; font-family: MaisonNeue-Book, Helvetica, Arial, sans-serif; font-size: 0.875rem; color: #000000; letter-spacing: 0px; line-height: 24px;\">Certificat de conformitate<\/div>\n<div>Cutie<\/div>\n<\/div>\n<\/div>\n<div class=\"pdp__section-group \" style=\"box-sizing: border-box; -webkit-font-smoothing: antialiased; margin: 0px 0px 25px; padding: 0px 15px 0px 0px; width: 50%;\">\n<div class=\"pdp__group-title\" style=\"box-sizing: border-box; -webkit-font-smoothing: antialiased; margin: 0px; padding: 0px; font-family: MaisonNeue-Demi, Helvetica, Arial, sans-serif; font-size: 0.875rem; color: #767676; letter-spacing: 0px; line-height: 24px; display: inline-block;\">Designer ID<\/div>\n<div class=\"pdp__group-item\" style=\"box-sizing: border-box; -webkit-font-smoothing: antialiased; margin: 0px; padding: 0px; font-family: MaisonNeue-Book, Helvetica, Arial, sans-serif; font-size: 0.875rem; color: #000000; letter-spacing: 0px; line-height: 24px;\">H063850S 06<\/div>\n<\/div>\n<div class=\"pdp__section-group \" style=\"box-sizing: border-box; -webkit-font-smoothing: antialiased; margin: 0px 0px 25px; padding: 0px 15px 0px 0px; width: 150px;\">\n<div class=\"pdp__group-title\" style=\"box-sizing: border-box; -webkit-font-smoothing: antialiased; margin: 0px; padding: 0px; font-family: MaisonNeue-Demi, Helvetica, Arial, sans-serif; font-size: 0.875rem; color: #767676; letter-spacing: 0px; line-height: 24px; display: inline-block;\">Loca\u021bie<\/div>\n<div class=\"pdp__group-item\" style=\"box-sizing: border-box; -webkit-font-smoothing: antialiased; margin: 0px; padding: 0px; font-family: MaisonNeue-Book, Helvetica, Arial, sans-serif; font-size: 0.875rem; color: #000000; letter-spacing: 0px; line-height: 24px;\">Luxura Boutique<\/div>\n<\/div>\n<\/div>\n<p><span style=\"font-size: 18px; font-weight: 500; color: #767676;\">M\u0103rime &amp; Dimensiuni<\/span><br \/>\nL\u0103\u021bime:\u00a0 \u00a0 \u00a0 5.0 cm<br \/>\nLungime: 86.0 cm<\/p>\n<p>[\/vc_toggle]<\/p>\n<p>[vc_separator]<\/p>\n<p>[vc_toggle title=&#8220;DESCRIERE&#8220; custom_font_container=&#8220;tag:h5|font_size:19|text_align:left|line_height:3&#8243; custom_use_theme_fonts=&#8220;yes&#8220; use_custom_heading=&#8220;true&#8220; css=&#8220;.vc_custom_1659790907923{margin-top: -30px !important;}&#8220;]<\/p>\n<p style=\"text-align: justify;\">[\/vc_toggle]<\/p>\n<p>[vc_separator]<\/p>\n<p>[vc_toggle title=&#8220;LIVRARE &amp; RETUR&#8220; custom_font_container=&#8220;tag:h5|font_size:19|text_align:left|line_height:3&#8243; custom_use_theme_fonts=&#8220;yes&#8220; use_custom_heading=&#8220;true&#8220; css=&#8220;.vc_custom_1659790915357{margin-top: -30px !important;}&#8220;]<\/p>\n<p style=\"text-align: justify;\">Expedierea intern\u0103 standard \u00een Romania este <strong>GRATUIT\u0102.<\/strong><\/p>\n<p style=\"text-align: justify;\">Transportul include: <strong>asigurare, confirmare semn\u0103tur\u0103 \u0219i ambalaj de calitate superioar\u0103<\/strong>. Toate articolele vor fi expediate, \u00een general, \u00een termen de 3 zile lucr\u0103toare de la confirmarea pl\u0103\u021bii. Termenii de livrare se calculeaz\u0103 \u00een zile lucr\u0103toare (de luni p\u00e2n\u0103 vineri, cu excep\u021bia s\u0103rb\u0103torilor legale).<\/p>\n<p style=\"text-align: justify;\">Returneaz\u0103: Da! Vrem s\u0103 fi\u021bi mul\u021bumit de achizi\u021bia dvs. Articolul poate fi returnat c\u0103tre Luxura Elite Club \u00een termen de 14 de zile de la data achizi\u021biei (dac\u0103 achizi\u021bia se face prin plat\u0103 integral\u0103 \u00een avans sau la livrare, NU \u00een sistem de rate ), cu etichetele de siguran\u021ba ata\u0219ate \u0219i \u00een starea ini\u021bial\u0103 pentru a primi o rambursare complet\u0103. Vede\u021bi aici politica complet\u0103 de returnare.<\/p>\n<p><a href=\"https:\/\/d3lgebelm9dr8d.cloudfront.net\/wp-content\/uploads\/2023\/05\/22111924\/qr-code-3-6.png\"><img loading=\"lazy\" decoding=\"async\" class=\"alignnone wp-image-95629\" src=\"https:\/\/d3lgebelm9dr8d.cloudfront.net\/wp-content\/uploads\/2023\/05\/22111924\/qr-code-3-6-300x300.png\" alt=\"\" width=\"113\" height=\"113\" srcset=\"https:\/\/d3lgebelm9dr8d.cloudfront.net\/wp-content\/uploads\/2023\/05\/22111924\/qr-code-3-6-300x300.png 300w, https:\/\/d3lgebelm9dr8d.cloudfront.net\/wp-content\/uploads\/2023\/05\/22111924\/qr-code-3-6-1024x1024.png 1024w, https:\/\/d3lgebelm9dr8d.cloudfront.net\/wp-content\/uploads\/2023\/05\/22111924\/qr-code-3-6-150x150.png 150w, https:\/\/d3lgebelm9dr8d.cloudfront.net\/wp-content\/uploads\/2023\/05\/22111924\/qr-code-3-6-768x768.png 768w, https:\/\/d3lgebelm9dr8d.cloudfront.net\/wp-content\/uploads\/2023\/05\/22111924\/qr-code-3-6-1536x1536.png 1536w, https:\/\/d3lgebelm9dr8d.cloudfront.net\/wp-content\/uploads\/2023\/05\/22111924\/qr-code-3-6-2048x2048.png 2048w, https:\/\/d3lgebelm9dr8d.cloudfront.net\/wp-content\/uploads\/2023\/05\/22111924\/qr-code-3-6-840x840.png 840w\" sizes=\"auto, (max-width: 113px) 100vw, 113px\" \/><\/a><br \/>\nS8Q3ST1682<\/p>\n<p>[\/vc_toggle]<\/p>\n<p>[vc_separator]<\/p>\n<p>[\/vc_toggle][\/vc_column][\/vc_row]<\/p>\n<p><span style=\"color: #595959; font-family: Metropolis, 'Helvetica Neue', Helvetica, Arial, sans-serif; font-size: 10.26px; font-style: normal; font-variant-ligatures: normal; font-variant-caps: normal; font-weight: 200; letter-spacing: normal; orphans: 2; text-align: start; text-indent: 0px; text-transform: none; white-space: normal; widows: 2; word-spacing: 0px; -webkit-text-stroke-width: 0px; background-color: #ffffff; text-decoration-thickness: initial; text-decoration-style: initial; text-decoration-color: initial; display: inline !important; float: none;\">HERMES este marc\u0103 \u00eenregistrat\u0103 HERMES. Luxura Elite nu este afiliat\u0103 cu HERMES.<\/span><\/p>\n<\/div>","protected":false},"excerpt":{"rendered":"<p>[vc_row][vc_column] [vc_column_text] [\/vc_column_text] [vc_toggle title=&#8220;\u2729 Caracteristici Specifice&#8220; custom_font_container=&#8220;tag:p|font_size:18|text_align:left|line_height:3&#8243; custom_use_theme_fonts=&#8220;yes&#8220; use_custom_heading=&#8220;true&#8220; class=&#8220;&#8222;fa&#8222;&#8220;] Pre-owned nepurtat, nu prezint\u0103 absolut niciun semn de uzur\u0103. [\/vc_toggle] [vc_toggle title=&#8220;DETALII&#8220; open=&#8220;true&#8220; custom_font_container=&#8220;tag:h5|font_size:19|text_align:left|line_height:3&#8243; custom_use_theme_fonts=&#8220;yes&#8220; use_custom_heading=&#8220;true&#8220;] Culoare Roz \/&hellip;<\/p>\n","protected":false},"featured_media":96039,"template":"","meta":{"_acf_changed":false},"product_brand":[],"product_cat":[3473,3474,381],"product_tag":[254],"class_list":{"0":"post-95626","1":"product","2":"type-product","3":"status-publish","4":"has-post-thumbnail","6":"product_cat-luxura-boutique-bg","7":"product_cat-accesorii-2-bg","8":"product_cat-scarves","9":"product_tag-hermes","10":"pa_badge-noua-colectie-bg","11":"pa_categorie-accesorii-bg","12":"pa_categorie-esarfa-louis-vuitton","13":"pa_conditie-nou-bg","14":"pa_designeri-hermes","15":"pa_pentru-femei-bg","16":"pa_subcategorie-esarfa","17":"pa_subcategorie-scarves","19":"first","20":"outofstock","21":"shipping-taxable","22":"purchasable","23":"product-type-simple","24":"add-to-wishlist-before_image"},"acf":[],"yoast_head":"<!-- This site is optimized with the Yoast SEO Premium plugin v27.1 (Yoast SEO v27.1.1) - https:\/\/yoast.com\/product\/yoast-seo-premium-wordpress\/ -->\n<title>NEW COLLECTION HERMES Rayures D\u2019ete Twilly Rose\/ Bleu \/ Vert - LUXURA<\/title>\n<meta name=\"description\" content=\"Produs eligil pentru plata in rate %\" \/>\n<meta name=\"robots\" content=\"index, follow, max-snippet:-1, max-image-preview:large, max-video-preview:-1\" \/>\n<link rel=\"canonical\" href=\"https:\/\/luxuraelite.ro\/sr\/produs\/new-collection-hermes-rayures-dete-twilly-rose-bleu-vert\/\" \/>\n<meta property=\"og:locale\" content=\"sr_RS\" \/>\n<meta property=\"og:type\" content=\"article\" \/>\n<meta property=\"og:title\" content=\"NEW COLLECTION HERMES Rayures D\u2019ete Twilly Rose\/ Bleu \/ Vert\" \/>\n<meta property=\"og:description\" content=\"Produs eligil pentru plata in rate -\" \/>\n<meta property=\"og:url\" content=\"https:\/\/luxuraelite.ro\/sr\/produs\/new-collection-hermes-rayures-dete-twilly-rose-bleu-vert\/\" \/>\n<meta property=\"og:site_name\" content=\"LUXURA\" \/>\n<meta property=\"article:publisher\" content=\"https:\/\/www.facebook.com\/luxuraelite\" \/>\n<meta property=\"article:modified_time\" content=\"2026-03-09T06:14:29+00:00\" \/>\n<meta property=\"og:image\" content=\"https:\/\/d3lgebelm9dr8d.cloudfront.net\/wp-content\/uploads\/2023\/12\/27011123\/C5D49707-scaled.jpg\" \/>\n\t<meta property=\"og:image:width\" content=\"1707\" \/>\n\t<meta property=\"og:image:height\" content=\"2560\" \/>\n\t<meta property=\"og:image:type\" content=\"image\/jpeg\" \/>\n<meta name=\"twitter:card\" content=\"summary_large_image\" \/>\n<meta name=\"twitter:label1\" content=\"Price\" \/>\n\t<meta name=\"twitter:data1\" content=\"990,00&nbsp;lei\" \/>\n\t<meta name=\"twitter:label2\" content=\"Availability\" \/>\n\t<meta name=\"twitter:data2\" content=\"Out of stock\" \/>\n<script type=\"application\/ld+json\" class=\"yoast-schema-graph\">{\"@context\":\"https:\/\/schema.org\",\"@graph\":[{\"@type\":\"WebPage\",\"@id\":\"https:\/\/luxuraelite.ro\/sr\/produs\/new-collection-hermes-rayures-dete-twilly-rose-bleu-vert\/\",\"url\":\"https:\/\/luxuraelite.ro\/sr\/produs\/new-collection-hermes-rayures-dete-twilly-rose-bleu-vert\/\",\"name\":\"NEW COLLECTION HERMES Rayures D\u2019ete Twilly Rose\/ Bleu \/ Vert - LUXURA\",\"isPartOf\":{\"@id\":\"https:\/\/luxuraelite.ro\/sr\/#website\"},\"primaryImageOfPage\":{\"@id\":\"https:\/\/luxuraelite.ro\/sr\/produs\/new-collection-hermes-rayures-dete-twilly-rose-bleu-vert\/#primaryimage\"},\"image\":{\"@id\":\"https:\/\/luxuraelite.ro\/sr\/produs\/new-collection-hermes-rayures-dete-twilly-rose-bleu-vert\/#primaryimage\"},\"thumbnailUrl\":\"https:\/\/d3lgebelm9dr8d.cloudfront.net\/wp-content\/uploads\/2023\/12\/27011123\/C5D49707-scaled.jpg\",\"datePublished\":\"2023-05-26T16:30:45+00:00\",\"dateModified\":\"2026-03-09T06:14:29+00:00\",\"description\":\"Produs eligil pentru plata in rate %\",\"breadcrumb\":{\"@id\":\"https:\/\/luxuraelite.ro\/sr\/produs\/new-collection-hermes-rayures-dete-twilly-rose-bleu-vert\/#breadcrumb\"},\"inLanguage\":\"sr-RS\",\"potentialAction\":[{\"@type\":\"ReadAction\",\"target\":[\"https:\/\/luxuraelite.ro\/sr\/produs\/new-collection-hermes-rayures-dete-twilly-rose-bleu-vert\/\"]}]},{\"@type\":\"ImageObject\",\"inLanguage\":\"sr-RS\",\"@id\":\"https:\/\/luxuraelite.ro\/sr\/produs\/new-collection-hermes-rayures-dete-twilly-rose-bleu-vert\/#primaryimage\",\"url\":\"https:\/\/d3lgebelm9dr8d.cloudfront.net\/wp-content\/uploads\/2023\/12\/27011123\/C5D49707-scaled.jpg\",\"contentUrl\":\"https:\/\/d3lgebelm9dr8d.cloudfront.net\/wp-content\/uploads\/2023\/12\/27011123\/C5D49707-scaled.jpg\",\"width\":1707,\"height\":2560,\"caption\":\"Timisoara, Marti 23 Mai 2023. \u00a9Cornel Putan\"},{\"@type\":\"BreadcrumbList\",\"@id\":\"https:\/\/luxuraelite.ro\/sr\/produs\/new-collection-hermes-rayures-dete-twilly-rose-bleu-vert\/#breadcrumb\",\"itemListElement\":[{\"@type\":\"ListItem\",\"position\":1,\"name\":\"Prima pagin\u0103\",\"item\":\"https:\/\/luxuraelite.ro\/sr\/\"},{\"@type\":\"ListItem\",\"position\":2,\"name\":\"Magazin\",\"item\":\"https:\/\/luxuraelite.ro\/magazin\/\"},{\"@type\":\"ListItem\",\"position\":3,\"name\":\"NEW COLLECTION HERMES Rayures D\u2019ete Twilly Rose\/ Bleu \/ Vert\"}]},{\"@type\":\"WebSite\",\"@id\":\"https:\/\/luxuraelite.ro\/sr\/#website\",\"url\":\"https:\/\/luxuraelite.ro\/sr\/\",\"name\":\"LUXURA\",\"description\":\"For the woman who deserves it\",\"publisher\":{\"@id\":\"https:\/\/luxuraelite.ro\/sr\/#organization\"},\"alternateName\":\"Luxura Elite\",\"potentialAction\":[{\"@type\":\"SearchAction\",\"target\":{\"@type\":\"EntryPoint\",\"urlTemplate\":\"https:\/\/luxuraelite.ro\/sr\/?s={search_term_string}\"},\"query-input\":{\"@type\":\"PropertyValueSpecification\",\"valueRequired\":true,\"valueName\":\"search_term_string\"}}],\"inLanguage\":\"sr-RS\"},{\"@type\":\"Organization\",\"@id\":\"https:\/\/luxuraelite.ro\/sr\/#organization\",\"name\":\"Luxura Elite\",\"alternateName\":\"Luxura\",\"url\":\"https:\/\/luxuraelite.ro\/sr\/\",\"logo\":{\"@type\":\"ImageObject\",\"inLanguage\":\"sr-RS\",\"@id\":\"https:\/\/luxuraelite.ro\/sr\/#\/schema\/logo\/image\/\",\"url\":\"https:\/\/luxuraelite.ro\/wp-content\/uploads\/2021\/08\/logo_dark.png\",\"contentUrl\":\"https:\/\/luxuraelite.ro\/wp-content\/uploads\/2021\/08\/logo_dark.png\",\"width\":1001,\"height\":778,\"caption\":\"Luxura Elite\"},\"image\":{\"@id\":\"https:\/\/luxuraelite.ro\/sr\/#\/schema\/logo\/image\/\"},\"sameAs\":[\"https:\/\/www.facebook.com\/luxuraelite\",\"https:\/\/www.instagram.com\/luxuraelite\/\"],\"description\":\"LUXURA ELITE BOUTIQUE is the pinnacle, a meticulously curated space both online and offline, where you can find luxury pre-owned items evaluated and authenticated with a very high level of expertise and accuracy. The Luxura Elite team is dedicated to finding the most sought-after and desired ultra-luxury pieces from the world's top brands, pieces that you can confidently add to your wardrobe.\",\"email\":\"suport@luxuraelite.ro\",\"telephone\":\"40374414660\",\"legalName\":\"Luxura Elite Club\",\"foundingDate\":\"2019-04-29\",\"vatID\":\"RO43428737\",\"numberOfEmployees\":{\"@type\":\"QuantitativeValue\",\"minValue\":\"1\",\"maxValue\":\"10\"},\"publishingPrinciples\":\"https:\/\/luxuraelite.ro\/despre-noi\/\",\"actionableFeedbackPolicy\":\"https:\/\/luxuraelite.ro\/feedback-clienti\/\",\"correctionsPolicy\":\"https:\/\/luxuraelite.ro\/politica-privind-protectia-datelor-cu-caracter-personal\/\",\"ethicsPolicy\":\"https:\/\/luxuraelite.ro\/politica-privind-protectia-datelor-cu-caracter-personal\/\",\"hasMerchantReturnPolicy\":{\"@type\":\"MerchantReturnPolicy\",\"merchantReturnLink\":\"https:\/\/luxuraelite.ro\/cerere-de-retur\/\"}}]}<\/script>\n<meta property=\"product:brand\" content=\"Hermes\" \/>\n<meta property=\"product:price:amount\" content=\"990.00\" \/>\n<meta property=\"product:price:currency\" content=\"RON\" \/>\n<meta property=\"og:availability\" content=\"out of stock\" \/>\n<meta property=\"product:availability\" content=\"out of stock\" \/>\n<meta property=\"product:retailer_item_id\" content=\"ACLEB00095626\" \/>\n<meta property=\"product:condition\" content=\"new\" \/>\n<!-- \/ Yoast SEO Premium plugin. -->","yoast_head_json":{"title":"NEW COLLECTION HERMES Rayures D\u2019ete Twilly Rose\/ Bleu \/ Vert - LUXURA","description":"Produs eligil pentru plata in rate %","robots":{"index":"index","follow":"follow","max-snippet":"max-snippet:-1","max-image-preview":"max-image-preview:large","max-video-preview":"max-video-preview:-1"},"canonical":"https:\/\/luxuraelite.ro\/sr\/produs\/new-collection-hermes-rayures-dete-twilly-rose-bleu-vert\/","og_locale":"sr_RS","og_type":"article","og_title":"NEW COLLECTION HERMES Rayures D\u2019ete Twilly Rose\/ Bleu \/ Vert","og_description":"Produs eligil pentru plata in rate -","og_url":"https:\/\/luxuraelite.ro\/sr\/produs\/new-collection-hermes-rayures-dete-twilly-rose-bleu-vert\/","og_site_name":"LUXURA","article_publisher":"https:\/\/www.facebook.com\/luxuraelite","article_modified_time":"2026-03-09T06:14:29+00:00","og_image":[{"width":1707,"height":2560,"url":"https:\/\/d3lgebelm9dr8d.cloudfront.net\/wp-content\/uploads\/2023\/12\/27011123\/C5D49707-scaled.jpg","type":"image\/jpeg"}],"twitter_card":"summary_large_image","twitter_misc":{"Price":"990,00&nbsp;lei","Availability":"Out of stock"},"schema":{"@context":"https:\/\/schema.org","@graph":[{"@type":"WebPage","@id":"https:\/\/luxuraelite.ro\/sr\/produs\/new-collection-hermes-rayures-dete-twilly-rose-bleu-vert\/","url":"https:\/\/luxuraelite.ro\/sr\/produs\/new-collection-hermes-rayures-dete-twilly-rose-bleu-vert\/","name":"NEW COLLECTION HERMES Rayures D\u2019ete Twilly Rose\/ Bleu \/ Vert - LUXURA","isPartOf":{"@id":"https:\/\/luxuraelite.ro\/sr\/#website"},"primaryImageOfPage":{"@id":"https:\/\/luxuraelite.ro\/sr\/produs\/new-collection-hermes-rayures-dete-twilly-rose-bleu-vert\/#primaryimage"},"image":{"@id":"https:\/\/luxuraelite.ro\/sr\/produs\/new-collection-hermes-rayures-dete-twilly-rose-bleu-vert\/#primaryimage"},"thumbnailUrl":"https:\/\/d3lgebelm9dr8d.cloudfront.net\/wp-content\/uploads\/2023\/12\/27011123\/C5D49707-scaled.jpg","datePublished":"2023-05-26T16:30:45+00:00","dateModified":"2026-03-09T06:14:29+00:00","description":"Produs eligil pentru plata in rate %","breadcrumb":{"@id":"https:\/\/luxuraelite.ro\/sr\/produs\/new-collection-hermes-rayures-dete-twilly-rose-bleu-vert\/#breadcrumb"},"inLanguage":"sr-RS","potentialAction":[{"@type":"ReadAction","target":["https:\/\/luxuraelite.ro\/sr\/produs\/new-collection-hermes-rayures-dete-twilly-rose-bleu-vert\/"]}]},{"@type":"ImageObject","inLanguage":"sr-RS","@id":"https:\/\/luxuraelite.ro\/sr\/produs\/new-collection-hermes-rayures-dete-twilly-rose-bleu-vert\/#primaryimage","url":"https:\/\/d3lgebelm9dr8d.cloudfront.net\/wp-content\/uploads\/2023\/12\/27011123\/C5D49707-scaled.jpg","contentUrl":"https:\/\/d3lgebelm9dr8d.cloudfront.net\/wp-content\/uploads\/2023\/12\/27011123\/C5D49707-scaled.jpg","width":1707,"height":2560,"caption":"Timisoara, Marti 23 Mai 2023. \u00a9Cornel Putan"},{"@type":"BreadcrumbList","@id":"https:\/\/luxuraelite.ro\/sr\/produs\/new-collection-hermes-rayures-dete-twilly-rose-bleu-vert\/#breadcrumb","itemListElement":[{"@type":"ListItem","position":1,"name":"Prima pagin\u0103","item":"https:\/\/luxuraelite.ro\/sr\/"},{"@type":"ListItem","position":2,"name":"Magazin","item":"https:\/\/luxuraelite.ro\/magazin\/"},{"@type":"ListItem","position":3,"name":"NEW COLLECTION HERMES Rayures D\u2019ete Twilly Rose\/ Bleu \/ Vert"}]},{"@type":"WebSite","@id":"https:\/\/luxuraelite.ro\/sr\/#website","url":"https:\/\/luxuraelite.ro\/sr\/","name":"LUXURA","description":"For the woman who deserves it","publisher":{"@id":"https:\/\/luxuraelite.ro\/sr\/#organization"},"alternateName":"Luxura Elite","potentialAction":[{"@type":"SearchAction","target":{"@type":"EntryPoint","urlTemplate":"https:\/\/luxuraelite.ro\/sr\/?s={search_term_string}"},"query-input":{"@type":"PropertyValueSpecification","valueRequired":true,"valueName":"search_term_string"}}],"inLanguage":"sr-RS"},{"@type":"Organization","@id":"https:\/\/luxuraelite.ro\/sr\/#organization","name":"Luxura Elite","alternateName":"Luxura","url":"https:\/\/luxuraelite.ro\/sr\/","logo":{"@type":"ImageObject","inLanguage":"sr-RS","@id":"https:\/\/luxuraelite.ro\/sr\/#\/schema\/logo\/image\/","url":"https:\/\/luxuraelite.ro\/wp-content\/uploads\/2021\/08\/logo_dark.png","contentUrl":"https:\/\/luxuraelite.ro\/wp-content\/uploads\/2021\/08\/logo_dark.png","width":1001,"height":778,"caption":"Luxura Elite"},"image":{"@id":"https:\/\/luxuraelite.ro\/sr\/#\/schema\/logo\/image\/"},"sameAs":["https:\/\/www.facebook.com\/luxuraelite","https:\/\/www.instagram.com\/luxuraelite\/"],"description":"LUXURA ELITE BOUTIQUE is the pinnacle, a meticulously curated space both online and offline, where you can find luxury pre-owned items evaluated and authenticated with a very high level of expertise and accuracy. The Luxura Elite team is dedicated to finding the most sought-after and desired ultra-luxury pieces from the world's top brands, pieces that you can confidently add to your wardrobe.","email":"suport@luxuraelite.ro","telephone":"40374414660","legalName":"Luxura Elite Club","foundingDate":"2019-04-29","vatID":"RO43428737","numberOfEmployees":{"@type":"QuantitativeValue","minValue":"1","maxValue":"10"},"publishingPrinciples":"https:\/\/luxuraelite.ro\/despre-noi\/","actionableFeedbackPolicy":"https:\/\/luxuraelite.ro\/feedback-clienti\/","correctionsPolicy":"https:\/\/luxuraelite.ro\/politica-privind-protectia-datelor-cu-caracter-personal\/","ethicsPolicy":"https:\/\/luxuraelite.ro\/politica-privind-protectia-datelor-cu-caracter-personal\/","hasMerchantReturnPolicy":{"@type":"MerchantReturnPolicy","merchantReturnLink":"https:\/\/luxuraelite.ro\/cerere-de-retur\/"}}]},"product_brand":"Hermes","product_price_amount":"990.00","product_price_currency":"RON","og_availability":"out of stock","product_availability":"out of stock","product_retailer_item_id":"ACLEB00095626","product_condition":"new"},"df_price":990,"df_sale_price":"","df_regular_price":990,"df_image_link":"https:\/\/d3lgebelm9dr8d.cloudfront.net\/wp-content\/uploads\/2023\/12\/27011123\/C5D49707-683x1024.jpg","_links":{"self":[{"href":"https:\/\/luxuraelite.ro\/sr\/wp-json\/wp\/v2\/product\/95626","targetHints":{"allow":["GET"]}}],"collection":[{"href":"https:\/\/luxuraelite.ro\/sr\/wp-json\/wp\/v2\/product"}],"about":[{"href":"https:\/\/luxuraelite.ro\/sr\/wp-json\/wp\/v2\/types\/product"}],"wp:featuredmedia":[{"embeddable":true,"href":"https:\/\/luxuraelite.ro\/sr\/wp-json\/wp\/v2\/media\/96039"}],"wp:attachment":[{"href":"https:\/\/luxuraelite.ro\/sr\/wp-json\/wp\/v2\/media?parent=95626"}],"wp:term":[{"taxonomy":"product_brand","embeddable":true,"href":"https:\/\/luxuraelite.ro\/sr\/wp-json\/wp\/v2\/product_brand?post=95626"},{"taxonomy":"product_cat","embeddable":true,"href":"https:\/\/luxuraelite.ro\/sr\/wp-json\/wp\/v2\/product_cat?post=95626"},{"taxonomy":"product_tag","embeddable":true,"href":"https:\/\/luxuraelite.ro\/sr\/wp-json\/wp\/v2\/product_tag?post=95626"}],"curies":[{"name":"wp","href":"https:\/\/api.w.org\/{rel}","templated":true}]}}