{"id":203274,"date":"2025-08-12T15:58:07","date_gmt":"2025-08-12T13:58:07","guid":{"rendered":"https:\/\/luxuraelite.ro\/?post_type=product&#038;p=203274"},"modified":"2025-11-23T00:33:24","modified_gmt":"2025-11-22T22:33:24","slug":"best-deal-gucci-econyl-nylon-monogram-bucket-hat-blue","status":"publish","type":"product","link":"https:\/\/luxuraelite.ro\/sr\/produs\/best-deal-gucci-econyl-nylon-monogram-bucket-hat-blue\/","title":{"rendered":"<span style=\"font-size: 10px; color: rgb(101, 101, 101);letter-spacing: .15em;\">BEST DEAL<\/span><br><strong> GUCCI <\/strong><br><div style=\"margin-top:10px; font-size:16px;\">Econyl Nylon Monogram Bucket Hat Blue<\/div><br>"},"content":{"rendered":"<div class=\"wpb-content-wrapper\"><p>[vc_row][vc_column]<\/p>\n<p>[vc_column_text]<\/p>\n\n        <div class=\"range\">\n            <div class=\"labels ac-one\">\n                <span class=\"label one active\">Nou<\/span>\n                <span class=\"label two \">Excelent<\/span>\n                <span class=\"label three \">Foarte Bun\u0103<\/span>\n                <span class=\"label four \">Bun\u0103<\/span>\n                <span class=\"label five \">Rezonabil<\/span>\n            <\/div>\n        <\/div>\n\n        \n<p>[\/vc_column_text]<\/p>\n<p>[vc_toggle title=&#8220;\u2729 Caracteristici Specifice&#8220; custom_font_container=&#8220;tag:p|font_size:18|text_align:left|line_height:3&#8243; custom_use_theme_fonts=&#8220;yes&#8220; use_custom_heading=&#8220;true&#8220; class=&#8220;&#8222;fa&#8222;&#8220;]<\/p>\n<p>\u0218apca este nou\u0103, f\u0103r\u0103 defecte, \u00eentr-o stare impecabil\u0103. Nu prezint\u0103 urme de purtare, materialul este intact. Perfect\u0103 pentru un plus de rafinament \u00een garderoba dumneavoastr\u0103.<\/p>\n<p class=\"lpoi-preowned\">Acest articol este un produs <span class=\"s1\"><b>pre-owned<\/b><\/span> autentic.<\/p>\n<p>[\/vc_toggle]<\/p>\n<p>[vc_toggle title=&#8220;DETALII&#8220; open=&#8220;true&#8220; custom_font_container=&#8220;tag:h5|font_size:19|text_align:left|line_height:3&#8243; custom_use_theme_fonts=&#8220;yes&#8220; use_custom_heading=&#8220;true&#8220;]<\/p>\n<div class=\"pdp__section-content\" style=\"-webkit-font-smoothing: antialiased; margin: 0px; padding: 0px; display: flex; flex-flow: row wrap; color: #000000; font-family: MaisonNeue-Book; font-size: 14px; font-style: normal; font-weight: 400; letter-spacing: normal; text-align: left; text-indent: 0px; text-transform: none; white-space: normal; background-color: #ffffff;\">\n<div class=\"pdp__section-group \" style=\"-webkit-font-smoothing: antialiased; margin: 0px 0px 25px; padding: 0px 15px 0px 0px; width: 50%;\">\n<div class=\"pdp__group-title\" style=\"-webkit-font-smoothing: antialiased; margin: 0px; padding: 0px; font-family: MaisonNeue-Demi, Helvetica, Arial, sans-serif; font-size: 0.875rem; color: #767676; letter-spacing: 0px; line-height: 24px; display: inline-block;\">Culoare<\/div>\n<div class=\"pdp__group-item\" style=\"-webkit-font-smoothing: antialiased; margin: 0px; padding: 0px; font-family: MaisonNeue-Book, Helvetica, Arial, sans-serif; font-size: 0.875rem; color: #000000; letter-spacing: 0px; line-height: 24px;\">Albastru<\/div>\n<\/div>\n<div class=\"pdp__section-group \" style=\"-webkit-font-smoothing: antialiased; margin: 0px 0px 25px; padding: 0px 15px 0px 0px; width: 50%;\">\n<div class=\"pdp__group-title\" style=\"-webkit-font-smoothing: antialiased; margin: 0px; padding: 0px; font-family: MaisonNeue-Demi, Helvetica, Arial, sans-serif; font-size: 0.875rem; color: #767676; letter-spacing: 0px; line-height: 24px; display: inline-block;\">Material<\/div>\n<div class=\"pdp__group-item\" style=\"-webkit-font-smoothing: antialiased; margin: 0px; padding: 0px; font-family: MaisonNeue-Book, Helvetica, Arial, sans-serif; font-size: 0.875rem; color: #000000; letter-spacing: 0px; line-height: 24px;\">Nylon<\/div>\n<\/div>\n<div class=\"pdp__section-group \" style=\"-webkit-font-smoothing: antialiased; margin: 0px 0px 25px; padding: 0px; width: 50%;\">\n<div class=\"pdp__group-title\" style=\"-webkit-font-smoothing: antialiased; margin: 0px; padding: 0px; font-family: MaisonNeue-Demi, Helvetica, Arial, sans-serif; font-size: 0.875rem; color: #767676; letter-spacing: 0px; line-height: 24px; display: inline-block;\">Vine \u00eenso\u021bit<\/div>\n<div class=\"pdp__group-item\" style=\"-webkit-font-smoothing: antialiased; margin: 0px; padding: 0px; font-family: MaisonNeue-Book, Helvetica, Arial, sans-serif; font-size: 0.875rem; color: #000000; letter-spacing: 0px; line-height: 24px;\">\n<div class=\"pdp__group-item pdp__group-item--li\" style=\"-webkit-font-smoothing: antialiased; margin: 0px; padding: 0px; font-family: MaisonNeue-Book, Helvetica, Arial, sans-serif; font-size: 0.875rem; color: #000000; letter-spacing: 0px; line-height: 24px;\">Dust Bag<\/div>\n<div class=\"pdp__group-item pdp__group-item--li\" style=\"-webkit-font-smoothing: antialiased; margin: 0px; padding: 0px; font-family: MaisonNeue-Book, Helvetica, Arial, sans-serif; font-size: 0.875rem; color: #000000; letter-spacing: 0px; line-height: 24px;\">Certificat de conformitate<\/div>\n<\/div>\n<\/div>\n<div class=\"pdp__section-group \" style=\"-webkit-font-smoothing: antialiased; margin: 0px 0px 25px; padding: 0px 15px 0px 0px; width: 50%;\">\n<div class=\"pdp__group-title\" style=\"-webkit-font-smoothing: antialiased; margin: 0px; padding: 0px; font-family: MaisonNeue-Demi, Helvetica, Arial, sans-serif; font-size: 0.875rem; color: #767676; letter-spacing: 0px; line-height: 24px; display: inline-block;\">Designer ID<\/div>\n<div class=\"pdp__group-item\" style=\"-webkit-font-smoothing: antialiased; margin: 0px; padding: 0px; font-family: MaisonNeue-Book, Helvetica, Arial, sans-serif; font-size: 0.875rem; color: #000000; letter-spacing: 0px; line-height: 24px;\"><\/div>\n<\/div>\n<div class=\"pdp__section-group \" style=\"-webkit-font-smoothing: antialiased; margin: 0px 0px 25px; padding: 0px 15px 0px 0px; width: 150px;\">\n<div class=\"pdp__group-title\" style=\"-webkit-font-smoothing: antialiased; margin: 0px; padding: 0px; font-family: MaisonNeue-Demi, Helvetica, Arial, sans-serif; font-size: 0.875rem; color: #767676; letter-spacing: 0px; line-height: 24px; display: inline-block;\">Loca\u021bie<\/div>\n<div class=\"pdp__group-item\" style=\"-webkit-font-smoothing: antialiased; margin: 0px; padding: 0px; font-family: MaisonNeue-Book, Helvetica, Arial, sans-serif; font-size: 0.875rem; color: #000000; letter-spacing: 0px; line-height: 24px;\">Luxura Boutique<\/div>\n<\/div>\n<\/div>\n<p><span style=\"font-size: 18px; font-weight: 500; color: #767676;\">M\u0103rime &amp; Dimensiuni<\/span><br \/>\nM\u0103rime: L<br \/>\nDiametru: 59 cm<\/p>\n<p>[\/vc_toggle]<\/p>\n<p>[vc_separator]<\/p>\n<p>[vc_toggle title=&#8220;DESCRIERE&#8220; custom_font_container=&#8220;tag:h5|font_size:19|text_align:left|line_height:3&#8243; custom_use_theme_fonts=&#8220;yes&#8220; use_custom_heading=&#8220;true&#8220; css=&#8220;.vc_custom_1659790907923{margin-top: -30px !important;}&#8220;]<\/p>\n<p class=\"lpoi-preowned\" style=\"text-align: justify;\">Acest articol este un produs <span class=\"s1\"><b>pre-owned<\/b><\/span>, autentic \u0219i verificat de exper\u021bii Luxura Elite. Toate produsele noastre provin de la clien\u021bi sau furnizori verifica\u021bi.<br \/>\nMade In Italy.<\/p>\n<p>[\/vc_toggle]<\/p>\n<p>[vc_separator]<\/p>\n<p>[vc_toggle title=&#8220;LIVRARE &amp; RETUR&#8220; custom_font_container=&#8220;tag:h5|font_size:19|text_align:left|line_height:3&#8243; custom_use_theme_fonts=&#8220;yes&#8220; use_custom_heading=&#8220;true&#8220; css=&#8220;.vc_custom_1659790915357{margin-top: -30px !important;}&#8220;]<\/p>\n<p style=\"text-align: justify;\">Expedierea intern\u0103 standard \u00een Romania este <strong>GRATUIT\u0102.<\/strong><\/p>\n<p style=\"text-align: justify;\">Transportul include: <strong>asigurare, confirmare semn\u0103tur\u0103 \u0219i ambalaj de calitate superioar\u0103<\/strong>. Toate articolele vor fi expediate, \u00een general, \u00een termen de 3 zile lucr\u0103toare de la confirmarea pl\u0103\u021bii. Termenii de livrare se calculeaz\u0103 \u00een zile lucr\u0103toare (de luni p\u00e2n\u0103 vineri, cu excep\u021bia s\u0103rb\u0103torilor legale).<\/p>\n<p style=\"text-align: justify;\">Returneaz\u0103: Da! Vrem s\u0103 fi\u021bi mul\u021bumit de achizi\u021bia dvs. Articolul poate fi returnat c\u0103tre Luxura Elite Club \u00een termen de 14 de zile de la data achizi\u021biei (dac\u0103 achizi\u021bia se face prin plat\u0103 integral\u0103 \u00een avans sau la livrare, NU \u00een sistem de rate ), cu etichetele de siguran\u021ba ata\u0219ate \u0219i \u00een starea ini\u021bial\u0103 pentru a primi o rambursare complet\u0103. Vede\u021bi aici politica complet\u0103 de returnare.<\/p>\n<div>\n<div role=\"button\"><a href=\"https:\/\/d3lgebelm9dr8d.cloudfront.net\/wp-content\/uploads\/2024\/10\/28142806\/qr-code-22.png\"><img loading=\"lazy\" decoding=\"async\" class=\"alignnone wp-image-162987\" src=\"https:\/\/d3lgebelm9dr8d.cloudfront.net\/wp-content\/uploads\/2024\/10\/28142806\/qr-code-22-300x300.png\" alt=\"\" width=\"120\" height=\"120\" srcset=\"https:\/\/d3lgebelm9dr8d.cloudfront.net\/wp-content\/uploads\/2024\/10\/28142806\/qr-code-22-300x300.png 300w, https:\/\/d3lgebelm9dr8d.cloudfront.net\/wp-content\/uploads\/2024\/10\/28142806\/qr-code-22-1024x1024.png 1024w, https:\/\/d3lgebelm9dr8d.cloudfront.net\/wp-content\/uploads\/2024\/10\/28142806\/qr-code-22-150x150.png 150w, https:\/\/d3lgebelm9dr8d.cloudfront.net\/wp-content\/uploads\/2024\/10\/28142806\/qr-code-22-768x768.png 768w, https:\/\/d3lgebelm9dr8d.cloudfront.net\/wp-content\/uploads\/2024\/10\/28142806\/qr-code-22-1536x1536.png 1536w, https:\/\/d3lgebelm9dr8d.cloudfront.net\/wp-content\/uploads\/2024\/10\/28142806\/qr-code-22-2048x2048.png 2048w, https:\/\/d3lgebelm9dr8d.cloudfront.net\/wp-content\/uploads\/2024\/10\/28142806\/qr-code-22-840x840.png 840w, https:\/\/d3lgebelm9dr8d.cloudfront.net\/wp-content\/uploads\/2024\/10\/28142806\/qr-code-22-80x80.png 80w\" sizes=\"auto, (max-width: 120px) 100vw, 120px\" \/><\/a><\/div>\n<div role=\"button\">\n<div>\n<div role=\"button\"><span class=\"sc-beySbM jyPPDw\">S8Q3ST3124<\/span><\/div>\n<\/div>\n<\/div>\n<\/div>\n<p>[\/vc_toggle]<\/p>\n<p>[vc_separator]<\/p>\n<p>[\/vc_column][\/vc_row]<\/p>\n<p><span style=\"color: #595959; font-family: Metropolis, 'Helvetica Neue', Helvetica, Arial, sans-serif; font-size: 10.26px; font-style: normal; font-weight: 200; letter-spacing: normal; text-align: start; text-indent: 0px; text-transform: none; white-space: normal; background-color: #ffffff; display: inline !important; float: none;\">GUCCI\u00a0 este marc\u0103 \u00eenregistrat\u0103 GUCCI . Luxura Elite nu este afiliat\u0103 cu GUCCI .<\/span><\/p>\n<\/div>","protected":false},"excerpt":{"rendered":"<p>[vc_row][vc_column] [vc_column_text] [\/vc_column_text] [vc_toggle title=&#8220;\u2729 Caracteristici Specifice&#8220; custom_font_container=&#8220;tag:p|font_size:18|text_align:left|line_height:3&#8243; custom_use_theme_fonts=&#8220;yes&#8220; use_custom_heading=&#8220;true&#8220; class=&#8220;&#8222;fa&#8222;&#8220;] \u0218apca este nou\u0103, f\u0103r\u0103 defecte, \u00eentr-o stare impecabil\u0103. Nu prezint\u0103 urme de purtare, materialul este intact. Perfect\u0103 pentru un&hellip;<\/p>\n","protected":false},"featured_media":205182,"template":"","meta":{"_acf_changed":false},"product_brand":[],"product_cat":[1524,2603,1522,193,191,416],"product_tag":[203],"class_list":{"0":"post-203274","1":"product","2":"type-product","3":"status-publish","4":"has-post-thumbnail","6":"product_cat-all-day-every-day","7":"product_cat-blackfriday-exclusive","8":"product_cat-lucy-faur","9":"product_cat-luxura-boutique","10":"product_cat-accesorii-2","11":"product_cat-hats","12":"product_tag-gucci","13":"pa_badge-best-deal","14":"pa_categorie-accesorii-2","15":"pa_categorie-sapca-gucci","16":"pa_conditie-nou","17":"pa_designeri-gucci","18":"pa_pentru-femei","19":"pa_subcategorie-hats","21":"first","22":"outofstock","23":"shipping-taxable","24":"purchasable","25":"product-type-simple","26":"add-to-wishlist-before_image"},"acf":[],"yoast_head":"<!-- This site is optimized with the Yoast SEO Premium plugin v27.1 (Yoast SEO v27.1.1) - https:\/\/yoast.com\/product\/yoast-seo-premium-wordpress\/ -->\n<title>GUCCI Econyl Nylon Monogram Bucket Hat Blue<\/title>\n<meta name=\"description\" content=\"Descoper\u0103 GUCCI Econyl Nylon Monogram Bucket Hat Blue pre-owned. Descoper\u0103 o selec\u021bie diversificat\u0103 de stiluri de accesorii GUCCI.\" \/>\n<meta name=\"robots\" content=\"index, follow, max-snippet:-1, max-image-preview:large, max-video-preview:-1\" \/>\n<link rel=\"canonical\" href=\"https:\/\/luxuraelite.ro\/sr\/produs\/best-deal-gucci-econyl-nylon-monogram-bucket-hat-blue\/\" \/>\n<meta property=\"og:locale\" content=\"sr_RS\" \/>\n<meta property=\"og:type\" content=\"article\" \/>\n<meta property=\"og:title\" content=\"GUCCI Econyl Nylon Monogram Bucket Hat Blue\" \/>\n<meta property=\"og:description\" content=\"Descoper\u0103 GUCCI Econyl Nylon Monogram Bucket Hat Blue pre-owned. Descoper\u0103 o selec\u021bie diversificat\u0103 de stiluri de accesorii GUCCI.\" \/>\n<meta property=\"og:url\" content=\"https:\/\/luxuraelite.ro\/sr\/produs\/best-deal-gucci-econyl-nylon-monogram-bucket-hat-blue\/\" \/>\n<meta property=\"og:site_name\" content=\"LUXURA\" \/>\n<meta property=\"article:publisher\" content=\"https:\/\/www.facebook.com\/luxuraelite\" \/>\n<meta property=\"article:modified_time\" content=\"2025-11-22T22:33:24+00:00\" \/>\n<meta property=\"og:image\" content=\"https:\/\/d3lgebelm9dr8d.cloudfront.net\/wp-content\/uploads\/2025\/12\/12094928\/C5D48703-scaled.jpg\" \/>\n\t<meta property=\"og:image:width\" content=\"1707\" \/>\n\t<meta property=\"og:image:height\" content=\"2560\" \/>\n\t<meta property=\"og:image:type\" content=\"image\/jpeg\" \/>\n<meta name=\"twitter:card\" content=\"summary_large_image\" \/>\n<meta name=\"twitter:title\" content=\"GUCCI Econyl Nylon Monogram Bucket Hat Blue\" \/>\n<meta name=\"twitter:description\" content=\"Descoper\u0103 GUCCI Econyl Nylon Monogram Bucket Hat Blue pre-owned. Descoper\u0103 o selec\u021bie diversificat\u0103 de stiluri de accesorii GUCCI.\" \/>\n<meta name=\"twitter:label1\" content=\"Price\" \/>\n\t<meta name=\"twitter:data1\" content=\"1.500,00&nbsp;lei\" \/>\n\t<meta name=\"twitter:label2\" content=\"Availability\" \/>\n\t<meta name=\"twitter:data2\" content=\"Out of stock\" \/>\n<script type=\"application\/ld+json\" class=\"yoast-schema-graph\">{\"@context\":\"https:\/\/schema.org\",\"@graph\":[{\"@type\":\"WebPage\",\"@id\":\"https:\/\/luxuraelite.ro\/sr\/produs\/best-deal-gucci-econyl-nylon-monogram-bucket-hat-blue\/\",\"url\":\"https:\/\/luxuraelite.ro\/sr\/produs\/best-deal-gucci-econyl-nylon-monogram-bucket-hat-blue\/\",\"name\":\"GUCCI Econyl Nylon Monogram Bucket Hat Blue\",\"isPartOf\":{\"@id\":\"https:\/\/luxuraelite.ro\/sr\/#website\"},\"primaryImageOfPage\":{\"@id\":\"https:\/\/luxuraelite.ro\/sr\/produs\/best-deal-gucci-econyl-nylon-monogram-bucket-hat-blue\/#primaryimage\"},\"image\":{\"@id\":\"https:\/\/luxuraelite.ro\/sr\/produs\/best-deal-gucci-econyl-nylon-monogram-bucket-hat-blue\/#primaryimage\"},\"thumbnailUrl\":\"https:\/\/d3lgebelm9dr8d.cloudfront.net\/wp-content\/uploads\/2025\/12\/12094928\/C5D48703-scaled.jpg\",\"datePublished\":\"2025-08-12T13:58:07+00:00\",\"dateModified\":\"2025-11-22T22:33:24+00:00\",\"description\":\"Descoper\u0103 GUCCI Econyl Nylon Monogram Bucket Hat Blue pre-owned. Descoper\u0103 o selec\u021bie diversificat\u0103 de stiluri de accesorii GUCCI.\",\"breadcrumb\":{\"@id\":\"https:\/\/luxuraelite.ro\/sr\/produs\/best-deal-gucci-econyl-nylon-monogram-bucket-hat-blue\/#breadcrumb\"},\"inLanguage\":\"sr-RS\",\"potentialAction\":[{\"@type\":\"ReadAction\",\"target\":[\"https:\/\/luxuraelite.ro\/sr\/produs\/best-deal-gucci-econyl-nylon-monogram-bucket-hat-blue\/\"]}]},{\"@type\":\"ImageObject\",\"inLanguage\":\"sr-RS\",\"@id\":\"https:\/\/luxuraelite.ro\/sr\/produs\/best-deal-gucci-econyl-nylon-monogram-bucket-hat-blue\/#primaryimage\",\"url\":\"https:\/\/d3lgebelm9dr8d.cloudfront.net\/wp-content\/uploads\/2025\/12\/12094928\/C5D48703-scaled.jpg\",\"contentUrl\":\"https:\/\/d3lgebelm9dr8d.cloudfront.net\/wp-content\/uploads\/2025\/12\/12094928\/C5D48703-scaled.jpg\",\"width\":1707,\"height\":2560,\"caption\":\"Accesorii | GUCCI Econyl Nylon Monogram Bucket Hat Blue\"},{\"@type\":\"BreadcrumbList\",\"@id\":\"https:\/\/luxuraelite.ro\/sr\/produs\/best-deal-gucci-econyl-nylon-monogram-bucket-hat-blue\/#breadcrumb\",\"itemListElement\":[{\"@type\":\"ListItem\",\"position\":1,\"name\":\"Prima pagin\u0103\",\"item\":\"https:\/\/luxuraelite.ro\/sr\/\"},{\"@type\":\"ListItem\",\"position\":2,\"name\":\"Magazin\",\"item\":\"https:\/\/luxuraelite.ro\/magazin\/\"},{\"@type\":\"ListItem\",\"position\":3,\"name\":\"BEST DEAL GUCCI Econyl Nylon Monogram Bucket Hat Blue\"}]},{\"@type\":\"WebSite\",\"@id\":\"https:\/\/luxuraelite.ro\/sr\/#website\",\"url\":\"https:\/\/luxuraelite.ro\/sr\/\",\"name\":\"LUXURA\",\"description\":\"For the woman who deserves it\",\"publisher\":{\"@id\":\"https:\/\/luxuraelite.ro\/sr\/#organization\"},\"alternateName\":\"Luxura Elite\",\"potentialAction\":[{\"@type\":\"SearchAction\",\"target\":{\"@type\":\"EntryPoint\",\"urlTemplate\":\"https:\/\/luxuraelite.ro\/sr\/?s={search_term_string}\"},\"query-input\":{\"@type\":\"PropertyValueSpecification\",\"valueRequired\":true,\"valueName\":\"search_term_string\"}}],\"inLanguage\":\"sr-RS\"},{\"@type\":\"Organization\",\"@id\":\"https:\/\/luxuraelite.ro\/sr\/#organization\",\"name\":\"Luxura Elite\",\"alternateName\":\"Luxura\",\"url\":\"https:\/\/luxuraelite.ro\/sr\/\",\"logo\":{\"@type\":\"ImageObject\",\"inLanguage\":\"sr-RS\",\"@id\":\"https:\/\/luxuraelite.ro\/sr\/#\/schema\/logo\/image\/\",\"url\":\"https:\/\/luxuraelite.ro\/wp-content\/uploads\/2021\/08\/logo_dark.png\",\"contentUrl\":\"https:\/\/luxuraelite.ro\/wp-content\/uploads\/2021\/08\/logo_dark.png\",\"width\":1001,\"height\":778,\"caption\":\"Luxura Elite\"},\"image\":{\"@id\":\"https:\/\/luxuraelite.ro\/sr\/#\/schema\/logo\/image\/\"},\"sameAs\":[\"https:\/\/www.facebook.com\/luxuraelite\",\"https:\/\/www.instagram.com\/luxuraelite\/\"],\"description\":\"LUXURA ELITE BOUTIQUE is the pinnacle, a meticulously curated space both online and offline, where you can find luxury pre-owned items evaluated and authenticated with a very high level of expertise and accuracy. The Luxura Elite team is dedicated to finding the most sought-after and desired ultra-luxury pieces from the world's top brands, pieces that you can confidently add to your wardrobe.\",\"email\":\"suport@luxuraelite.ro\",\"telephone\":\"40374414660\",\"legalName\":\"Luxura Elite Club\",\"foundingDate\":\"2019-04-29\",\"vatID\":\"RO43428737\",\"numberOfEmployees\":{\"@type\":\"QuantitativeValue\",\"minValue\":\"1\",\"maxValue\":\"10\"},\"publishingPrinciples\":\"https:\/\/luxuraelite.ro\/despre-noi\/\",\"actionableFeedbackPolicy\":\"https:\/\/luxuraelite.ro\/feedback-clienti\/\",\"correctionsPolicy\":\"https:\/\/luxuraelite.ro\/politica-privind-protectia-datelor-cu-caracter-personal\/\",\"ethicsPolicy\":\"https:\/\/luxuraelite.ro\/politica-privind-protectia-datelor-cu-caracter-personal\/\",\"hasMerchantReturnPolicy\":{\"@type\":\"MerchantReturnPolicy\",\"merchantReturnLink\":\"https:\/\/luxuraelite.ro\/cerere-de-retur\/\"}}]}<\/script>\n<meta property=\"product:brand\" content=\"Gucci\" \/>\n<meta property=\"product:price:amount\" content=\"1500.00\" \/>\n<meta property=\"product:price:currency\" content=\"RON\" \/>\n<meta property=\"og:availability\" content=\"out of stock\" \/>\n<meta property=\"product:availability\" content=\"out of stock\" \/>\n<meta property=\"product:retailer_item_id\" content=\"ACLEB00203274\" \/>\n<meta property=\"product:condition\" content=\"new\" \/>\n<!-- \/ Yoast SEO Premium plugin. -->","yoast_head_json":{"title":"GUCCI Econyl Nylon Monogram Bucket Hat Blue","description":"Descoper\u0103 GUCCI Econyl Nylon Monogram Bucket Hat Blue pre-owned. Descoper\u0103 o selec\u021bie diversificat\u0103 de stiluri de accesorii GUCCI.","robots":{"index":"index","follow":"follow","max-snippet":"max-snippet:-1","max-image-preview":"max-image-preview:large","max-video-preview":"max-video-preview:-1"},"canonical":"https:\/\/luxuraelite.ro\/sr\/produs\/best-deal-gucci-econyl-nylon-monogram-bucket-hat-blue\/","og_locale":"sr_RS","og_type":"article","og_title":"GUCCI Econyl Nylon Monogram Bucket Hat Blue","og_description":"Descoper\u0103 GUCCI Econyl Nylon Monogram Bucket Hat Blue pre-owned. Descoper\u0103 o selec\u021bie diversificat\u0103 de stiluri de accesorii GUCCI.","og_url":"https:\/\/luxuraelite.ro\/sr\/produs\/best-deal-gucci-econyl-nylon-monogram-bucket-hat-blue\/","og_site_name":"LUXURA","article_publisher":"https:\/\/www.facebook.com\/luxuraelite","article_modified_time":"2025-11-22T22:33:24+00:00","og_image":[{"width":1707,"height":2560,"url":"https:\/\/d3lgebelm9dr8d.cloudfront.net\/wp-content\/uploads\/2025\/12\/12094928\/C5D48703-scaled.jpg","type":"image\/jpeg"}],"twitter_card":"summary_large_image","twitter_title":"GUCCI Econyl Nylon Monogram Bucket Hat Blue","twitter_description":"Descoper\u0103 GUCCI Econyl Nylon Monogram Bucket Hat Blue pre-owned. Descoper\u0103 o selec\u021bie diversificat\u0103 de stiluri de accesorii GUCCI.","twitter_misc":{"Price":"1.500,00&nbsp;lei","Availability":"Out of stock"},"schema":{"@context":"https:\/\/schema.org","@graph":[{"@type":"WebPage","@id":"https:\/\/luxuraelite.ro\/sr\/produs\/best-deal-gucci-econyl-nylon-monogram-bucket-hat-blue\/","url":"https:\/\/luxuraelite.ro\/sr\/produs\/best-deal-gucci-econyl-nylon-monogram-bucket-hat-blue\/","name":"GUCCI Econyl Nylon Monogram Bucket Hat Blue","isPartOf":{"@id":"https:\/\/luxuraelite.ro\/sr\/#website"},"primaryImageOfPage":{"@id":"https:\/\/luxuraelite.ro\/sr\/produs\/best-deal-gucci-econyl-nylon-monogram-bucket-hat-blue\/#primaryimage"},"image":{"@id":"https:\/\/luxuraelite.ro\/sr\/produs\/best-deal-gucci-econyl-nylon-monogram-bucket-hat-blue\/#primaryimage"},"thumbnailUrl":"https:\/\/d3lgebelm9dr8d.cloudfront.net\/wp-content\/uploads\/2025\/12\/12094928\/C5D48703-scaled.jpg","datePublished":"2025-08-12T13:58:07+00:00","dateModified":"2025-11-22T22:33:24+00:00","description":"Descoper\u0103 GUCCI Econyl Nylon Monogram Bucket Hat Blue pre-owned. Descoper\u0103 o selec\u021bie diversificat\u0103 de stiluri de accesorii GUCCI.","breadcrumb":{"@id":"https:\/\/luxuraelite.ro\/sr\/produs\/best-deal-gucci-econyl-nylon-monogram-bucket-hat-blue\/#breadcrumb"},"inLanguage":"sr-RS","potentialAction":[{"@type":"ReadAction","target":["https:\/\/luxuraelite.ro\/sr\/produs\/best-deal-gucci-econyl-nylon-monogram-bucket-hat-blue\/"]}]},{"@type":"ImageObject","inLanguage":"sr-RS","@id":"https:\/\/luxuraelite.ro\/sr\/produs\/best-deal-gucci-econyl-nylon-monogram-bucket-hat-blue\/#primaryimage","url":"https:\/\/d3lgebelm9dr8d.cloudfront.net\/wp-content\/uploads\/2025\/12\/12094928\/C5D48703-scaled.jpg","contentUrl":"https:\/\/d3lgebelm9dr8d.cloudfront.net\/wp-content\/uploads\/2025\/12\/12094928\/C5D48703-scaled.jpg","width":1707,"height":2560,"caption":"Accesorii | GUCCI Econyl Nylon Monogram Bucket Hat Blue"},{"@type":"BreadcrumbList","@id":"https:\/\/luxuraelite.ro\/sr\/produs\/best-deal-gucci-econyl-nylon-monogram-bucket-hat-blue\/#breadcrumb","itemListElement":[{"@type":"ListItem","position":1,"name":"Prima pagin\u0103","item":"https:\/\/luxuraelite.ro\/sr\/"},{"@type":"ListItem","position":2,"name":"Magazin","item":"https:\/\/luxuraelite.ro\/magazin\/"},{"@type":"ListItem","position":3,"name":"BEST DEAL GUCCI Econyl Nylon Monogram Bucket Hat Blue"}]},{"@type":"WebSite","@id":"https:\/\/luxuraelite.ro\/sr\/#website","url":"https:\/\/luxuraelite.ro\/sr\/","name":"LUXURA","description":"For the woman who deserves it","publisher":{"@id":"https:\/\/luxuraelite.ro\/sr\/#organization"},"alternateName":"Luxura Elite","potentialAction":[{"@type":"SearchAction","target":{"@type":"EntryPoint","urlTemplate":"https:\/\/luxuraelite.ro\/sr\/?s={search_term_string}"},"query-input":{"@type":"PropertyValueSpecification","valueRequired":true,"valueName":"search_term_string"}}],"inLanguage":"sr-RS"},{"@type":"Organization","@id":"https:\/\/luxuraelite.ro\/sr\/#organization","name":"Luxura Elite","alternateName":"Luxura","url":"https:\/\/luxuraelite.ro\/sr\/","logo":{"@type":"ImageObject","inLanguage":"sr-RS","@id":"https:\/\/luxuraelite.ro\/sr\/#\/schema\/logo\/image\/","url":"https:\/\/luxuraelite.ro\/wp-content\/uploads\/2021\/08\/logo_dark.png","contentUrl":"https:\/\/luxuraelite.ro\/wp-content\/uploads\/2021\/08\/logo_dark.png","width":1001,"height":778,"caption":"Luxura Elite"},"image":{"@id":"https:\/\/luxuraelite.ro\/sr\/#\/schema\/logo\/image\/"},"sameAs":["https:\/\/www.facebook.com\/luxuraelite","https:\/\/www.instagram.com\/luxuraelite\/"],"description":"LUXURA ELITE BOUTIQUE is the pinnacle, a meticulously curated space both online and offline, where you can find luxury pre-owned items evaluated and authenticated with a very high level of expertise and accuracy. The Luxura Elite team is dedicated to finding the most sought-after and desired ultra-luxury pieces from the world's top brands, pieces that you can confidently add to your wardrobe.","email":"suport@luxuraelite.ro","telephone":"40374414660","legalName":"Luxura Elite Club","foundingDate":"2019-04-29","vatID":"RO43428737","numberOfEmployees":{"@type":"QuantitativeValue","minValue":"1","maxValue":"10"},"publishingPrinciples":"https:\/\/luxuraelite.ro\/despre-noi\/","actionableFeedbackPolicy":"https:\/\/luxuraelite.ro\/feedback-clienti\/","correctionsPolicy":"https:\/\/luxuraelite.ro\/politica-privind-protectia-datelor-cu-caracter-personal\/","ethicsPolicy":"https:\/\/luxuraelite.ro\/politica-privind-protectia-datelor-cu-caracter-personal\/","hasMerchantReturnPolicy":{"@type":"MerchantReturnPolicy","merchantReturnLink":"https:\/\/luxuraelite.ro\/cerere-de-retur\/"}}]},"product_brand":"Gucci","product_price_amount":"1500.00","product_price_currency":"RON","og_availability":"out of stock","product_availability":"out of stock","product_retailer_item_id":"ACLEB00203274","product_condition":"new"},"df_price":1500,"df_sale_price":"","df_regular_price":1500,"df_image_link":"https:\/\/d3lgebelm9dr8d.cloudfront.net\/wp-content\/uploads\/2025\/12\/12094928\/C5D48703-683x1024.jpg","_links":{"self":[{"href":"https:\/\/luxuraelite.ro\/sr\/wp-json\/wp\/v2\/product\/203274","targetHints":{"allow":["GET"]}}],"collection":[{"href":"https:\/\/luxuraelite.ro\/sr\/wp-json\/wp\/v2\/product"}],"about":[{"href":"https:\/\/luxuraelite.ro\/sr\/wp-json\/wp\/v2\/types\/product"}],"wp:featuredmedia":[{"embeddable":true,"href":"https:\/\/luxuraelite.ro\/sr\/wp-json\/wp\/v2\/media\/205182"}],"wp:attachment":[{"href":"https:\/\/luxuraelite.ro\/sr\/wp-json\/wp\/v2\/media?parent=203274"}],"wp:term":[{"taxonomy":"product_brand","embeddable":true,"href":"https:\/\/luxuraelite.ro\/sr\/wp-json\/wp\/v2\/product_brand?post=203274"},{"taxonomy":"product_cat","embeddable":true,"href":"https:\/\/luxuraelite.ro\/sr\/wp-json\/wp\/v2\/product_cat?post=203274"},{"taxonomy":"product_tag","embeddable":true,"href":"https:\/\/luxuraelite.ro\/sr\/wp-json\/wp\/v2\/product_tag?post=203274"}],"curies":[{"name":"wp","href":"https:\/\/api.w.org\/{rel}","templated":true}]}}