{"id":80855,"date":"2023-01-31T19:30:27","date_gmt":"2023-01-31T17:30:27","guid":{"rendered":"https:\/\/luxuraelite.ro\/?post_type=product&#038;p=80855"},"modified":"2025-05-09T08:33:15","modified_gmt":"2025-05-09T06:33:15","slug":"fendi-silk-scarf-cipria","status":"publish","type":"product","link":"https:\/\/luxuraelite.ro\/hu\/produs\/fendi-silk-scarf-cipria\/","title":{"rendered":"<strong> FENDI <\/strong><br><div style=\"margin-top:10px; font-size:16px;\">Silk Scarf Cipria <\/div><br>"},"content":{"rendered":"<div class=\"wpb-content-wrapper\"><p>[vc_row][vc_column]<\/p>\n<p>[vc_column_text]<\/p>\n\n        <div class=\"range\">\n            <div class=\"labels ac-one\">\n                <span class=\"label one active\">Nou<\/span>\n                <span class=\"label two \">Excelent<\/span>\n                <span class=\"label three \">Foarte Bun\u0103<\/span>\n                <span class=\"label four \">Bun\u0103<\/span>\n                <span class=\"label five \">Rezonabil<\/span>\n            <\/div>\n        <\/div>\n\n        \n<p>[\/vc_column_text]<\/p>\n<p>[vc_toggle title=&#8221;\u2729 Caracteristici Specifice&#8221; custom_font_container=&#8221;tag:p|font_size:18|text_align:left|line_height:3&#8243; custom_use_theme_fonts=&#8221;yes&#8221; use_custom_heading=&#8221;true&#8221; class=&#8221;&#8222;fa&#8222;&#8221;]<\/p>\n<p>Pre-owned nepurtat, nu prezint\u0103 absolut niciun semn de uzur\u0103.<\/p>\n<p>[\/vc_toggle]<\/p>\n<p>[vc_toggle title=&#8221;DETALII&#8221; open=&#8221;true&#8221; custom_font_container=&#8221;tag:h5|font_size:19|text_align:left|line_height:3&#8243; custom_use_theme_fonts=&#8221;yes&#8221; use_custom_heading=&#8221;true&#8221;]<\/p>\n<div class=\"pdp__section-content\" style=\"box-sizing: border-box; -webkit-font-smoothing: antialiased; margin: 0px; padding: 0px; display: flex; flex-flow: row wrap; color: #000000; font-family: MaisonNeue-Book; font-size: 14px; font-style: normal; font-variant-ligatures: normal; font-variant-caps: normal; font-weight: 400; letter-spacing: normal; orphans: 2; text-align: left; text-indent: 0px; text-transform: none; white-space: normal; widows: 2; word-spacing: 0px; -webkit-text-stroke-width: 0px; background-color: #ffffff; text-decoration-thickness: initial; text-decoration-style: initial; text-decoration-color: initial;\">\n<div class=\"pdp__section-group \" style=\"box-sizing: border-box; -webkit-font-smoothing: antialiased; margin: 0px 0px 25px; padding: 0px 15px 0px 0px; width: 50%;\">\n<div class=\"pdp__group-title\" style=\"box-sizing: border-box; -webkit-font-smoothing: antialiased; margin: 0px; padding: 0px; font-family: MaisonNeue-Demi, Helvetica, Arial, sans-serif; font-size: 0.875rem; color: #767676; letter-spacing: 0px; line-height: 24px; display: inline-block;\">Culoare<\/div>\n<div class=\"pdp__group-item\" style=\"box-sizing: border-box; -webkit-font-smoothing: antialiased; margin: 0px; padding: 0px; font-family: MaisonNeue-Book, Helvetica, Arial, sans-serif; font-size: 0.875rem; color: #000000; letter-spacing: 0px; line-height: 24px;\">Negru\/ Roz\/ Alb<\/div>\n<\/div>\n<div class=\"pdp__section-group \" style=\"box-sizing: border-box; -webkit-font-smoothing: antialiased; margin: 0px 0px 25px; padding: 0px 15px 0px 0px; width: 50%;\">\n<div class=\"pdp__group-title\" style=\"box-sizing: border-box; -webkit-font-smoothing: antialiased; margin: 0px; padding: 0px; font-family: MaisonNeue-Demi, Helvetica, Arial, sans-serif; font-size: 0.875rem; color: #767676; letter-spacing: 0px; line-height: 24px; display: inline-block;\">Material<\/div>\n<div class=\"pdp__group-item\" style=\"box-sizing: border-box; -webkit-font-smoothing: antialiased; margin: 0px; padding: 0px; font-family: MaisonNeue-Book, Helvetica, Arial, sans-serif; font-size: 0.875rem; color: #000000; letter-spacing: 0px; line-height: 24px;\">100% matase<\/div>\n<\/div>\n<div class=\"pdp__section-group \" style=\"box-sizing: border-box; -webkit-font-smoothing: antialiased; margin: 0px 0px 25px; padding: 0px; width: 50%;\">\n<div class=\"pdp__group-title\" style=\"box-sizing: border-box; -webkit-font-smoothing: antialiased; margin: 0px; padding: 0px; font-family: MaisonNeue-Demi, Helvetica, Arial, sans-serif; font-size: 0.875rem; color: #767676; letter-spacing: 0px; line-height: 24px; display: inline-block;\">Vine \u00eenso\u021bit<\/div>\n<div class=\"pdp__group-item\" style=\"box-sizing: border-box; -webkit-font-smoothing: antialiased; margin: 0px; padding: 0px; font-family: MaisonNeue-Book, Helvetica, Arial, sans-serif; font-size: 0.875rem; color: #000000; letter-spacing: 0px; line-height: 24px;\">\n<div class=\"pdp__group-item pdp__group-item--li\" style=\"box-sizing: border-box; -webkit-font-smoothing: antialiased; margin: 0px; padding: 0px; font-family: MaisonNeue-Book, Helvetica, Arial, sans-serif; font-size: 0.875rem; color: #000000; letter-spacing: 0px; line-height: 24px;\">Certificat de conformitate<\/div>\n<div>Cutie Luxura<\/div>\n<div>Dustbag<\/div>\n<\/div>\n<\/div>\n<div class=\"pdp__section-group \" style=\"box-sizing: border-box; -webkit-font-smoothing: antialiased; margin: 0px 0px 25px; padding: 0px 15px 0px 0px; width: 50%;\">\n<div class=\"pdp__group-title\" style=\"box-sizing: border-box; -webkit-font-smoothing: antialiased; margin: 0px; padding: 0px; font-family: MaisonNeue-Demi, Helvetica, Arial, sans-serif; font-size: 0.875rem; color: #767676; letter-spacing: 0px; line-height: 24px; display: inline-block;\">Designer ID<\/div>\n<div class=\"pdp__group-item\" style=\"box-sizing: border-box; -webkit-font-smoothing: antialiased; margin: 0px; padding: 0px; font-family: MaisonNeue-Book, Helvetica, Arial, sans-serif; font-size: 0.875rem; color: #000000; letter-spacing: 0px; line-height: 24px;\">FXT091ALSD<\/div>\n<\/div>\n<div class=\"pdp__section-group \" style=\"box-sizing: border-box; -webkit-font-smoothing: antialiased; margin: 0px 0px 25px; padding: 0px 15px 0px 0px; width: 150px;\">\n<div class=\"pdp__group-title\" style=\"box-sizing: border-box; -webkit-font-smoothing: antialiased; margin: 0px; padding: 0px; font-family: MaisonNeue-Demi, Helvetica, Arial, sans-serif; font-size: 0.875rem; color: #767676; letter-spacing: 0px; line-height: 24px; display: inline-block;\">Loca\u021bie<\/div>\n<div class=\"pdp__group-item\" style=\"box-sizing: border-box; -webkit-font-smoothing: antialiased; margin: 0px; padding: 0px; font-family: MaisonNeue-Book, Helvetica, Arial, sans-serif; font-size: 0.875rem; color: #000000; letter-spacing: 0px; line-height: 24px;\">Exclusiv Online<\/div>\n<\/div>\n<\/div>\n<p><span style=\"font-size: 18px; font-weight: 500; color: #767676;\">M\u0103rime &amp; Dimensiuni<\/span><br \/>\nL\u0103\u021bime:\u00a0 \u00a0 90 cm<br \/>\nLungime: 90 cm<\/p>\n<p>[\/vc_toggle]<\/p>\n<p>[vc_separator]<\/p>\n<p>[vc_toggle title=&#8221;DESCRIERE&#8221; custom_font_container=&#8221;tag:h5|font_size:19|text_align:left|line_height:3&#8243; custom_use_theme_fonts=&#8221;yes&#8221; use_custom_heading=&#8221;true&#8221; css=&#8221;.vc_custom_1659790907923{margin-top: -30px !important;}&#8221;]<\/p>\n<p style=\"text-align: justify;\">Aceast\u0103 minunat\u0103 e\u0219arf\u0103 din m\u0103tase natural\u0103 are nuan\u021ba numit\u0103 de italieni Cipria &#8211; un roz pal, pudrat, asem\u0103n\u0103tor cenu\u0219ii de trandafir.<br \/>\nImprimeul cu F-urile simbol stilizate ale casei Fendi, este elegant, f\u0103r\u0103 s\u0103 atrag\u0103 exagerat aten\u021bia asupra brandului.<br \/>\nEste o e\u0219arf\u0103 de baz\u0103 \u00een colec\u021bia de accesorii, culoarea \u0219i dimensiunea fac s\u0103 poate fi purtat\u0103 \u00eentr-o multitudine de situa\u021bii, asortat\u0103 multor \u021binute.<\/p>\n<p>[\/vc_toggle]<\/p>\n<p>[vc_separator]<\/p>\n<p>[vc_toggle title=&#8221;LIVRARE &amp; RETUR&#8221; custom_font_container=&#8221;tag:h5|font_size:19|text_align:left|line_height:3&#8243; custom_use_theme_fonts=&#8221;yes&#8221; use_custom_heading=&#8221;true&#8221; css=&#8221;.vc_custom_1659790915357{margin-top: -30px !important;}&#8221;]<\/p>\n<p style=\"text-align: justify;\">Expedierea intern\u0103 standard \u00een Romania este <strong>GRATUIT\u0102.<\/strong><\/p>\n<p style=\"text-align: justify;\">Transportul include: <strong>asigurare, confirmare semn\u0103tur\u0103 \u0219i ambalaj de calitate superioar\u0103<\/strong>. Toate articolele vor fi expediate, \u00een general, \u00een termen de 3 zile lucr\u0103toare de la confirmarea pl\u0103\u021bii. Termenii de livrare se calculeaz\u0103 \u00een zile lucr\u0103toare (de luni p\u00e2n\u0103 vineri, cu excep\u021bia s\u0103rb\u0103torilor legale).<\/p>\n<p style=\"text-align: justify;\">Returneaz\u0103: Da! Vrem s\u0103 fi\u021bi mul\u021bumit de achizi\u021bia dvs. Articolul poate fi returnat c\u0103tre Luxura Elite Club \u00een termen de 14 de zile de la data achizi\u021biei (dac\u0103 achizi\u021bia se face prin plat\u0103 integral\u0103 \u00een avans sau la livrare, NU \u00een sistem de rate ), cu etichetele de siguran\u021ba ata\u0219ate \u0219i \u00een starea ini\u021bial\u0103 pentru a primi o rambursare complet\u0103. Vede\u021bi aici politica complet\u0103 de returnare.<\/p>\n<p><a href=\"https:\/\/d3lgebelm9dr8d.cloudfront.net\/wp-content\/uploads\/2023\/01\/07001909\/qr-code-47.png\"><img loading=\"lazy\" decoding=\"async\" class=\"alignnone wp-image-80857\" src=\"https:\/\/d3lgebelm9dr8d.cloudfront.net\/wp-content\/uploads\/2023\/01\/07001909\/qr-code-47-300x300.png\" alt=\"\" width=\"103\" height=\"103\" srcset=\"https:\/\/d3lgebelm9dr8d.cloudfront.net\/wp-content\/uploads\/2023\/01\/07001909\/qr-code-47-300x300.png 300w, https:\/\/d3lgebelm9dr8d.cloudfront.net\/wp-content\/uploads\/2023\/01\/07001909\/qr-code-47-1024x1024.png 1024w, https:\/\/d3lgebelm9dr8d.cloudfront.net\/wp-content\/uploads\/2023\/01\/07001909\/qr-code-47-150x150.png 150w, https:\/\/d3lgebelm9dr8d.cloudfront.net\/wp-content\/uploads\/2023\/01\/07001909\/qr-code-47-768x768.png 768w, https:\/\/d3lgebelm9dr8d.cloudfront.net\/wp-content\/uploads\/2023\/01\/07001909\/qr-code-47-1536x1536.png 1536w, https:\/\/d3lgebelm9dr8d.cloudfront.net\/wp-content\/uploads\/2023\/01\/07001909\/qr-code-47-2048x2048.png 2048w, https:\/\/d3lgebelm9dr8d.cloudfront.net\/wp-content\/uploads\/2023\/01\/07001909\/qr-code-47-840x840.png 840w, https:\/\/d3lgebelm9dr8d.cloudfront.net\/wp-content\/uploads\/2023\/01\/07001909\/qr-code-47.png 2000w\" sizes=\"auto, (max-width: 103px) 100vw, 103px\" \/><\/a><br \/>\nS8Q3ST1377<\/p>\n<p>[\/vc_toggle]<\/p>\n<p>[vc_separator]<\/p>\n<p>[vc_toggle title=&#8221;Doresc produsul prin LAYAWAY&#8221; custom_font_container=&#8221;tag:h5|font_size:19|text_align:left|line_height:3&#8243; custom_use_theme_fonts=&#8221;yes&#8221; use_custom_heading=&#8221;true&#8221; css=&#8221;.vc_custom_1659790924554{margin-top: -30px !important;}&#8221;]<\/p>\n<table style=\"width: 100%;\">\n<tbody>\n<tr>\n<td style=\"width: 25.0000%;\">\n<div style=\"text-align: center;\"><strong><span style=\"font-family: Symbol; font-size: 14px;\">Avans 15%<\/span><\/strong><\/div>\n<\/td>\n<td style=\"width: 24.8855%;\">\n<div style=\"text-align: center;\"><span style=\"font-family: Symbol;\"><span style=\"font-size: 14px;\"><strong>1Rata<\/strong><\/span><\/span><\/div>\n<\/td>\n<td style=\"width: 25.0534%;\">\n<div style=\"text-align: center;\"><span style=\"font-family: Symbol;\"><span style=\"font-size: 14px;\"><strong>2 Rate<\/strong><\/span><\/span><\/div>\n<\/td>\n<td style=\"width: 25%;\"><\/td>\n<\/tr>\n<tr>\n<td style=\"width: 25.0000%;\">\n<div style=\"text-align: center;\"><span style=\"font-size: 12px;\">207 RON<\/span><\/div>\n<\/td>\n<td style=\"width: 24.8855%;\">\n<div style=\"text-align: center;\"><span style=\"font-size: 12px;\">1173<\/span><\/div>\n<div style=\"text-align: center;\"><span style=\"font-size: 12px;\">\u00a0<\/span><sup><span style=\"font-size: 12px;\">RON\/lun\u0103<\/span><\/sup><\/div>\n<\/td>\n<td style=\"width: 25.0534%;\">\n<div style=\"text-align: center;\"><span style=\"font-size: 12px;\">586.5<\/span><\/div>\n<div style=\"text-align: center;\"><sup><span style=\"font-size: 12px;\">RON\/lun\u0103<\/span><\/sup><\/div>\n<\/td>\n<td style=\"width: 25%;\"><\/td>\n<\/tr>\n<\/tbody>\n<\/table>\n<p style=\"text-align: center;\">COMISION <strong>0%<\/strong><\/p>\n<p style=\"text-align: center;\" align=\"center\">Acum pl\u0103te\u0219ti doar avansul iar noi o s\u0103 te contact\u0103m \u00een maxim 4 ore pentru semnarea contractului. Totul este online \u0219i rapid.<\/p>\n<p>[\/vc_toggle][\/vc_column][\/vc_row]<\/p>\n<p><span style=\"color: #595959; font-family: Metropolis, 'Helvetica Neue', Helvetica, Arial, sans-serif; font-size: 10.26px; font-style: normal; font-variant-ligatures: normal; font-variant-caps: normal; font-weight: 200; letter-spacing: normal; orphans: 2; text-align: start; text-indent: 0px; text-transform: none; white-space: normal; widows: 2; word-spacing: 0px; -webkit-text-stroke-width: 0px; background-color: #ffffff; text-decoration-thickness: initial; text-decoration-style: initial; text-decoration-color: initial; display: inline !important; float: none;\">FENDI este marc\u0103 \u00eenregistrat\u0103 FENDI. Luxura Elite nu este afiliat\u0103 cu FENDI.<\/span><\/p>\n<\/div>","protected":false},"excerpt":{"rendered":"<p>[vc_row][vc_column] [vc_column_text] [\/vc_column_text] [vc_toggle title=&#8221;\u2729 Caracteristici Specifice&#8221; custom_font_container=&#8221;tag:p|font_size:18|text_align:left|line_height:3&#8243; custom_use_theme_fonts=&#8221;yes&#8221; use_custom_heading=&#8221;true&#8221; class=&#8221;&#8222;fa&#8222;&#8221;] Pre-owned nepurtat, nu prezint\u0103 absolut niciun semn de uzur\u0103. [\/vc_toggle] [vc_toggle title=&#8221;DETALII&#8221; open=&#8221;true&#8221; custom_font_container=&#8221;tag:h5|font_size:19|text_align:left|line_height:3&#8243; custom_use_theme_fonts=&#8221;yes&#8221; use_custom_heading=&#8221;true&#8221;] Culoare Negru\/ Roz\/&hellip;<\/p>\n","protected":false},"featured_media":80859,"template":"","meta":{"_acf_changed":false},"product_brand":[],"product_cat":[1188,1197,1257],"product_tag":[212],"class_list":{"0":"post-80855","1":"product","2":"type-product","3":"status-publish","4":"has-post-thumbnail","6":"product_cat-luxura-boutique-en","7":"product_cat-accessories","8":"product_cat-scarves-en","9":"product_tag-fendi","10":"pa_categorie-accessories","11":"pa_categorie-esarfa-fendi","12":"pa_conditie-new","13":"pa_designeri-fendi","14":"pa_subcategorie-esarfa","15":"pa_subcategorie-scarves","17":"first","18":"outofstock","19":"purchasable","20":"product-type-simple","21":"add-to-wishlist-before_image"},"acf":[],"yoast_head":"<!-- This site is optimized with the Yoast SEO Premium plugin v27.1 (Yoast SEO v27.1.1) - https:\/\/yoast.com\/product\/yoast-seo-premium-wordpress\/ -->\n<title>FENDI Silk Scarf Cipria  - LUXURA<\/title>\n<meta name=\"description\" content=\"Produs eligil pentru plata in rate %\" \/>\n<meta name=\"robots\" content=\"index, follow, max-snippet:-1, max-image-preview:large, max-video-preview:-1\" \/>\n<link rel=\"canonical\" href=\"https:\/\/luxuraelite.ro\/hu\/produs\/fendi-silk-scarf-cipria\/\" \/>\n<meta property=\"og:locale\" content=\"hu_HU\" \/>\n<meta property=\"og:type\" content=\"article\" \/>\n<meta property=\"og:title\" content=\"FENDI Silk Scarf Cipria\" \/>\n<meta property=\"og:description\" content=\"Produs eligil pentru plata in rate -\" \/>\n<meta property=\"og:url\" content=\"https:\/\/luxuraelite.ro\/hu\/produs\/fendi-silk-scarf-cipria\/\" \/>\n<meta property=\"og:site_name\" content=\"LUXURA\" \/>\n<meta property=\"article:publisher\" content=\"https:\/\/www.facebook.com\/luxuraelite\" \/>\n<meta property=\"article:modified_time\" content=\"2025-05-09T06:33:15+00:00\" \/>\n<meta property=\"og:image\" content=\"https:\/\/d3lgebelm9dr8d.cloudfront.net\/wp-content\/uploads\/2023\/01\/07001907\/5D42224-scaled.jpg\" \/>\n\t<meta property=\"og:image:width\" content=\"1333\" \/>\n\t<meta property=\"og:image:height\" content=\"2000\" \/>\n\t<meta property=\"og:image:type\" content=\"image\/jpeg\" \/>\n<meta name=\"twitter:card\" content=\"summary_large_image\" \/>\n<meta name=\"twitter:label1\" content=\"Price\" \/>\n\t<meta name=\"twitter:data1\" content=\"1.380,00&nbsp;lei\" \/>\n\t<meta name=\"twitter:label2\" content=\"Availability\" \/>\n\t<meta name=\"twitter:data2\" content=\"Out of stock\" \/>\n<script type=\"application\/ld+json\" class=\"yoast-schema-graph\">{\"@context\":\"https:\/\/schema.org\",\"@graph\":[{\"@type\":\"WebPage\",\"@id\":\"https:\/\/luxuraelite.ro\/hu\/produs\/fendi-silk-scarf-cipria\/\",\"url\":\"https:\/\/luxuraelite.ro\/hu\/produs\/fendi-silk-scarf-cipria\/\",\"name\":\"FENDI Silk Scarf Cipria - LUXURA\",\"isPartOf\":{\"@id\":\"https:\/\/luxuraelite.ro\/hu\/#website\"},\"primaryImageOfPage\":{\"@id\":\"https:\/\/luxuraelite.ro\/hu\/produs\/fendi-silk-scarf-cipria\/#primaryimage\"},\"image\":{\"@id\":\"https:\/\/luxuraelite.ro\/hu\/produs\/fendi-silk-scarf-cipria\/#primaryimage\"},\"thumbnailUrl\":\"https:\/\/d3lgebelm9dr8d.cloudfront.net\/wp-content\/uploads\/2023\/01\/07001907\/5D42224-scaled.jpg\",\"datePublished\":\"2023-01-31T17:30:27+00:00\",\"dateModified\":\"2025-05-09T06:33:15+00:00\",\"description\":\"Produs eligil pentru plata in rate %\",\"breadcrumb\":{\"@id\":\"https:\/\/luxuraelite.ro\/hu\/produs\/fendi-silk-scarf-cipria\/#breadcrumb\"},\"inLanguage\":\"hu\",\"potentialAction\":[{\"@type\":\"ReadAction\",\"target\":[\"https:\/\/luxuraelite.ro\/hu\/produs\/fendi-silk-scarf-cipria\/\"]}]},{\"@type\":\"ImageObject\",\"inLanguage\":\"hu\",\"@id\":\"https:\/\/luxuraelite.ro\/hu\/produs\/fendi-silk-scarf-cipria\/#primaryimage\",\"url\":\"https:\/\/d3lgebelm9dr8d.cloudfront.net\/wp-content\/uploads\/2023\/01\/07001907\/5D42224-scaled.jpg\",\"contentUrl\":\"https:\/\/d3lgebelm9dr8d.cloudfront.net\/wp-content\/uploads\/2023\/01\/07001907\/5D42224-scaled.jpg\",\"width\":1333,\"height\":2000,\"caption\":\"Timisoara, Vineri 2 Decembrie 2022. \u00a9Cornel Putan\"},{\"@type\":\"BreadcrumbList\",\"@id\":\"https:\/\/luxuraelite.ro\/hu\/produs\/fendi-silk-scarf-cipria\/#breadcrumb\",\"itemListElement\":[{\"@type\":\"ListItem\",\"position\":1,\"name\":\"Prima pagin\u0103\",\"item\":\"https:\/\/luxuraelite.ro\/hu\/\"},{\"@type\":\"ListItem\",\"position\":2,\"name\":\"Magazin\",\"item\":\"https:\/\/luxuraelite.ro\/magazin\/\"},{\"@type\":\"ListItem\",\"position\":3,\"name\":\"FENDI Silk Scarf Cipria\"}]},{\"@type\":\"WebSite\",\"@id\":\"https:\/\/luxuraelite.ro\/hu\/#website\",\"url\":\"https:\/\/luxuraelite.ro\/hu\/\",\"name\":\"LUXURA\",\"description\":\"For the woman who deserves it\",\"publisher\":{\"@id\":\"https:\/\/luxuraelite.ro\/hu\/#organization\"},\"alternateName\":\"Luxura Elite\",\"potentialAction\":[{\"@type\":\"SearchAction\",\"target\":{\"@type\":\"EntryPoint\",\"urlTemplate\":\"https:\/\/luxuraelite.ro\/hu\/?s={search_term_string}\"},\"query-input\":{\"@type\":\"PropertyValueSpecification\",\"valueRequired\":true,\"valueName\":\"search_term_string\"}}],\"inLanguage\":\"hu\"},{\"@type\":\"Organization\",\"@id\":\"https:\/\/luxuraelite.ro\/hu\/#organization\",\"name\":\"Luxura Elite\",\"alternateName\":\"Luxura\",\"url\":\"https:\/\/luxuraelite.ro\/hu\/\",\"logo\":{\"@type\":\"ImageObject\",\"inLanguage\":\"hu\",\"@id\":\"https:\/\/luxuraelite.ro\/hu\/#\/schema\/logo\/image\/\",\"url\":\"https:\/\/luxuraelite.ro\/wp-content\/uploads\/2021\/08\/logo_dark.png\",\"contentUrl\":\"https:\/\/luxuraelite.ro\/wp-content\/uploads\/2021\/08\/logo_dark.png\",\"width\":1001,\"height\":778,\"caption\":\"Luxura Elite\"},\"image\":{\"@id\":\"https:\/\/luxuraelite.ro\/hu\/#\/schema\/logo\/image\/\"},\"sameAs\":[\"https:\/\/www.facebook.com\/luxuraelite\",\"https:\/\/www.instagram.com\/luxuraelite\/\"],\"description\":\"LUXURA ELITE BOUTIQUE is the pinnacle, a meticulously curated space both online and offline, where you can find luxury pre-owned items evaluated and authenticated with a very high level of expertise and accuracy. The Luxura Elite team is dedicated to finding the most sought-after and desired ultra-luxury pieces from the world's top brands, pieces that you can confidently add to your wardrobe.\",\"email\":\"suport@luxuraelite.ro\",\"telephone\":\"40374414660\",\"legalName\":\"Luxura Elite Club\",\"foundingDate\":\"2019-04-29\",\"vatID\":\"RO43428737\",\"numberOfEmployees\":{\"@type\":\"QuantitativeValue\",\"minValue\":\"1\",\"maxValue\":\"10\"},\"publishingPrinciples\":\"https:\/\/luxuraelite.ro\/despre-noi\/\",\"actionableFeedbackPolicy\":\"https:\/\/luxuraelite.ro\/feedback-clienti\/\",\"correctionsPolicy\":\"https:\/\/luxuraelite.ro\/politica-privind-protectia-datelor-cu-caracter-personal\/\",\"ethicsPolicy\":\"https:\/\/luxuraelite.ro\/politica-privind-protectia-datelor-cu-caracter-personal\/\",\"hasMerchantReturnPolicy\":{\"@type\":\"MerchantReturnPolicy\",\"merchantReturnLink\":\"https:\/\/luxuraelite.ro\/cerere-de-retur\/\"}}]}<\/script>\n<meta property=\"product:brand\" content=\"Fendi\" \/>\n<meta property=\"product:price:amount\" content=\"1380.00\" \/>\n<meta property=\"product:price:currency\" content=\"RON\" \/>\n<meta property=\"og:availability\" content=\"out of stock\" \/>\n<meta property=\"product:availability\" content=\"out of stock\" \/>\n<meta property=\"product:retailer_item_id\" content=\"ACLEB00080855\" \/>\n<meta property=\"product:condition\" content=\"new\" \/>\n<!-- \/ Yoast SEO Premium plugin. -->","yoast_head_json":{"title":"FENDI Silk Scarf Cipria  - LUXURA","description":"Produs eligil pentru plata in rate %","robots":{"index":"index","follow":"follow","max-snippet":"max-snippet:-1","max-image-preview":"max-image-preview:large","max-video-preview":"max-video-preview:-1"},"canonical":"https:\/\/luxuraelite.ro\/hu\/produs\/fendi-silk-scarf-cipria\/","og_locale":"hu_HU","og_type":"article","og_title":"FENDI Silk Scarf Cipria","og_description":"Produs eligil pentru plata in rate -","og_url":"https:\/\/luxuraelite.ro\/hu\/produs\/fendi-silk-scarf-cipria\/","og_site_name":"LUXURA","article_publisher":"https:\/\/www.facebook.com\/luxuraelite","article_modified_time":"2025-05-09T06:33:15+00:00","og_image":[{"width":1333,"height":2000,"url":"https:\/\/d3lgebelm9dr8d.cloudfront.net\/wp-content\/uploads\/2023\/01\/07001907\/5D42224-scaled.jpg","type":"image\/jpeg"}],"twitter_card":"summary_large_image","twitter_misc":{"Price":"1.380,00&nbsp;lei","Availability":"Out of stock"},"schema":{"@context":"https:\/\/schema.org","@graph":[{"@type":"WebPage","@id":"https:\/\/luxuraelite.ro\/hu\/produs\/fendi-silk-scarf-cipria\/","url":"https:\/\/luxuraelite.ro\/hu\/produs\/fendi-silk-scarf-cipria\/","name":"FENDI Silk Scarf Cipria - LUXURA","isPartOf":{"@id":"https:\/\/luxuraelite.ro\/hu\/#website"},"primaryImageOfPage":{"@id":"https:\/\/luxuraelite.ro\/hu\/produs\/fendi-silk-scarf-cipria\/#primaryimage"},"image":{"@id":"https:\/\/luxuraelite.ro\/hu\/produs\/fendi-silk-scarf-cipria\/#primaryimage"},"thumbnailUrl":"https:\/\/d3lgebelm9dr8d.cloudfront.net\/wp-content\/uploads\/2023\/01\/07001907\/5D42224-scaled.jpg","datePublished":"2023-01-31T17:30:27+00:00","dateModified":"2025-05-09T06:33:15+00:00","description":"Produs eligil pentru plata in rate %","breadcrumb":{"@id":"https:\/\/luxuraelite.ro\/hu\/produs\/fendi-silk-scarf-cipria\/#breadcrumb"},"inLanguage":"hu","potentialAction":[{"@type":"ReadAction","target":["https:\/\/luxuraelite.ro\/hu\/produs\/fendi-silk-scarf-cipria\/"]}]},{"@type":"ImageObject","inLanguage":"hu","@id":"https:\/\/luxuraelite.ro\/hu\/produs\/fendi-silk-scarf-cipria\/#primaryimage","url":"https:\/\/d3lgebelm9dr8d.cloudfront.net\/wp-content\/uploads\/2023\/01\/07001907\/5D42224-scaled.jpg","contentUrl":"https:\/\/d3lgebelm9dr8d.cloudfront.net\/wp-content\/uploads\/2023\/01\/07001907\/5D42224-scaled.jpg","width":1333,"height":2000,"caption":"Timisoara, Vineri 2 Decembrie 2022. \u00a9Cornel Putan"},{"@type":"BreadcrumbList","@id":"https:\/\/luxuraelite.ro\/hu\/produs\/fendi-silk-scarf-cipria\/#breadcrumb","itemListElement":[{"@type":"ListItem","position":1,"name":"Prima pagin\u0103","item":"https:\/\/luxuraelite.ro\/hu\/"},{"@type":"ListItem","position":2,"name":"Magazin","item":"https:\/\/luxuraelite.ro\/magazin\/"},{"@type":"ListItem","position":3,"name":"FENDI Silk Scarf Cipria"}]},{"@type":"WebSite","@id":"https:\/\/luxuraelite.ro\/hu\/#website","url":"https:\/\/luxuraelite.ro\/hu\/","name":"LUXURA","description":"For the woman who deserves it","publisher":{"@id":"https:\/\/luxuraelite.ro\/hu\/#organization"},"alternateName":"Luxura Elite","potentialAction":[{"@type":"SearchAction","target":{"@type":"EntryPoint","urlTemplate":"https:\/\/luxuraelite.ro\/hu\/?s={search_term_string}"},"query-input":{"@type":"PropertyValueSpecification","valueRequired":true,"valueName":"search_term_string"}}],"inLanguage":"hu"},{"@type":"Organization","@id":"https:\/\/luxuraelite.ro\/hu\/#organization","name":"Luxura Elite","alternateName":"Luxura","url":"https:\/\/luxuraelite.ro\/hu\/","logo":{"@type":"ImageObject","inLanguage":"hu","@id":"https:\/\/luxuraelite.ro\/hu\/#\/schema\/logo\/image\/","url":"https:\/\/luxuraelite.ro\/wp-content\/uploads\/2021\/08\/logo_dark.png","contentUrl":"https:\/\/luxuraelite.ro\/wp-content\/uploads\/2021\/08\/logo_dark.png","width":1001,"height":778,"caption":"Luxura Elite"},"image":{"@id":"https:\/\/luxuraelite.ro\/hu\/#\/schema\/logo\/image\/"},"sameAs":["https:\/\/www.facebook.com\/luxuraelite","https:\/\/www.instagram.com\/luxuraelite\/"],"description":"LUXURA ELITE BOUTIQUE is the pinnacle, a meticulously curated space both online and offline, where you can find luxury pre-owned items evaluated and authenticated with a very high level of expertise and accuracy. The Luxura Elite team is dedicated to finding the most sought-after and desired ultra-luxury pieces from the world's top brands, pieces that you can confidently add to your wardrobe.","email":"suport@luxuraelite.ro","telephone":"40374414660","legalName":"Luxura Elite Club","foundingDate":"2019-04-29","vatID":"RO43428737","numberOfEmployees":{"@type":"QuantitativeValue","minValue":"1","maxValue":"10"},"publishingPrinciples":"https:\/\/luxuraelite.ro\/despre-noi\/","actionableFeedbackPolicy":"https:\/\/luxuraelite.ro\/feedback-clienti\/","correctionsPolicy":"https:\/\/luxuraelite.ro\/politica-privind-protectia-datelor-cu-caracter-personal\/","ethicsPolicy":"https:\/\/luxuraelite.ro\/politica-privind-protectia-datelor-cu-caracter-personal\/","hasMerchantReturnPolicy":{"@type":"MerchantReturnPolicy","merchantReturnLink":"https:\/\/luxuraelite.ro\/cerere-de-retur\/"}}]},"product_brand":"Fendi","product_price_amount":"1380.00","product_price_currency":"RON","og_availability":"out of stock","product_availability":"out of stock","product_retailer_item_id":"ACLEB00080855","product_condition":"new"},"df_price":1380,"df_sale_price":"","df_regular_price":1380,"df_image_link":"https:\/\/d3lgebelm9dr8d.cloudfront.net\/wp-content\/uploads\/2023\/01\/07001907\/5D42224-scaled-682x1024.jpg","_links":{"self":[{"href":"https:\/\/luxuraelite.ro\/hu\/wp-json\/wp\/v2\/product\/80855","targetHints":{"allow":["GET"]}}],"collection":[{"href":"https:\/\/luxuraelite.ro\/hu\/wp-json\/wp\/v2\/product"}],"about":[{"href":"https:\/\/luxuraelite.ro\/hu\/wp-json\/wp\/v2\/types\/product"}],"wp:featuredmedia":[{"embeddable":true,"href":"https:\/\/luxuraelite.ro\/hu\/wp-json\/wp\/v2\/media\/80859"}],"wp:attachment":[{"href":"https:\/\/luxuraelite.ro\/hu\/wp-json\/wp\/v2\/media?parent=80855"}],"wp:term":[{"taxonomy":"product_brand","embeddable":true,"href":"https:\/\/luxuraelite.ro\/hu\/wp-json\/wp\/v2\/product_brand?post=80855"},{"taxonomy":"product_cat","embeddable":true,"href":"https:\/\/luxuraelite.ro\/hu\/wp-json\/wp\/v2\/product_cat?post=80855"},{"taxonomy":"product_tag","embeddable":true,"href":"https:\/\/luxuraelite.ro\/hu\/wp-json\/wp\/v2\/product_tag?post=80855"}],"curies":[{"name":"wp","href":"https:\/\/api.w.org\/{rel}","templated":true}]}}