{"id":69294,"date":"2022-11-02T19:30:25","date_gmt":"2022-11-02T17:30:25","guid":{"rendered":"https:\/\/luxuraelite.ro\/?post_type=product&#038;p=69294"},"modified":"2025-05-26T11:36:45","modified_gmt":"2025-05-26T09:36:45","slug":"best-deal-hermes-mosaique-sleeveless-cropped-sweater-vert-toundra-40","status":"publish","type":"product","link":"https:\/\/luxuraelite.ro\/en\/produs\/best-deal-hermes-mosaique-sleeveless-cropped-sweater-vert-toundra-40\/","title":{"rendered":"<span style=\"font-size: 10px; color: rgb(101, 101, 101);letter-spacing: .15em;\">BEST DEAL<\/span><br><strong> HERMES<\/strong><br><div style=\"margin-top:10px; font-size:16px;\"> &#8220;Mosaique&#8221; sleeveless cropped sweater Vert Toundra 40<\/div><br>"},"content":{"rendered":"<div class=\"wpb-content-wrapper\"><p>[vc_row][vc_column]<\/p>\n<p>[vc_column_text]<\/p>\n\n        <div class=\"range\">\n            <div class=\"labels ac-one\">\n                <span class=\"label one active\">Nou<\/span>\n                <span class=\"label two \">Excelent<\/span>\n                <span class=\"label three \">Foarte Bun\u0103<\/span>\n                <span class=\"label four \">Bun\u0103<\/span>\n                <span class=\"label five \">Rezonabil<\/span>\n            <\/div>\n        <\/div>\n\n        \n<p>[\/vc_column_text]<\/p>\n<p>[vc_toggle title=&#8221;\u2729 Caracteristici Specifice&#8221; custom_font_container=&#8221;tag:p|font_size:18|text_align:left|line_height:3&#8243; custom_use_theme_fonts=&#8221;yes&#8221; use_custom_heading=&#8221;true&#8221; class=&#8221;&#8220;fa&#8220;&#8221;]<\/p>\n<p>Pre-owned nepurtat, nu prezint\u0103 absolut niciun semn de uzur\u0103.<\/p>\n<p>[\/vc_toggle]<\/p>\n<p>[vc_toggle title=&#8221;DETALII&#8221; open=&#8221;true&#8221; custom_font_container=&#8221;tag:h5|font_size:19|text_align:left|line_height:3&#8243; custom_use_theme_fonts=&#8221;yes&#8221; use_custom_heading=&#8221;true&#8221;]<\/p>\n<div class=\"pdp__section-content\" style=\"box-sizing: border-box; -webkit-font-smoothing: antialiased; margin: 0px; padding: 0px; display: flex; flex-flow: row wrap; color: #000000; font-family: MaisonNeue-Book; font-size: 14px; font-style: normal; font-variant-ligatures: normal; font-variant-caps: normal; font-weight: 400; letter-spacing: normal; orphans: 2; text-align: left; text-indent: 0px; text-transform: none; white-space: normal; widows: 2; word-spacing: 0px; -webkit-text-stroke-width: 0px; background-color: #ffffff; text-decoration-thickness: initial; text-decoration-style: initial; text-decoration-color: initial;\">\n<div class=\"pdp__section-group \" style=\"box-sizing: border-box; -webkit-font-smoothing: antialiased; margin: 0px 0px 25px; padding: 0px 15px 0px 0px; width: 50%;\">\n<div class=\"pdp__group-title\" style=\"box-sizing: border-box; -webkit-font-smoothing: antialiased; margin: 0px; padding: 0px; font-family: MaisonNeue-Demi, Helvetica, Arial, sans-serif; font-size: 0.875rem; color: #767676; letter-spacing: 0px; line-height: 24px; display: inline-block;\">Culoare<\/div>\n<div class=\"pdp__group-item\" style=\"box-sizing: border-box; -webkit-font-smoothing: antialiased; margin: 0px; padding: 0px; font-family: MaisonNeue-Book, Helvetica, Arial, sans-serif; font-size: 0.875rem; color: #000000; letter-spacing: 0px; line-height: 24px;\">Vert Toundra<\/div>\n<\/div>\n<div class=\"pdp__section-group \" style=\"box-sizing: border-box; -webkit-font-smoothing: antialiased; margin: 0px 0px 25px; padding: 0px 15px 0px 0px; width: 50%;\">\n<div class=\"pdp__group-title\" style=\"box-sizing: border-box; -webkit-font-smoothing: antialiased; margin: 0px; padding: 0px; font-family: MaisonNeue-Demi, Helvetica, Arial, sans-serif; font-size: 0.875rem; color: #767676; letter-spacing: 0px; line-height: 24px; display: inline-block;\">Material<\/div>\n<div class=\"pdp__group-item\" style=\"box-sizing: border-box; -webkit-font-smoothing: antialiased; margin: 0px; padding: 0px; font-family: MaisonNeue-Book, Helvetica, Arial, sans-serif; font-size: 0.875rem; color: #000000; letter-spacing: 0px; line-height: 24px;\">54% l\u00e2n\u0103 virgin\u0103, 41% polipropilen\u0103, 4% poliamid\u0103, 1% elastan<\/div>\n<div><\/div>\n<\/div>\n<div><\/div>\n<div class=\"pdp__section-group \" style=\"box-sizing: border-box; -webkit-font-smoothing: antialiased; margin: 0px 0px 25px; padding: 0px; width: 50%;\">\n<div class=\"pdp__group-title\" style=\"box-sizing: border-box; -webkit-font-smoothing: antialiased; margin: 0px; padding: 0px; font-family: MaisonNeue-Demi, Helvetica, Arial, sans-serif; font-size: 0.875rem; color: #767676; letter-spacing: 0px; line-height: 24px; display: inline-block;\">Vine \u00eenso\u021bit<\/div>\n<div class=\"pdp__group-item\" style=\"box-sizing: border-box; -webkit-font-smoothing: antialiased; margin: 0px; padding: 0px; font-family: MaisonNeue-Book, Helvetica, Arial, sans-serif; font-size: 0.875rem; color: #000000; letter-spacing: 0px; line-height: 24px;\">\n<div class=\"pdp__group-item pdp__group-item--li\" style=\"box-sizing: border-box; -webkit-font-smoothing: antialiased; margin: 0px; padding: 0px; font-family: MaisonNeue-Book, Helvetica, Arial, sans-serif; font-size: 0.875rem; color: #000000; letter-spacing: 0px; line-height: 24px;\">Cutie<\/div>\n<div class=\"pdp__group-item pdp__group-item--li\" style=\"box-sizing: border-box; -webkit-font-smoothing: antialiased; margin: 0px; padding: 0px; font-family: MaisonNeue-Book, Helvetica, Arial, sans-serif; font-size: 0.875rem; color: #000000; letter-spacing: 0px; line-height: 24px;\">Certificat de conformitate<\/div>\n<\/div>\n<\/div>\n<div class=\"pdp__section-group \" style=\"box-sizing: border-box; -webkit-font-smoothing: antialiased; margin: 0px 0px 25px; padding: 0px 15px 0px 0px; width: 50%;\">\n<div class=\"pdp__group-title\" style=\"box-sizing: border-box; -webkit-font-smoothing: antialiased; margin: 0px; padding: 0px; font-family: MaisonNeue-Demi, Helvetica, Arial, sans-serif; font-size: 0.875rem; color: #767676; letter-spacing: 0px; line-height: 24px; display: inline-block;\">Designer ID<\/div>\n<div class=\"pdp__group-item\" style=\"box-sizing: border-box; -webkit-font-smoothing: antialiased; margin: 0px; padding: 0px; font-family: MaisonNeue-Book, Helvetica, Arial, sans-serif; font-size: 0.875rem; color: #000000; letter-spacing: 0px; line-height: 24px;\">H2H2648DD1R40<\/div>\n<\/div>\n<div class=\"pdp__section-group \" style=\"box-sizing: border-box; -webkit-font-smoothing: antialiased; margin: 0px 0px 25px; padding: 0px 15px 0px 0px; width: 150px;\">\n<div class=\"pdp__group-title\" style=\"box-sizing: border-box; -webkit-font-smoothing: antialiased; margin: 0px; padding: 0px; font-family: MaisonNeue-Demi, Helvetica, Arial, sans-serif; font-size: 0.875rem; color: #767676; letter-spacing: 0px; line-height: 24px; display: inline-block;\">Loca\u021bie<\/div>\n<div class=\"pdp__group-item\" style=\"box-sizing: border-box; -webkit-font-smoothing: antialiased; margin: 0px; padding: 0px; font-family: MaisonNeue-Book, Helvetica, Arial, sans-serif; font-size: 0.875rem; color: #000000; letter-spacing: 0px; line-height: 24px;\">Luxura Boutique<\/div>\n<\/div>\n<\/div>\n<p><span style=\"font-size: 18px; font-weight: 500; color: #767676;\">M\u0103rime &amp; Dimensiuni<\/span><br \/>\nM\u0103rime: 40<br \/>\nBust:\u00a0 \u00a0 \u00a0 \u00a043 cm<br \/>\nUm\u0103r:\u00a0 \u00a0 \u00a041 cm<br \/>\nLungime: 39.5 cm<br \/>\n[\/vc_toggle]<\/p>\n<p>[vc_separator]<\/p>\n<p>[vc_toggle title=&#8221;DESCRIERE&#8221; custom_font_container=&#8221;tag:h5|font_size:19|text_align:left|line_height:3&#8243; custom_use_theme_fonts=&#8221;yes&#8221; use_custom_heading=&#8221;true&#8221; css=&#8221;.vc_custom_1659790907923{margin-top: -30px !important;}&#8221;]<\/p>\n<p style=\"text-align: justify;\">Pulover decupat f\u0103r\u0103 m\u00e2neci din tricot jacquard cu motiv bicolor \u201eMozaique\u201d (54% l\u00e2n\u0103 virgin\u0103, 41% polipropilen\u0103, 4% poliamid\u0103, 1% elastan).<\/p>\n<p style=\"text-align: justify;\">Acest pulover at\u00e2t de modern poate fi purtat \u00een set \u00eempreun\u0103 cu leggings Mozaique sau combinat cu alte piese vestimentare: jeans, pantaloni din piele sau fusta, ba chiar poate fi suprapus peste o rochie slim sau c\u0103ma\u0219\u0103.<\/p>\n<p>[\/vc_toggle]<\/p>\n<p>[vc_separator]<\/p>\n<p>[vc_toggle title=&#8221;LIVRARE &amp; RETUR&#8221; custom_font_container=&#8221;tag:h5|font_size:19|text_align:left|line_height:3&#8243; custom_use_theme_fonts=&#8221;yes&#8221; use_custom_heading=&#8221;true&#8221; css=&#8221;.vc_custom_1659790915357{margin-top: -30px !important;}&#8221;]<\/p>\n<p style=\"text-align: justify;\">Expedierea intern\u0103 standard \u00een Romania este <strong>GRATUIT\u0102.<\/strong><\/p>\n<p style=\"text-align: justify;\">Transportul include: <strong>asigurare, confirmare semn\u0103tur\u0103 \u0219i ambalaj de calitate superioar\u0103<\/strong>. Toate articolele vor fi expediate, \u00een general, \u00een termen de 3 zile lucr\u0103toare de la confirmarea pl\u0103\u021bii. Termenii de livrare se calculeaz\u0103 \u00een zile lucr\u0103toare (de luni p\u00e2n\u0103 vineri, cu excep\u021bia s\u0103rb\u0103torilor legale).<\/p>\n<p style=\"text-align: justify;\">Returneaz\u0103: Da! Vrem s\u0103 fi\u021bi mul\u021bumit de achizi\u021bia dvs. Articolul poate fi returnat c\u0103tre Luxura Elite Club \u00een termen de 14 de zile de la data achizi\u021biei (dac\u0103 achizi\u021bia se face prin plat\u0103 integral\u0103 \u00een avans sau la livrare, NU \u00een sistem de rate ), cu etichetele de siguran\u021ba ata\u0219ate \u0219i \u00een starea ini\u021bial\u0103 pentru a primi o rambursare complet\u0103. Vede\u021bi aici politica complet\u0103 de returnare.<\/p>\n<p><a href=\"https:\/\/luxuraelite.ro\/wp-content\/uploads\/2022\/10\/qr-code-21.png\"><img loading=\"lazy\" decoding=\"async\" class=\"alignnone wp-image-69295\" src=\"https:\/\/luxuraelite.ro\/wp-content\/uploads\/2022\/10\/qr-code-21-300x300.png\" alt=\"\" width=\"101\" height=\"101\" srcset=\"https:\/\/luxuraelite.ro\/wp-content\/uploads\/2022\/10\/qr-code-21-300x300.png 300w, https:\/\/luxuraelite.ro\/wp-content\/uploads\/2022\/10\/qr-code-21-1024x1024.png 1024w, https:\/\/luxuraelite.ro\/wp-content\/uploads\/2022\/10\/qr-code-21-150x150.png 150w, https:\/\/luxuraelite.ro\/wp-content\/uploads\/2022\/10\/qr-code-21-768x768.png 768w, https:\/\/luxuraelite.ro\/wp-content\/uploads\/2022\/10\/qr-code-21-1536x1536.png 1536w, https:\/\/luxuraelite.ro\/wp-content\/uploads\/2022\/10\/qr-code-21.png 2048w, https:\/\/luxuraelite.ro\/wp-content\/uploads\/2022\/10\/qr-code-21-840x840.png 840w\" sizes=\"auto, (max-width: 101px) 100vw, 101px\" \/><\/a><br \/>\nS8Q3ST1132<\/p>\n<p>[\/vc_toggle]<\/p>\n<p>[vc_separator]<\/p>\n<p>[\/vc_column][\/vc_row]<\/p>\n<p><span style=\"color: #595959; font-family: Metropolis, 'Helvetica Neue', Helvetica, Arial, sans-serif; font-size: 10.26px; font-style: normal; font-variant-ligatures: normal; font-variant-caps: normal; font-weight: 200; letter-spacing: normal; orphans: 2; text-align: start; text-indent: 0px; text-transform: none; white-space: normal; widows: 2; word-spacing: 0px; -webkit-text-stroke-width: 0px; background-color: #ffffff; text-decoration-thickness: initial; text-decoration-style: initial; text-decoration-color: initial; display: inline !important; float: none;\">HERMES este marc\u0103 \u00eenregistrat\u0103 HERMES. Luxura Elite nu este afiliat\u0103 cu HERMRS.<\/span><\/p>\n<\/div>","protected":false},"excerpt":{"rendered":"<p>[vc_row][vc_column] [vc_column_text] [\/vc_column_text] [vc_toggle title=&#8221;\u2729 Caracteristici Specifice&#8221; custom_font_container=&#8221;tag:p|font_size:18|text_align:left|line_height:3&#8243; custom_use_theme_fonts=&#8221;yes&#8221; use_custom_heading=&#8221;true&#8221; class=&#8221;&#8220;fa&#8220;&#8221;] Pre-owned nepurtat, nu prezint\u0103 absolut niciun semn de uzur\u0103. [\/vc_toggle] [vc_toggle title=&#8221;DETALII&#8221; open=&#8221;true&#8221; custom_font_container=&#8221;tag:h5|font_size:19|text_align:left|line_height:3&#8243; custom_use_theme_fonts=&#8221;yes&#8221; use_custom_heading=&#8221;true&#8221;] Culoare Vert Toundra&hellip;<\/p>\n","protected":false},"featured_media":73300,"template":"","meta":{"_acf_changed":false},"product_brand":[],"product_cat":[1524,1483,439,1522,3473,440,548],"product_tag":[254],"class_list":{"0":"post-69294","1":"product","2":"type-product","3":"status-publish","4":"has-post-thumbnail","6":"product_cat-all-day-every-day","7":"product_cat-best-deal","8":"product_cat-imbracaminte","9":"product_cat-lucy-faur","10":"product_cat-luxura-boutique-bg","11":"product_cat-pulover","12":"product_cat-t-shirt","13":"product_tag-hermes","14":"pa_badge-best-deal","15":"pa_categorie-imbracaminte","16":"pa_categorie-pulover-hermes","17":"pa_conditie-nou-bg","18":"pa_designeri-hermes","19":"pa_pentru-femei-bg","20":"pa_subcategorie-pulover","21":"pa_subcategorie-t-shirt","23":"first","24":"outofstock","25":"shipping-taxable","26":"purchasable","27":"product-type-simple","28":"add-to-wishlist-before_image"},"acf":[],"yoast_head":"<!-- This site is optimized with the Yoast SEO Premium plugin v27.1 (Yoast SEO v27.1.1) - https:\/\/yoast.com\/product\/yoast-seo-premium-wordpress\/ -->\n<title>BEST DEAL HERMES &quot;Mosaique&quot; sleeveless cropped sweater Vert Toundra 40 - LUXURA<\/title>\n<meta name=\"description\" content=\"Produs eligil pentru plata in rate %\" \/>\n<meta name=\"robots\" content=\"index, follow, max-snippet:-1, max-image-preview:large, max-video-preview:-1\" \/>\n<link rel=\"canonical\" href=\"https:\/\/luxuraelite.ro\/en\/produs\/best-deal-hermes-mosaique-sleeveless-cropped-sweater-vert-toundra-40\/\" \/>\n<meta property=\"og:locale\" content=\"en_US\" \/>\n<meta property=\"og:type\" content=\"article\" \/>\n<meta property=\"og:title\" content=\"BEST DEAL HERMES &quot;Mosaique&quot; sleeveless cropped sweater Vert Toundra 40\" \/>\n<meta property=\"og:description\" content=\"Produs eligil pentru plata in rate -\" \/>\n<meta property=\"og:url\" content=\"https:\/\/luxuraelite.ro\/en\/produs\/best-deal-hermes-mosaique-sleeveless-cropped-sweater-vert-toundra-40\/\" \/>\n<meta property=\"og:site_name\" content=\"LUXURA\" \/>\n<meta property=\"article:publisher\" content=\"https:\/\/www.facebook.com\/luxuraelite\" \/>\n<meta property=\"article:modified_time\" content=\"2025-05-26T09:36:45+00:00\" \/>\n<meta property=\"og:image\" content=\"https:\/\/luxuraelite.ro\/wp-content\/uploads\/2022\/11\/5D41947-scaled.jpg\" \/>\n\t<meta property=\"og:image:width\" content=\"1365\" \/>\n\t<meta property=\"og:image:height\" content=\"2048\" \/>\n\t<meta property=\"og:image:type\" content=\"image\/jpeg\" \/>\n<meta name=\"twitter:card\" content=\"summary_large_image\" \/>\n<meta name=\"twitter:label1\" content=\"Price\" \/>\n\t<meta name=\"twitter:data1\" content=\"3.250,00&nbsp;lei\" \/>\n\t<meta name=\"twitter:label2\" content=\"Availability\" \/>\n\t<meta name=\"twitter:data2\" content=\"Out of stock\" \/>\n<script type=\"application\/ld+json\" class=\"yoast-schema-graph\">{\"@context\":\"https:\/\/schema.org\",\"@graph\":[{\"@type\":\"WebPage\",\"@id\":\"https:\/\/luxuraelite.ro\/en\/produs\/best-deal-hermes-mosaique-sleeveless-cropped-sweater-vert-toundra-40\/\",\"url\":\"https:\/\/luxuraelite.ro\/en\/produs\/best-deal-hermes-mosaique-sleeveless-cropped-sweater-vert-toundra-40\/\",\"name\":\"BEST DEAL HERMES \\\"Mosaique\\\" sleeveless cropped sweater Vert Toundra 40 - LUXURA\",\"isPartOf\":{\"@id\":\"https:\/\/luxuraelite.ro\/en\/#website\"},\"primaryImageOfPage\":{\"@id\":\"https:\/\/luxuraelite.ro\/en\/produs\/best-deal-hermes-mosaique-sleeveless-cropped-sweater-vert-toundra-40\/#primaryimage\"},\"image\":{\"@id\":\"https:\/\/luxuraelite.ro\/en\/produs\/best-deal-hermes-mosaique-sleeveless-cropped-sweater-vert-toundra-40\/#primaryimage\"},\"thumbnailUrl\":\"https:\/\/luxuraelite.ro\/wp-content\/uploads\/2022\/11\/5D41947-scaled.jpg\",\"datePublished\":\"2022-11-02T17:30:25+00:00\",\"dateModified\":\"2025-05-26T09:36:45+00:00\",\"description\":\"Produs eligil pentru plata in rate %\",\"breadcrumb\":{\"@id\":\"https:\/\/luxuraelite.ro\/en\/produs\/best-deal-hermes-mosaique-sleeveless-cropped-sweater-vert-toundra-40\/#breadcrumb\"},\"inLanguage\":\"en-US\",\"potentialAction\":[{\"@type\":\"ReadAction\",\"target\":[\"https:\/\/luxuraelite.ro\/en\/produs\/best-deal-hermes-mosaique-sleeveless-cropped-sweater-vert-toundra-40\/\"]}]},{\"@type\":\"ImageObject\",\"inLanguage\":\"en-US\",\"@id\":\"https:\/\/luxuraelite.ro\/en\/produs\/best-deal-hermes-mosaique-sleeveless-cropped-sweater-vert-toundra-40\/#primaryimage\",\"url\":\"https:\/\/luxuraelite.ro\/wp-content\/uploads\/2022\/11\/5D41947-scaled.jpg\",\"contentUrl\":\"https:\/\/luxuraelite.ro\/wp-content\/uploads\/2022\/11\/5D41947-scaled.jpg\",\"width\":1365,\"height\":2048,\"caption\":\"Timisoara, Miercuri 30 Noiembrie 2022. \u00a9Cornel Putan\"},{\"@type\":\"BreadcrumbList\",\"@id\":\"https:\/\/luxuraelite.ro\/en\/produs\/best-deal-hermes-mosaique-sleeveless-cropped-sweater-vert-toundra-40\/#breadcrumb\",\"itemListElement\":[{\"@type\":\"ListItem\",\"position\":1,\"name\":\"Prima pagin\u0103\",\"item\":\"https:\/\/luxuraelite.ro\/en\/\"},{\"@type\":\"ListItem\",\"position\":2,\"name\":\"Magazin\",\"item\":\"https:\/\/luxuraelite.ro\/magazin\/\"},{\"@type\":\"ListItem\",\"position\":3,\"name\":\"BEST DEAL HERMES &#8220;Mosaique&#8221; sleeveless cropped sweater Vert Toundra 40\"}]},{\"@type\":\"WebSite\",\"@id\":\"https:\/\/luxuraelite.ro\/en\/#website\",\"url\":\"https:\/\/luxuraelite.ro\/en\/\",\"name\":\"LUXURA\",\"description\":\"For the woman who deserves it\",\"publisher\":{\"@id\":\"https:\/\/luxuraelite.ro\/en\/#organization\"},\"alternateName\":\"Luxura Elite\",\"potentialAction\":[{\"@type\":\"SearchAction\",\"target\":{\"@type\":\"EntryPoint\",\"urlTemplate\":\"https:\/\/luxuraelite.ro\/en\/?s={search_term_string}\"},\"query-input\":{\"@type\":\"PropertyValueSpecification\",\"valueRequired\":true,\"valueName\":\"search_term_string\"}}],\"inLanguage\":\"en-US\"},{\"@type\":\"Organization\",\"@id\":\"https:\/\/luxuraelite.ro\/en\/#organization\",\"name\":\"Luxura Elite\",\"alternateName\":\"Luxura\",\"url\":\"https:\/\/luxuraelite.ro\/en\/\",\"logo\":{\"@type\":\"ImageObject\",\"inLanguage\":\"en-US\",\"@id\":\"https:\/\/luxuraelite.ro\/en\/#\/schema\/logo\/image\/\",\"url\":\"https:\/\/luxuraelite.ro\/wp-content\/uploads\/2021\/08\/logo_dark.png\",\"contentUrl\":\"https:\/\/luxuraelite.ro\/wp-content\/uploads\/2021\/08\/logo_dark.png\",\"width\":1001,\"height\":778,\"caption\":\"Luxura Elite\"},\"image\":{\"@id\":\"https:\/\/luxuraelite.ro\/en\/#\/schema\/logo\/image\/\"},\"sameAs\":[\"https:\/\/www.facebook.com\/luxuraelite\",\"https:\/\/www.instagram.com\/luxuraelite\/\"],\"description\":\"LUXURA ELITE BOUTIQUE is the pinnacle, a meticulously curated space both online and offline, where you can find luxury pre-owned items evaluated and authenticated with a very high level of expertise and accuracy. The Luxura Elite team is dedicated to finding the most sought-after and desired ultra-luxury pieces from the world's top brands, pieces that you can confidently add to your wardrobe.\",\"email\":\"suport@luxuraelite.ro\",\"telephone\":\"40374414660\",\"legalName\":\"Luxura Elite Club\",\"foundingDate\":\"2019-04-29\",\"vatID\":\"RO43428737\",\"numberOfEmployees\":{\"@type\":\"QuantitativeValue\",\"minValue\":\"1\",\"maxValue\":\"10\"},\"publishingPrinciples\":\"https:\/\/luxuraelite.ro\/despre-noi\/\",\"actionableFeedbackPolicy\":\"https:\/\/luxuraelite.ro\/feedback-clienti\/\",\"correctionsPolicy\":\"https:\/\/luxuraelite.ro\/politica-privind-protectia-datelor-cu-caracter-personal\/\",\"ethicsPolicy\":\"https:\/\/luxuraelite.ro\/politica-privind-protectia-datelor-cu-caracter-personal\/\",\"hasMerchantReturnPolicy\":{\"@type\":\"MerchantReturnPolicy\",\"merchantReturnLink\":\"https:\/\/luxuraelite.ro\/cerere-de-retur\/\"}}]}<\/script>\n<meta property=\"product:brand\" content=\"Hermes\" \/>\n<meta property=\"product:price:amount\" content=\"3250.00\" \/>\n<meta property=\"product:price:currency\" content=\"RON\" \/>\n<meta property=\"og:availability\" content=\"out of stock\" \/>\n<meta property=\"product:availability\" content=\"out of stock\" \/>\n<meta property=\"product:retailer_item_id\" content=\"CLLEB00069294\" \/>\n<meta property=\"product:condition\" content=\"new\" \/>\n<!-- \/ Yoast SEO Premium plugin. -->","yoast_head_json":{"title":"BEST DEAL HERMES \"Mosaique\" sleeveless cropped sweater Vert Toundra 40 - LUXURA","description":"Produs eligil pentru plata in rate %","robots":{"index":"index","follow":"follow","max-snippet":"max-snippet:-1","max-image-preview":"max-image-preview:large","max-video-preview":"max-video-preview:-1"},"canonical":"https:\/\/luxuraelite.ro\/en\/produs\/best-deal-hermes-mosaique-sleeveless-cropped-sweater-vert-toundra-40\/","og_locale":"en_US","og_type":"article","og_title":"BEST DEAL HERMES \"Mosaique\" sleeveless cropped sweater Vert Toundra 40","og_description":"Produs eligil pentru plata in rate -","og_url":"https:\/\/luxuraelite.ro\/en\/produs\/best-deal-hermes-mosaique-sleeveless-cropped-sweater-vert-toundra-40\/","og_site_name":"LUXURA","article_publisher":"https:\/\/www.facebook.com\/luxuraelite","article_modified_time":"2025-05-26T09:36:45+00:00","og_image":[{"width":1365,"height":2048,"url":"https:\/\/luxuraelite.ro\/wp-content\/uploads\/2022\/11\/5D41947-scaled.jpg","type":"image\/jpeg"}],"twitter_card":"summary_large_image","twitter_misc":{"Price":"3.250,00&nbsp;lei","Availability":"Out of stock"},"schema":{"@context":"https:\/\/schema.org","@graph":[{"@type":"WebPage","@id":"https:\/\/luxuraelite.ro\/en\/produs\/best-deal-hermes-mosaique-sleeveless-cropped-sweater-vert-toundra-40\/","url":"https:\/\/luxuraelite.ro\/en\/produs\/best-deal-hermes-mosaique-sleeveless-cropped-sweater-vert-toundra-40\/","name":"BEST DEAL HERMES \"Mosaique\" sleeveless cropped sweater Vert Toundra 40 - LUXURA","isPartOf":{"@id":"https:\/\/luxuraelite.ro\/en\/#website"},"primaryImageOfPage":{"@id":"https:\/\/luxuraelite.ro\/en\/produs\/best-deal-hermes-mosaique-sleeveless-cropped-sweater-vert-toundra-40\/#primaryimage"},"image":{"@id":"https:\/\/luxuraelite.ro\/en\/produs\/best-deal-hermes-mosaique-sleeveless-cropped-sweater-vert-toundra-40\/#primaryimage"},"thumbnailUrl":"https:\/\/luxuraelite.ro\/wp-content\/uploads\/2022\/11\/5D41947-scaled.jpg","datePublished":"2022-11-02T17:30:25+00:00","dateModified":"2025-05-26T09:36:45+00:00","description":"Produs eligil pentru plata in rate %","breadcrumb":{"@id":"https:\/\/luxuraelite.ro\/en\/produs\/best-deal-hermes-mosaique-sleeveless-cropped-sweater-vert-toundra-40\/#breadcrumb"},"inLanguage":"en-US","potentialAction":[{"@type":"ReadAction","target":["https:\/\/luxuraelite.ro\/en\/produs\/best-deal-hermes-mosaique-sleeveless-cropped-sweater-vert-toundra-40\/"]}]},{"@type":"ImageObject","inLanguage":"en-US","@id":"https:\/\/luxuraelite.ro\/en\/produs\/best-deal-hermes-mosaique-sleeveless-cropped-sweater-vert-toundra-40\/#primaryimage","url":"https:\/\/luxuraelite.ro\/wp-content\/uploads\/2022\/11\/5D41947-scaled.jpg","contentUrl":"https:\/\/luxuraelite.ro\/wp-content\/uploads\/2022\/11\/5D41947-scaled.jpg","width":1365,"height":2048,"caption":"Timisoara, Miercuri 30 Noiembrie 2022. \u00a9Cornel Putan"},{"@type":"BreadcrumbList","@id":"https:\/\/luxuraelite.ro\/en\/produs\/best-deal-hermes-mosaique-sleeveless-cropped-sweater-vert-toundra-40\/#breadcrumb","itemListElement":[{"@type":"ListItem","position":1,"name":"Prima pagin\u0103","item":"https:\/\/luxuraelite.ro\/en\/"},{"@type":"ListItem","position":2,"name":"Magazin","item":"https:\/\/luxuraelite.ro\/magazin\/"},{"@type":"ListItem","position":3,"name":"BEST DEAL HERMES &#8220;Mosaique&#8221; sleeveless cropped sweater Vert Toundra 40"}]},{"@type":"WebSite","@id":"https:\/\/luxuraelite.ro\/en\/#website","url":"https:\/\/luxuraelite.ro\/en\/","name":"LUXURA","description":"For the woman who deserves it","publisher":{"@id":"https:\/\/luxuraelite.ro\/en\/#organization"},"alternateName":"Luxura Elite","potentialAction":[{"@type":"SearchAction","target":{"@type":"EntryPoint","urlTemplate":"https:\/\/luxuraelite.ro\/en\/?s={search_term_string}"},"query-input":{"@type":"PropertyValueSpecification","valueRequired":true,"valueName":"search_term_string"}}],"inLanguage":"en-US"},{"@type":"Organization","@id":"https:\/\/luxuraelite.ro\/en\/#organization","name":"Luxura Elite","alternateName":"Luxura","url":"https:\/\/luxuraelite.ro\/en\/","logo":{"@type":"ImageObject","inLanguage":"en-US","@id":"https:\/\/luxuraelite.ro\/en\/#\/schema\/logo\/image\/","url":"https:\/\/luxuraelite.ro\/wp-content\/uploads\/2021\/08\/logo_dark.png","contentUrl":"https:\/\/luxuraelite.ro\/wp-content\/uploads\/2021\/08\/logo_dark.png","width":1001,"height":778,"caption":"Luxura Elite"},"image":{"@id":"https:\/\/luxuraelite.ro\/en\/#\/schema\/logo\/image\/"},"sameAs":["https:\/\/www.facebook.com\/luxuraelite","https:\/\/www.instagram.com\/luxuraelite\/"],"description":"LUXURA ELITE BOUTIQUE is the pinnacle, a meticulously curated space both online and offline, where you can find luxury pre-owned items evaluated and authenticated with a very high level of expertise and accuracy. The Luxura Elite team is dedicated to finding the most sought-after and desired ultra-luxury pieces from the world's top brands, pieces that you can confidently add to your wardrobe.","email":"suport@luxuraelite.ro","telephone":"40374414660","legalName":"Luxura Elite Club","foundingDate":"2019-04-29","vatID":"RO43428737","numberOfEmployees":{"@type":"QuantitativeValue","minValue":"1","maxValue":"10"},"publishingPrinciples":"https:\/\/luxuraelite.ro\/despre-noi\/","actionableFeedbackPolicy":"https:\/\/luxuraelite.ro\/feedback-clienti\/","correctionsPolicy":"https:\/\/luxuraelite.ro\/politica-privind-protectia-datelor-cu-caracter-personal\/","ethicsPolicy":"https:\/\/luxuraelite.ro\/politica-privind-protectia-datelor-cu-caracter-personal\/","hasMerchantReturnPolicy":{"@type":"MerchantReturnPolicy","merchantReturnLink":"https:\/\/luxuraelite.ro\/cerere-de-retur\/"}}]},"product_brand":"Hermes","product_price_amount":"3250.00","product_price_currency":"RON","og_availability":"out of stock","product_availability":"out of stock","product_retailer_item_id":"CLLEB00069294","product_condition":"new"},"df_price":3250,"df_sale_price":"","df_regular_price":3250,"df_image_link":"https:\/\/luxuraelite.ro\/wp-content\/uploads\/2022\/11\/5D41947-683x1024.jpg","_links":{"self":[{"href":"https:\/\/luxuraelite.ro\/en\/wp-json\/wp\/v2\/product\/69294","targetHints":{"allow":["GET"]}}],"collection":[{"href":"https:\/\/luxuraelite.ro\/en\/wp-json\/wp\/v2\/product"}],"about":[{"href":"https:\/\/luxuraelite.ro\/en\/wp-json\/wp\/v2\/types\/product"}],"wp:featuredmedia":[{"embeddable":true,"href":"https:\/\/luxuraelite.ro\/en\/wp-json\/wp\/v2\/media\/73300"}],"wp:attachment":[{"href":"https:\/\/luxuraelite.ro\/en\/wp-json\/wp\/v2\/media?parent=69294"}],"wp:term":[{"taxonomy":"product_brand","embeddable":true,"href":"https:\/\/luxuraelite.ro\/en\/wp-json\/wp\/v2\/product_brand?post=69294"},{"taxonomy":"product_cat","embeddable":true,"href":"https:\/\/luxuraelite.ro\/en\/wp-json\/wp\/v2\/product_cat?post=69294"},{"taxonomy":"product_tag","embeddable":true,"href":"https:\/\/luxuraelite.ro\/en\/wp-json\/wp\/v2\/product_tag?post=69294"}],"curies":[{"name":"wp","href":"https:\/\/api.w.org\/{rel}","templated":true}]}}