{"id":185310,"date":"2025-04-26T10:31:39","date_gmt":"2025-04-26T08:31:39","guid":{"rendered":"https:\/\/luxuraelite.ro\/?post_type=product&#038;p=185310"},"modified":"2026-01-06T02:23:49","modified_gmt":"2026-01-06T00:23:49","slug":"new-collection-loewe-anagram-butterfly-lw40128i-53v-havana-sunglasses","status":"publish","type":"product","link":"https:\/\/luxuraelite.ro\/en\/produs\/new-collection-loewe-anagram-butterfly-lw40128i-53v-havana-sunglasses\/","title":{"rendered":"<span style=\"font-size: 10px; color: rgb(101, 101, 101);letter-spacing: .15em;\"> NEW COLLECTION<\/span><br><strong> LOEWE <\/strong><br><div style=\"margin-top:10px; font-size:16px;\">Anagram Butterfly LW40128I 53V Havana Sunglasses<\/div><br>"},"content":{"rendered":"<div class=\"wpb-content-wrapper\"><p>[vc_row][vc_column]<\/p>\n<p>[vc_column_text]<\/p>\n\n        <div class=\"range\">\n            <div class=\"labels ac-one\">\n                <span class=\"label one active\">Nou<\/span>\n                <span class=\"label two \">Excelent<\/span>\n                <span class=\"label three \">Foarte Bun\u0103<\/span>\n                <span class=\"label four \">Bun\u0103<\/span>\n                <span class=\"label five \">Rezonabil<\/span>\n            <\/div>\n        <\/div>\n\n        \n<p>[\/vc_column_text]<\/p>\n<p>[vc_toggle title=&#8221;\u2729 Caracteristici Specifice&#8221; custom_font_container=&#8221;tag:p|font_size:18|text_align:left|line_height:3&#8243; custom_use_theme_fonts=&#8221;yes&#8221; use_custom_heading=&#8221;true&#8221; class=&#8221;fa&#8221;]<\/p>\n<p>Ochelarii sunt noi, \u00eenso\u021bi\u021bi de toate accesoriile brandului. Un accesoriu rafinat, perfect pentru un stil elegant \u0219i sofisticat.<\/p>\n<p class=\"lpoi-preowned\">Acest articol este un produs <span class=\"s1\"><b>pre-owned<\/b><\/span> autentic.<\/p>\n<p>[\/vc_toggle]<\/p>\n<p>[vc_toggle title=&#8221;DETALII&#8221; open=&#8221;true&#8221; custom_font_container=&#8221;tag:h5|font_size:19|text_align:left|line_height:3&#8243; custom_use_theme_fonts=&#8221;yes&#8221; use_custom_heading=&#8221;true&#8221;]<\/p>\n<div class=\"pdp__section-content\" style=\"display: flex; flex-flow: row wrap; color: #000; font-family: MaisonNeue-Book; font-size: 14px; background-color: #fff;\">\n<div class=\"pdp__section-group\" style=\"margin: 0 0 25px; width: 50%;\">\n<div class=\"pdp__group-title\">Culoare Rama<\/div>\n<div class=\"pdp__group-item\">Havana<\/div>\n<\/div>\n<div class=\"pdp__section-group\" style=\"margin: 0 0 25px; width: 50%;\">\n<div class=\"pdp__group-title\">Material Rama<\/div>\n<div class=\"pdp__group-item\">Acetat<\/div>\n<\/div>\n<div class=\"pdp__section-group\" style=\"margin: 0 0 25px; width: 50%;\">\n<div class=\"pdp__group-title\">Culoare Lentila<\/div>\n<div class=\"pdp__group-item\">Maro<\/div>\n<\/div>\n<div class=\"pdp__section-group\" style=\"margin: 0 0 25px; width: 50%;\">\n<div class=\"pdp__group-title\">Material Lentila<\/div>\n<div class=\"pdp__group-item\">Acetat<\/div>\n<\/div>\n<div class=\"pdp__section-group\" style=\"margin: 0 0 25px; width: 50%;\">\n<div class=\"pdp__group-title\">Polariza\u021bi<\/div>\n<div class=\"pdp__group-item\">Nu<\/div>\n<\/div>\n<div class=\"pdp__section-group\" style=\"margin: 0 0 25px; width: 50%;\">\n<div class=\"pdp__group-title\">Fotocromic<\/div>\n<div class=\"pdp__group-item\">Nu<\/div>\n<\/div>\n<div class=\"pdp__section-group\" style=\"margin: 0 0 25px; width: 50%;\">\n<div class=\"pdp__group-title\">Tip culoare lentila<\/div>\n<div class=\"pdp__group-item\">Solid<\/div>\n<\/div>\n<div class=\"pdp__section-group\" style=\"margin: 0 0 25px; width: 50%;\">\n<div class=\"pdp__group-title\">Designer ID<\/div>\n<div class=\"pdp__group-item\">LW40128I 53V<\/div>\n<\/div>\n<div class=\"pdp__section-group\" style=\"margin: 0 0 25px; width: 50%;\">\n<div class=\"pdp__group-title\">Vine \u00eenso\u021bit<\/div>\n<div class=\"pdp__group-item\">Etui<\/div>\n<div class=\"pdp__group-item\">Laveta<\/div>\n<div class=\"pdp__group-item\">Certificat de conformitate<\/div>\n<\/div>\n<div class=\"pdp__section-group\" style=\"margin: 0 0 25px; width: 50%;\">\n<div class=\"pdp__group-title\">Loca\u021bie<\/div>\n<div class=\"pdp__group-item\">Luxura Boutique<\/div>\n<\/div>\n<\/div>\n<p><span style=\"font-size: 18px; font-weight: 500; color: #767676;\">M\u0103rime &amp; Dimensiuni<\/span><\/p>\n<div>Dimensiuni lentil\u0103: 51 mm<\/div>\n<div>Lungimea templelor: 140 mm<\/div>\n<div>L\u0103\u021bime punte: 18 mm<\/div>\n<p>[\/vc_toggle]<\/p>\n<p>[vc_separator]<\/p>\n<p>[vc_toggle title=&#8221;DESCRIERE&#8221; custom_font_container=&#8221;tag:h5|font_size:19|text_align:left|line_height:3&#8243; custom_use_theme_fonts=&#8221;yes&#8221; use_custom_heading=&#8221;true&#8221; css=&#8221;.vc_custom_1659790907923{margin-top:-30px!important;}&#8221;]<\/p>\n<p class=\"lpoi-preowned\">Acest articol este un produs <span class=\"s1\"><b>pre-owned<\/b><\/span>, autentic \u0219i verificat de exper\u021bii Luxura Elite. Toate produsele noastre provin de la clien\u021bi sau furnizori verifica\u021bi.<br \/>\nMade In Italy.<\/p>\n<p>[\/vc_toggle]<\/p>\n<p>[vc_separator]<\/p>\n<p>[vc_toggle title=&#8221;LIVRARE &amp; RETUR&#8221; custom_font_container=&#8221;tag:h5|font_size:19|text_align:left|line_height:3&#8243; custom_use_theme_fonts=&#8221;yes&#8221; use_custom_heading=&#8221;true&#8221; css=&#8221;.vc_custom_1659790915357{margin-top:-30px!important;}&#8221;]<\/p>\n<p>Expedierea intern\u0103 standard \u00een Rom\u00e2nia este <strong>GRATUIT\u0102.<\/strong><\/p>\n<p>Transportul include: <strong>asigurare, confirmare semn\u0103tur\u0103 \u0219i ambalaj premium.<\/strong> Articolele se expediaz\u0103 \u00een general \u00een termen de 3 zile lucr\u0103toare.<\/p>\n<p>Returnare acceptat\u0103 \u00een termen de 14 zile, cu etichetele ata\u0219ate \u0219i produsul intact. Vezi politica de retur pentru detalii complete.<\/p>\n<div><a href=\"https:\/\/d3lgebelm9dr8d.cloudfront.net\/wp-content\/uploads\/2025\/04\/28075527\/qr-code-41.png\"><br \/>\n<img loading=\"lazy\" decoding=\"async\" src=\"https:\/\/d3lgebelm9dr8d.cloudfront.net\/wp-content\/uploads\/2025\/04\/28075527\/qr-code-41-300x300.png\" width=\"101\" height=\"101\" \/><br \/>\n<\/a><br \/>\n<a href=\"https:\/\/app.sortly.com\/items?keyword=S8Q3ST3563\">S8Q3ST3563<\/a><\/div>\n<p>[\/vc_toggle]<\/p>\n<p>[vc_separator]<\/p>\n<p>[vc_toggle title=&#8221;Doresc produsul prin LAYAWAY&#8221; custom_font_container=&#8221;tag:h5|font_size:19|text_align:left|line_height:3&#8243; custom_use_theme_fonts=&#8221;yes&#8221; use_custom_heading=&#8221;true&#8221; css=&#8221;.vc_custom_1659790924554{margin-top: -30px !important;}&#8221;]<\/p>\n<table style=\"height: 133px;\">\n<tbody>\n<tr>\n<td style=\"width: 25.0000%;\">\n<div style=\"text-align: center;\"><span style=\"color: #000000;\"><strong><span style=\"font-family: Symbol; font-size: 14px;\">Avans 50%<\/span><\/strong><\/span><\/div>\n<\/td>\n<td style=\"width: 24.8855%;\">\n<div style=\"text-align: center;\"><span style=\"font-family: Symbol; color: #000000;\"><span style=\"font-size: 14px;\"><strong>1 Rata<\/strong><\/span><\/span><\/div>\n<\/td>\n<\/tr>\n<tr>\n<td style=\"width: 25.0000%;\">\n<div style=\"text-align: center;\"><span style=\"font-size: 12px; color: #000000;\">500 RON<\/span><\/div>\n<\/td>\n<td style=\"width: 24.8855%;\">\n<div style=\"text-align: center;\"><span style=\"font-size: 12px; color: #000000;\">500 RON<\/span><\/div>\n<\/td>\n<\/tr>\n<\/tbody>\n<\/table>\n<p style=\"text-align: center;\">COMISION <strong>0%<\/strong><\/p>\n<p style=\"text-align: center;\" align=\"center\">Acum pl\u0103te\u0219ti doar avansul iar noi o s\u0103 te contact\u0103m \u00een maxim 4 ore pentru semnarea contractului. Totul este online \u0219i rapid.<\/p>\n<p>[\/vc_toggle]<\/p>\n<p>[\/vc_column][\/vc_row]<\/p>\n<p><span style=\"color: #595959; font-family: Metropolis, 'Helvetica Neue', Helvetica, Arial, sans-serif; font-size: 10.26px; font-style: normal; font-weight: 200; letter-spacing: normal; text-align: start; text-indent: 0px; text-transform: none; white-space: normal; background-color: #ffffff; display: inline !important; float: none;\">LOEWE este marc\u0103 \u00eenregistrat\u0103 LOEWE. Luxura Elite nu este afiliat\u0103 cu LOEWE.<\/span><\/p>\n<\/div>","protected":false},"excerpt":{"rendered":"<p>[vc_row][vc_column] [vc_column_text] [\/vc_column_text] [vc_toggle title=&#8221;\u2729 Caracteristici Specifice&#8221; custom_font_container=&#8221;tag:p|font_size:18|text_align:left|line_height:3&#8243; custom_use_theme_fonts=&#8221;yes&#8221; use_custom_heading=&#8221;true&#8221; class=&#8221;fa&#8221;] Ochelarii sunt noi, \u00eenso\u021bi\u021bi de toate accesoriile brandului. Un accesoriu rafinat, perfect pentru un stil elegant \u0219i sofisticat. Acest&hellip;<\/p>\n","protected":false},"featured_media":185311,"template":"","meta":{"_acf_changed":false},"product_brand":[],"product_cat":[1197,1188,3433,1258],"product_tag":[3434],"class_list":{"0":"post-185310","1":"product","2":"type-product","3":"status-publish","4":"has-post-thumbnail","6":"product_cat-accessories","7":"product_cat-luxura-boutique-en","8":"product_cat-luxury-gifts-en","9":"product_cat-sunglasses-en","10":"product_tag-loewe-en","11":"pa_badge-noua-colectie-en","12":"pa_categorie-accesorii-2","13":"pa_categorie-ochelari-loewe-en","14":"pa_conditie-new","15":"pa_designeri-loewe-en","16":"pa_pentru-women","17":"pa_subcategorie-sunglasses","19":"first","20":"outofstock","21":"sale","22":"shipping-taxable","23":"purchasable","24":"product-type-simple","25":"add-to-wishlist-before_image"},"acf":[],"yoast_head":"<!-- This site is optimized with the Yoast SEO Premium plugin v27.1 (Yoast SEO v27.1.1) - https:\/\/yoast.com\/product\/yoast-seo-premium-wordpress\/ -->\n<title>LOEWE Anagram Butterfly LW40128I 53V Havana<\/title>\n<meta name=\"description\" content=\"Descoper\u0103 LOEWE Anagram Butterfly LW40128I 53V Havana pre-owned. Descoper\u0103 o selec\u021bie diversificat\u0103 de stiluri de accesorii LOEWE.\" \/>\n<meta name=\"robots\" content=\"index, follow, max-snippet:-1, max-image-preview:large, max-video-preview:-1\" \/>\n<link rel=\"canonical\" href=\"https:\/\/luxuraelite.ro\/en\/produs\/new-collection-loewe-anagram-butterfly-lw40128i-53v-havana-sunglasses\/\" \/>\n<meta property=\"og:locale\" content=\"en_US\" \/>\n<meta property=\"og:type\" content=\"article\" \/>\n<meta property=\"og:title\" content=\"LOUIS VUITTON 1.1 Millionaires Sunglasses Z1166W\" \/>\n<meta property=\"og:description\" content=\"Descoper\u0103 LOUIS VUITTON 1.1 Millionaires Sunglasses Z1166W pre-owned. Descoper\u0103 o selec\u021bie diversificat\u0103 de stiluri de accesorii LOUIS VUITTON.\" \/>\n<meta property=\"og:url\" content=\"https:\/\/luxuraelite.ro\/en\/produs\/new-collection-loewe-anagram-butterfly-lw40128i-53v-havana-sunglasses\/\" \/>\n<meta property=\"og:site_name\" content=\"LUXURA\" \/>\n<meta property=\"article:publisher\" content=\"https:\/\/www.facebook.com\/luxuraelite\" \/>\n<meta property=\"article:modified_time\" content=\"2026-01-06T00:23:49+00:00\" \/>\n<meta property=\"og:image\" content=\"https:\/\/d3lgebelm9dr8d.cloudfront.net\/wp-content\/uploads\/2025\/04\/26103316\/C5D42653-scaled.jpg\" \/>\n\t<meta property=\"og:image:width\" content=\"1707\" \/>\n\t<meta property=\"og:image:height\" content=\"2560\" \/>\n\t<meta property=\"og:image:type\" content=\"image\/jpeg\" \/>\n<meta name=\"twitter:card\" content=\"summary_large_image\" \/>\n<meta name=\"twitter:title\" content=\"&lt;span style=&quot;font-size: 10px; color: rgb(101, 101, 101);letter-spacing: .15em;&quot;&gt; NEW COLLECTION&lt;\/span&gt;&lt;br&gt;&lt;strong&gt; LOEWE &lt;\/strong&gt;&lt;br&gt;&lt;div style=&quot;margin-top:10px; font-size:16px;&quot;&gt;Anagram Butterfly LW40128I 53V Havana Sunglasses&lt;\/div&gt;&lt;br&gt;\" \/>\n<meta name=\"twitter:description\" content=\"Produs eligil pentru plata in rate -\" \/>\n<meta name=\"twitter:label1\" content=\"Price\" \/>\n\t<meta name=\"twitter:data1\" content=\"1.000,00&nbsp;lei\" \/>\n\t<meta name=\"twitter:label2\" content=\"Availability\" \/>\n\t<meta name=\"twitter:data2\" content=\"Out of stock\" \/>\n<script type=\"application\/ld+json\" class=\"yoast-schema-graph\">{\"@context\":\"https:\/\/schema.org\",\"@graph\":[{\"@type\":\"WebPage\",\"@id\":\"https:\/\/luxuraelite.ro\/en\/produs\/new-collection-loewe-anagram-butterfly-lw40128i-53v-havana-sunglasses\/\",\"url\":\"https:\/\/luxuraelite.ro\/en\/produs\/new-collection-loewe-anagram-butterfly-lw40128i-53v-havana-sunglasses\/\",\"name\":\"LOEWE Anagram Butterfly LW40128I 53V Havana\",\"isPartOf\":{\"@id\":\"https:\/\/luxuraelite.ro\/en\/#website\"},\"primaryImageOfPage\":{\"@id\":\"https:\/\/luxuraelite.ro\/en\/produs\/new-collection-loewe-anagram-butterfly-lw40128i-53v-havana-sunglasses\/#primaryimage\"},\"image\":{\"@id\":\"https:\/\/luxuraelite.ro\/en\/produs\/new-collection-loewe-anagram-butterfly-lw40128i-53v-havana-sunglasses\/#primaryimage\"},\"thumbnailUrl\":\"https:\/\/d3lgebelm9dr8d.cloudfront.net\/wp-content\/uploads\/2025\/04\/26103316\/C5D42653-scaled.jpg\",\"datePublished\":\"2025-04-26T08:31:39+00:00\",\"dateModified\":\"2026-01-06T00:23:49+00:00\",\"description\":\"Descoper\u0103 LOEWE Anagram Butterfly LW40128I 53V Havana pre-owned. Descoper\u0103 o selec\u021bie diversificat\u0103 de stiluri de accesorii LOEWE.\",\"breadcrumb\":{\"@id\":\"https:\/\/luxuraelite.ro\/en\/produs\/new-collection-loewe-anagram-butterfly-lw40128i-53v-havana-sunglasses\/#breadcrumb\"},\"inLanguage\":\"en-US\",\"potentialAction\":[{\"@type\":\"ReadAction\",\"target\":[\"https:\/\/luxuraelite.ro\/en\/produs\/new-collection-loewe-anagram-butterfly-lw40128i-53v-havana-sunglasses\/\"]}]},{\"@type\":\"ImageObject\",\"inLanguage\":\"en-US\",\"@id\":\"https:\/\/luxuraelite.ro\/en\/produs\/new-collection-loewe-anagram-butterfly-lw40128i-53v-havana-sunglasses\/#primaryimage\",\"url\":\"https:\/\/d3lgebelm9dr8d.cloudfront.net\/wp-content\/uploads\/2025\/04\/26103316\/C5D42653-scaled.jpg\",\"contentUrl\":\"https:\/\/d3lgebelm9dr8d.cloudfront.net\/wp-content\/uploads\/2025\/04\/26103316\/C5D42653-scaled.jpg\",\"width\":1707,\"height\":2560,\"caption\":\"Accesorii | LOEWE Anagram Butterfly LW40128I 53V Havana Sunglasses\"},{\"@type\":\"BreadcrumbList\",\"@id\":\"https:\/\/luxuraelite.ro\/en\/produs\/new-collection-loewe-anagram-butterfly-lw40128i-53v-havana-sunglasses\/#breadcrumb\",\"itemListElement\":[{\"@type\":\"ListItem\",\"position\":1,\"name\":\"Prima pagin\u0103\",\"item\":\"https:\/\/luxuraelite.ro\/en\/\"},{\"@type\":\"ListItem\",\"position\":2,\"name\":\"Magazin\",\"item\":\"https:\/\/luxuraelite.ro\/magazin\/\"},{\"@type\":\"ListItem\",\"position\":3,\"name\":\"NEW COLLECTION LOEWE Anagram Butterfly LW40128I 53V Havana Sunglasses\"}]},{\"@type\":\"WebSite\",\"@id\":\"https:\/\/luxuraelite.ro\/en\/#website\",\"url\":\"https:\/\/luxuraelite.ro\/en\/\",\"name\":\"LUXURA\",\"description\":\"For the woman who deserves it\",\"publisher\":{\"@id\":\"https:\/\/luxuraelite.ro\/en\/#organization\"},\"alternateName\":\"Luxura Elite\",\"potentialAction\":[{\"@type\":\"SearchAction\",\"target\":{\"@type\":\"EntryPoint\",\"urlTemplate\":\"https:\/\/luxuraelite.ro\/en\/?s={search_term_string}\"},\"query-input\":{\"@type\":\"PropertyValueSpecification\",\"valueRequired\":true,\"valueName\":\"search_term_string\"}}],\"inLanguage\":\"en-US\"},{\"@type\":\"Organization\",\"@id\":\"https:\/\/luxuraelite.ro\/en\/#organization\",\"name\":\"Luxura Elite\",\"alternateName\":\"Luxura\",\"url\":\"https:\/\/luxuraelite.ro\/en\/\",\"logo\":{\"@type\":\"ImageObject\",\"inLanguage\":\"en-US\",\"@id\":\"https:\/\/luxuraelite.ro\/en\/#\/schema\/logo\/image\/\",\"url\":\"https:\/\/luxuraelite.ro\/wp-content\/uploads\/2021\/08\/logo_dark.png\",\"contentUrl\":\"https:\/\/luxuraelite.ro\/wp-content\/uploads\/2021\/08\/logo_dark.png\",\"width\":1001,\"height\":778,\"caption\":\"Luxura Elite\"},\"image\":{\"@id\":\"https:\/\/luxuraelite.ro\/en\/#\/schema\/logo\/image\/\"},\"sameAs\":[\"https:\/\/www.facebook.com\/luxuraelite\",\"https:\/\/www.instagram.com\/luxuraelite\/\"],\"description\":\"LUXURA ELITE BOUTIQUE is the pinnacle, a meticulously curated space both online and offline, where you can find luxury pre-owned items evaluated and authenticated with a very high level of expertise and accuracy. The Luxura Elite team is dedicated to finding the most sought-after and desired ultra-luxury pieces from the world's top brands, pieces that you can confidently add to your wardrobe.\",\"email\":\"suport@luxuraelite.ro\",\"telephone\":\"40374414660\",\"legalName\":\"Luxura Elite Club\",\"foundingDate\":\"2019-04-29\",\"vatID\":\"RO43428737\",\"numberOfEmployees\":{\"@type\":\"QuantitativeValue\",\"minValue\":\"1\",\"maxValue\":\"10\"},\"publishingPrinciples\":\"https:\/\/luxuraelite.ro\/despre-noi\/\",\"actionableFeedbackPolicy\":\"https:\/\/luxuraelite.ro\/feedback-clienti\/\",\"correctionsPolicy\":\"https:\/\/luxuraelite.ro\/politica-privind-protectia-datelor-cu-caracter-personal\/\",\"ethicsPolicy\":\"https:\/\/luxuraelite.ro\/politica-privind-protectia-datelor-cu-caracter-personal\/\",\"hasMerchantReturnPolicy\":{\"@type\":\"MerchantReturnPolicy\",\"merchantReturnLink\":\"https:\/\/luxuraelite.ro\/cerere-de-retur\/\"}}]}<\/script>\n<meta property=\"product:brand\" content=\"Loewe\" \/>\n<meta property=\"product:price:amount\" content=\"1000.00\" \/>\n<meta property=\"product:price:currency\" content=\"RON\" \/>\n<meta property=\"og:availability\" content=\"out of stock\" \/>\n<meta property=\"product:availability\" content=\"out of stock\" \/>\n<meta property=\"product:retailer_item_id\" content=\"ACLEB00185310\" \/>\n<meta property=\"product:condition\" content=\"new\" \/>\n<!-- \/ Yoast SEO Premium plugin. -->","yoast_head_json":{"title":"LOEWE Anagram Butterfly LW40128I 53V Havana","description":"Descoper\u0103 LOEWE Anagram Butterfly LW40128I 53V Havana pre-owned. Descoper\u0103 o selec\u021bie diversificat\u0103 de stiluri de accesorii LOEWE.","robots":{"index":"index","follow":"follow","max-snippet":"max-snippet:-1","max-image-preview":"max-image-preview:large","max-video-preview":"max-video-preview:-1"},"canonical":"https:\/\/luxuraelite.ro\/en\/produs\/new-collection-loewe-anagram-butterfly-lw40128i-53v-havana-sunglasses\/","og_locale":"en_US","og_type":"article","og_title":"LOUIS VUITTON 1.1 Millionaires Sunglasses Z1166W","og_description":"Descoper\u0103 LOUIS VUITTON 1.1 Millionaires Sunglasses Z1166W pre-owned. Descoper\u0103 o selec\u021bie diversificat\u0103 de stiluri de accesorii LOUIS VUITTON.","og_url":"https:\/\/luxuraelite.ro\/en\/produs\/new-collection-loewe-anagram-butterfly-lw40128i-53v-havana-sunglasses\/","og_site_name":"LUXURA","article_publisher":"https:\/\/www.facebook.com\/luxuraelite","article_modified_time":"2026-01-06T00:23:49+00:00","og_image":[{"width":1707,"height":2560,"url":"https:\/\/d3lgebelm9dr8d.cloudfront.net\/wp-content\/uploads\/2025\/04\/26103316\/C5D42653-scaled.jpg","type":"image\/jpeg"}],"twitter_card":"summary_large_image","twitter_title":"<span style=\"font-size: 10px; color: rgb(101, 101, 101);letter-spacing: .15em;\"> NEW COLLECTION<\/span><br><strong> LOEWE <\/strong><br><div style=\"margin-top:10px; font-size:16px;\">Anagram Butterfly LW40128I 53V Havana Sunglasses<\/div><br>","twitter_description":"Produs eligil pentru plata in rate -","twitter_misc":{"Price":"1.000,00&nbsp;lei","Availability":"Out of stock"},"schema":{"@context":"https:\/\/schema.org","@graph":[{"@type":"WebPage","@id":"https:\/\/luxuraelite.ro\/en\/produs\/new-collection-loewe-anagram-butterfly-lw40128i-53v-havana-sunglasses\/","url":"https:\/\/luxuraelite.ro\/en\/produs\/new-collection-loewe-anagram-butterfly-lw40128i-53v-havana-sunglasses\/","name":"LOEWE Anagram Butterfly LW40128I 53V Havana","isPartOf":{"@id":"https:\/\/luxuraelite.ro\/en\/#website"},"primaryImageOfPage":{"@id":"https:\/\/luxuraelite.ro\/en\/produs\/new-collection-loewe-anagram-butterfly-lw40128i-53v-havana-sunglasses\/#primaryimage"},"image":{"@id":"https:\/\/luxuraelite.ro\/en\/produs\/new-collection-loewe-anagram-butterfly-lw40128i-53v-havana-sunglasses\/#primaryimage"},"thumbnailUrl":"https:\/\/d3lgebelm9dr8d.cloudfront.net\/wp-content\/uploads\/2025\/04\/26103316\/C5D42653-scaled.jpg","datePublished":"2025-04-26T08:31:39+00:00","dateModified":"2026-01-06T00:23:49+00:00","description":"Descoper\u0103 LOEWE Anagram Butterfly LW40128I 53V Havana pre-owned. Descoper\u0103 o selec\u021bie diversificat\u0103 de stiluri de accesorii LOEWE.","breadcrumb":{"@id":"https:\/\/luxuraelite.ro\/en\/produs\/new-collection-loewe-anagram-butterfly-lw40128i-53v-havana-sunglasses\/#breadcrumb"},"inLanguage":"en-US","potentialAction":[{"@type":"ReadAction","target":["https:\/\/luxuraelite.ro\/en\/produs\/new-collection-loewe-anagram-butterfly-lw40128i-53v-havana-sunglasses\/"]}]},{"@type":"ImageObject","inLanguage":"en-US","@id":"https:\/\/luxuraelite.ro\/en\/produs\/new-collection-loewe-anagram-butterfly-lw40128i-53v-havana-sunglasses\/#primaryimage","url":"https:\/\/d3lgebelm9dr8d.cloudfront.net\/wp-content\/uploads\/2025\/04\/26103316\/C5D42653-scaled.jpg","contentUrl":"https:\/\/d3lgebelm9dr8d.cloudfront.net\/wp-content\/uploads\/2025\/04\/26103316\/C5D42653-scaled.jpg","width":1707,"height":2560,"caption":"Accesorii | LOEWE Anagram Butterfly LW40128I 53V Havana Sunglasses"},{"@type":"BreadcrumbList","@id":"https:\/\/luxuraelite.ro\/en\/produs\/new-collection-loewe-anagram-butterfly-lw40128i-53v-havana-sunglasses\/#breadcrumb","itemListElement":[{"@type":"ListItem","position":1,"name":"Prima pagin\u0103","item":"https:\/\/luxuraelite.ro\/en\/"},{"@type":"ListItem","position":2,"name":"Magazin","item":"https:\/\/luxuraelite.ro\/magazin\/"},{"@type":"ListItem","position":3,"name":"NEW COLLECTION LOEWE Anagram Butterfly LW40128I 53V Havana Sunglasses"}]},{"@type":"WebSite","@id":"https:\/\/luxuraelite.ro\/en\/#website","url":"https:\/\/luxuraelite.ro\/en\/","name":"LUXURA","description":"For the woman who deserves it","publisher":{"@id":"https:\/\/luxuraelite.ro\/en\/#organization"},"alternateName":"Luxura Elite","potentialAction":[{"@type":"SearchAction","target":{"@type":"EntryPoint","urlTemplate":"https:\/\/luxuraelite.ro\/en\/?s={search_term_string}"},"query-input":{"@type":"PropertyValueSpecification","valueRequired":true,"valueName":"search_term_string"}}],"inLanguage":"en-US"},{"@type":"Organization","@id":"https:\/\/luxuraelite.ro\/en\/#organization","name":"Luxura Elite","alternateName":"Luxura","url":"https:\/\/luxuraelite.ro\/en\/","logo":{"@type":"ImageObject","inLanguage":"en-US","@id":"https:\/\/luxuraelite.ro\/en\/#\/schema\/logo\/image\/","url":"https:\/\/luxuraelite.ro\/wp-content\/uploads\/2021\/08\/logo_dark.png","contentUrl":"https:\/\/luxuraelite.ro\/wp-content\/uploads\/2021\/08\/logo_dark.png","width":1001,"height":778,"caption":"Luxura Elite"},"image":{"@id":"https:\/\/luxuraelite.ro\/en\/#\/schema\/logo\/image\/"},"sameAs":["https:\/\/www.facebook.com\/luxuraelite","https:\/\/www.instagram.com\/luxuraelite\/"],"description":"LUXURA ELITE BOUTIQUE is the pinnacle, a meticulously curated space both online and offline, where you can find luxury pre-owned items evaluated and authenticated with a very high level of expertise and accuracy. The Luxura Elite team is dedicated to finding the most sought-after and desired ultra-luxury pieces from the world's top brands, pieces that you can confidently add to your wardrobe.","email":"suport@luxuraelite.ro","telephone":"40374414660","legalName":"Luxura Elite Club","foundingDate":"2019-04-29","vatID":"RO43428737","numberOfEmployees":{"@type":"QuantitativeValue","minValue":"1","maxValue":"10"},"publishingPrinciples":"https:\/\/luxuraelite.ro\/despre-noi\/","actionableFeedbackPolicy":"https:\/\/luxuraelite.ro\/feedback-clienti\/","correctionsPolicy":"https:\/\/luxuraelite.ro\/politica-privind-protectia-datelor-cu-caracter-personal\/","ethicsPolicy":"https:\/\/luxuraelite.ro\/politica-privind-protectia-datelor-cu-caracter-personal\/","hasMerchantReturnPolicy":{"@type":"MerchantReturnPolicy","merchantReturnLink":"https:\/\/luxuraelite.ro\/cerere-de-retur\/"}}]},"product_brand":"Loewe","product_price_amount":"1000.00","product_price_currency":"RON","og_availability":"out of stock","product_availability":"out of stock","product_retailer_item_id":"ACLEB00185310","product_condition":"new"},"df_price":1000,"df_sale_price":1000,"df_regular_price":1600,"df_image_link":"https:\/\/d3lgebelm9dr8d.cloudfront.net\/wp-content\/uploads\/2025\/04\/26103316\/C5D42653-683x1024.jpg","_links":{"self":[{"href":"https:\/\/luxuraelite.ro\/en\/wp-json\/wp\/v2\/product\/185310","targetHints":{"allow":["GET"]}}],"collection":[{"href":"https:\/\/luxuraelite.ro\/en\/wp-json\/wp\/v2\/product"}],"about":[{"href":"https:\/\/luxuraelite.ro\/en\/wp-json\/wp\/v2\/types\/product"}],"wp:featuredmedia":[{"embeddable":true,"href":"https:\/\/luxuraelite.ro\/en\/wp-json\/wp\/v2\/media\/185311"}],"wp:attachment":[{"href":"https:\/\/luxuraelite.ro\/en\/wp-json\/wp\/v2\/media?parent=185310"}],"wp:term":[{"taxonomy":"product_brand","embeddable":true,"href":"https:\/\/luxuraelite.ro\/en\/wp-json\/wp\/v2\/product_brand?post=185310"},{"taxonomy":"product_cat","embeddable":true,"href":"https:\/\/luxuraelite.ro\/en\/wp-json\/wp\/v2\/product_cat?post=185310"},{"taxonomy":"product_tag","embeddable":true,"href":"https:\/\/luxuraelite.ro\/en\/wp-json\/wp\/v2\/product_tag?post=185310"}],"curies":[{"name":"wp","href":"https:\/\/api.w.org\/{rel}","templated":true}]}}