{"id":44707,"date":"2022-07-13T12:04:28","date_gmt":"2022-07-13T09:04:28","guid":{"rendered":"https:\/\/luxuraelite.ro\/?post_type=product&#038;p=44707"},"modified":"2025-05-12T14:05:55","modified_gmt":"2025-05-12T12:05:55","slug":"saint-laurentsunglasses-sl303-jerry-metal-silver","status":"publish","type":"product","link":"https:\/\/luxuraelite.ro\/bg\/produs\/saint-laurentsunglasses-sl303-jerry-metal-silver\/","title":{"rendered":"<strong> SAINT LAURENT<\/strong><br><div style=\"margin-top:10px; font-size:16px;\">Sunglasses SL303 Jerry &#8211; Metal Silver<\/div><br>"},"content":{"rendered":"<p class=\"p1\">\n        <div class=\"range\">\n            <div class=\"labels ac-one\">\n                <span class=\"label one active\">Nou<\/span>\n                <span class=\"label two \">Excelent<\/span>\n                <span class=\"label three \">Foarte Bun\u0103<\/span>\n                <span class=\"label four \">Bun\u0103<\/span>\n                <span class=\"label five \">Rezonabil<\/span>\n            <\/div>\n        <\/div>\n<p class=\"p1\">[abuc_short_code title=&#8220;Caracteristici Specifice&#8220; open=&#8220;no&#8220;]<\/p>\n<p>Pre-owned nepurtat, nu prezint\u0103 absolut niciun semn de uzur\u0103.<\/p>\n<p class=\"p1\">[\/abuc_short_code]<\/p>\n<p class=\"p1\">[abuc_short_code title=&#8220;DETALII&#8220; open=&#8220;yes&#8220;]<\/p>\n<p><strong>Dimensiuni lentil\u0103:\u00a0<\/strong>58 x 44.80<strong><br \/>\nLungimea templelor (mm): <\/strong>145<strong><br \/>\nL\u0103\u021bime punte (mm):\u00a0\u00a0<\/strong>13<br \/>\n<strong>Designer ID #<\/strong>: SL303<\/p>\n<div class=\"pdp__section-content\" style=\"box-sizing: border-box; -webkit-font-smoothing: antialiased; margin: 0px; padding: 0px; display: flex; flex-flow: row wrap; color: #000000; font-family: MaisonNeue-Book; font-size: 14px; font-style: normal; font-variant-ligatures: normal; font-variant-caps: normal; font-weight: 400; letter-spacing: normal; orphans: 2; text-align: left; text-indent: 0px; text-transform: none; white-space: normal; widows: 2; word-spacing: 0px; -webkit-text-stroke-width: 0px; background-color: #ffffff; text-decoration-thickness: initial; text-decoration-style: initial; text-decoration-color: initial;\">\n<div class=\"pdp__section-group \" style=\"box-sizing: border-box; -webkit-font-smoothing: antialiased; margin: 0px 0px 25px; padding: 0px 15px 0px 0px; width: 147.992px;\">\n<div class=\"pdp__group-title\" style=\"box-sizing: border-box; -webkit-font-smoothing: antialiased; margin: 0px; padding: 0px; font-family: MaisonNeue-Demi, Helvetica, Arial, sans-serif; font-size: 0.875rem; color: #767676; letter-spacing: 0px; line-height: 24px; display: inline-block;\">Culoare Exterioar\u0103<\/div>\n<div class=\"pdp__group-item\" style=\"box-sizing: border-box; -webkit-font-smoothing: antialiased; margin: 0px; padding: 0px; font-family: MaisonNeue-Book, Helvetica, Arial, sans-serif; font-size: 0.875rem; color: #000000; letter-spacing: 0px; line-height: 24px;\">Gri<\/div>\n<\/div>\n<div class=\"pdp__section-group \" style=\"box-sizing: border-box; -webkit-font-smoothing: antialiased; margin: 0px 0px 25px; padding: 0px 15px 0px 0px; width: 147.992px;\">\n<div class=\"pdp__group-title\" style=\"box-sizing: border-box; -webkit-font-smoothing: antialiased; margin: 0px; padding: 0px; font-family: MaisonNeue-Demi, Helvetica, Arial, sans-serif; font-size: 0.875rem; color: #767676; letter-spacing: 0px; line-height: 24px; display: inline-block;\">Material Exterior<\/div>\n<div class=\"pdp__group-item\" style=\"box-sizing: border-box; -webkit-font-smoothing: antialiased; margin: 0px; padding: 0px; font-family: MaisonNeue-Book, Helvetica, Arial, sans-serif; font-size: 0.875rem; color: #000000; letter-spacing: 0px; line-height: 24px;\">Plastic \/ Metal<\/div>\n<\/div>\n<div class=\"pdp__section-group \" style=\"box-sizing: border-box; -webkit-font-smoothing: antialiased; margin: 0px 0px 25px; padding: 0px 15px 0px 0px; width: 147.992px;\">\n<div class=\"pdp__group-title\" style=\"box-sizing: border-box; -webkit-font-smoothing: antialiased; margin: 0px; padding: 0px; font-family: MaisonNeue-Demi, Helvetica, Arial, sans-serif; font-size: 0.875rem; color: #767676; letter-spacing: 0px; line-height: 24px; display: inline-block;\">Culoare Hardware<\/div>\n<div class=\"pdp__group-item\" style=\"box-sizing: border-box; -webkit-font-smoothing: antialiased; margin: 0px; padding: 0px; font-family: MaisonNeue-Book, Helvetica, Arial, sans-serif; font-size: 0.875rem; color: #000000; letter-spacing: 0px; line-height: 24px;\">Silver<\/div>\n<\/div>\n<div class=\"pdp__section-group \" style=\"box-sizing: border-box; -webkit-font-smoothing: antialiased; margin: 0px 0px 25px; padding: 0px; width: 147.992px;\">\n<div class=\"pdp__group-title\" style=\"box-sizing: border-box; -webkit-font-smoothing: antialiased; margin: 0px; padding: 0px; font-family: MaisonNeue-Demi, Helvetica, Arial, sans-serif; font-size: 0.875rem; color: #767676; letter-spacing: 0px; line-height: 24px; display: inline-block;\">Vine \u00eenso\u021bit<\/div>\n<div class=\"pdp__group-item\" style=\"box-sizing: border-box; -webkit-font-smoothing: antialiased; margin: 0px; padding: 0px; font-family: MaisonNeue-Book, Helvetica, Arial, sans-serif; font-size: 0.875rem; color: #000000; letter-spacing: 0px; line-height: 24px;\">\n<ul>\n<li class=\"pdp__group-item pdp__group-item--li\" style=\"box-sizing: border-box; -webkit-font-smoothing: antialiased; font-family: MaisonNeue-Book, Helvetica, Arial, sans-serif; font-size: 0.875rem; color: #000000; letter-spacing: 0px; line-height: 24px;\">Cutie<\/li>\n<li>Certificat<\/li>\n<li class=\"pdp__group-item pdp__group-item--li\" style=\"box-sizing: border-box; -webkit-font-smoothing: antialiased; font-family: MaisonNeue-Book, Helvetica, Arial, sans-serif; font-size: 0.875rem; color: #000000; letter-spacing: 0px; line-height: 24px;\">Dust bag<\/li>\n<li class=\"pdp__group-item pdp__group-item--li\" style=\"box-sizing: border-box; -webkit-font-smoothing: antialiased; font-family: MaisonNeue-Book, Helvetica, Arial, sans-serif; font-size: 0.875rem; color: #000000; letter-spacing: 0px; line-height: 24px;\">Certificat de conformitate<\/li>\n<\/ul>\n<\/div>\n<\/div>\n<div class=\"pdp__section-group \" style=\"box-sizing: border-box; -webkit-font-smoothing: antialiased; margin: 0px 0px 25px; padding: 0px 15px 0px 0px; width: 147.992px;\">\n<div class=\"pdp__group-title\" style=\"box-sizing: border-box; -webkit-font-smoothing: antialiased; margin: 0px; padding: 0px; font-family: MaisonNeue-Demi, Helvetica, Arial, sans-serif; font-size: 0.875rem; color: #767676; letter-spacing: 0px; line-height: 24px; display: inline-block;\">Loca\u021bie<\/div>\n<div class=\"pdp__group-item\" style=\"box-sizing: border-box; -webkit-font-smoothing: antialiased; margin: 0px; padding: 0px; font-family: MaisonNeue-Book, Helvetica, Arial, sans-serif; font-size: 0.875rem; color: #000000; letter-spacing: 0px; line-height: 24px;\">Luxura Boutique<\/div>\n<\/div>\n<\/div>\n<p class=\"p1\">[\/abuc_short_code]<\/p>\n<p class=\"p1\">[abuc_short_code title=&#8220;DESCRIERE&#8220; open=&#8220;no&#8220;]<\/p>\n<p>Ochelari de soare cu rame metalice triunghiulare \u0219i lentile din nailon.<br \/>\nO nou\u0103 culoare sofisticat\u0103 &#8211; ruteniu \u00eenchis combinat\u0103 cu lentile de bronz flash.<\/p>\n<ul>\n<li>Categoria de lentile: 3<\/li>\n<li>Greutate: 22 g<\/li>\n<li>Fabricat: Italia<\/li>\n<\/ul>\n<p><strong>Compozi\u021bie:<\/strong><br \/>\nMetal frontal: metal<br \/>\nMaterial bra\u021be: metal<br \/>\nMaterial lentile: nailon<br \/>\nMaterial cadru: metal<br \/>\nCuloare lentile: gri<\/p>\n<p class=\"p1\">[\/abuc_short_code]<\/p>\n<p class=\"p1\">[abuc_short_code title=&#8220;LIVRARE &amp; RETUR&#8220; open=&#8220;no&#8220;]<\/p>\n<p>Expedierea intern\u0103 standard \u00een Romania este GRATUIT\u0102.<\/p>\n<p>Transportul include: asigurare, confirmare semn\u0103tur\u0103 \u0219i ambalaj de calitate superioar\u0103. Toate articolele vor fi expediate, \u00een general, \u00een termen de 3 zile lucr\u0103toare de la confirmarea pl\u0103\u021bii. Termenii de livrare se calculeaz\u0103 \u00een zile lucr\u0103toare (de luni p\u00e2n\u0103 vineri, cu excep\u021bia s\u0103rb\u0103torilor legale).<\/p>\n<p>Returneaz\u0103: Da! Vrem s\u0103 fi\u021bi mul\u021bumit de achizi\u021bia dvs. Articolul poate fi returnat c\u0103tre Luxura Elite Club \u00een termen de 14 de zile de la data achizi\u021biei (dac\u0103 achizi\u021bia se face prin plat\u0103 integral\u0103 \u00een avans sau la livrare, NU \u00een sistem de rate ), cu etichetele de siguran\u021ba ata\u0219ate \u0219i \u00een starea ini\u021bial\u0103 pentru a primi o rambursare complet\u0103. Vede\u021bi aici politica complet\u0103 de returnare.<\/p>\n<p><a href=\"https:\/\/luxuraelite.ro\/wp-content\/uploads\/2022\/06\/qr-code-16.png\"><img loading=\"lazy\" decoding=\"async\" class=\"alignnone wp-image-41801\" src=\"https:\/\/luxuraelite.ro\/wp-content\/uploads\/2022\/06\/qr-code-16-300x300.png\" alt=\"\" width=\"108\" height=\"108\" srcset=\"https:\/\/luxuraelite.ro\/wp-content\/uploads\/2022\/06\/qr-code-16-300x300.png 300w, https:\/\/luxuraelite.ro\/wp-content\/uploads\/2022\/06\/qr-code-16-840x840.png 840w, https:\/\/luxuraelite.ro\/wp-content\/uploads\/2022\/06\/qr-code-16-1024x1024.png 1024w, https:\/\/luxuraelite.ro\/wp-content\/uploads\/2022\/06\/qr-code-16-150x150.png 150w, https:\/\/luxuraelite.ro\/wp-content\/uploads\/2022\/06\/qr-code-16-768x768.png 768w, https:\/\/luxuraelite.ro\/wp-content\/uploads\/2022\/06\/qr-code-16-1536x1536.png 1536w, https:\/\/luxuraelite.ro\/wp-content\/uploads\/2022\/06\/qr-code-16.png 2048w\" sizes=\"auto, (max-width: 108px) 100vw, 108px\" \/><\/a><br \/>\nS8Q3ST0874<\/p>\n<p>[\/abuc_short_code]<\/p>\n<p>[abuc_short_code title=&#8220;Doresc produsul prin LAYAWAY&#8220; open=&#8220;no&#8220;]<\/p>\n<table>\n<tbody>\n<tr>\n<td>\n<div><strong>Avans 15%<\/strong><\/div>\n<\/td>\n<td>\n<div><strong>1Rata<\/strong><\/div>\n<\/td>\n<td>\n<div><strong>2 Rate<\/strong><\/div>\n<\/td>\n<td>\n<div><\/div>\n<\/td>\n<\/tr>\n<tr>\n<td>\n<div>187.5 RON<\/div>\n<\/td>\n<td>\n<div>1062.5<\/div>\n<div>\u00a0<sup>RON\/lun\u0103<\/sup><\/div>\n<\/td>\n<td>\n<div>531.25<\/div>\n<div><sup>RON\/lun\u0103<\/sup><\/div>\n<\/td>\n<td><\/td>\n<\/tr>\n<\/tbody>\n<\/table>\n<p style=\"text-align: center;\">COMISION <strong>0%<\/strong><\/p>\n<p style=\"text-align: center;\" align=\"center\">Acum pl\u0103te\u0219ti doar avansul iar noi o s\u0103 te contact\u0103m \u00een maxim 4 ore pentru semnarea contractului. Totul este online \u0219i rapid.<\/p>\n<p>[\/abuc_short_code]<\/p>\n<p><span style=\"color: #595959; font-family: Metropolis, 'Helvetica Neue', Helvetica, Arial, sans-serif; font-size: 10.26px; font-style: normal; font-variant-ligatures: normal; font-variant-caps: normal; font-weight: 200; letter-spacing: normal; orphans: 2; text-align: start; text-indent: 0px; text-transform: none; white-space: normal; widows: 2; word-spacing: 0px; -webkit-text-stroke-width: 0px; background-color: #ffffff; text-decoration-thickness: initial; text-decoration-style: initial; text-decoration-color: initial; display: inline !important; float: none;\">SAINT LAURENT este marc\u0103 \u00eenregistrat\u0103 SAINT LAURENT. Luxura Elite nu este afiliat\u0103 cu SAINT LAURENT.<\/span><\/p>\n","protected":false},"excerpt":{"rendered":"<p>[abuc_short_code title=&#8220;Caracteristici Specifice&#8220; open=&#8220;no&#8220;] Pre-owned nepurtat, nu prezint\u0103 absolut niciun semn de uzur\u0103. [\/abuc_short_code] [abuc_short_code title=&#8220;DETALII&#8220; open=&#8220;yes&#8220;] Dimensiuni lentil\u0103:\u00a058 x 44.80 Lungimea templelor (mm): 145 L\u0103\u021bime punte (mm):\u00a0\u00a013 Designer ID&hellip;<\/p>\n","protected":false},"featured_media":44815,"template":"","meta":{"_acf_changed":false},"product_brand":[],"product_cat":[1188,1197,1258],"product_tag":[224],"class_list":{"0":"post-44707","1":"product","2":"type-product","3":"status-publish","4":"has-post-thumbnail","6":"product_cat-luxura-boutique-en","7":"product_cat-accessories","8":"product_cat-sunglasses-en","9":"product_tag-saint-laurent","10":"pa_categorie-accessories","11":"pa_categorie-ochelari-saint-laurent","12":"pa_conditie-very-good","13":"pa_designeri-saint-laurent","14":"pa_subcategorie-sunglasses","16":"first","17":"outofstock","18":"purchasable","19":"product-type-simple","20":"add-to-wishlist-before_image"},"acf":[],"yoast_head":"<!-- This site is optimized with the Yoast SEO Premium plugin v27.1 (Yoast SEO v27.1.1) - https:\/\/yoast.com\/product\/yoast-seo-premium-wordpress\/ -->\n<title>SAINT LAURENTSunglasses SL303 Jerry - Metal Silver - LUXURA<\/title>\n<meta name=\"description\" content=\"Produs eligil pentru plata in rate %\" \/>\n<meta name=\"robots\" content=\"index, follow, max-snippet:-1, max-image-preview:large, max-video-preview:-1\" \/>\n<link rel=\"canonical\" href=\"https:\/\/luxuraelite.ro\/bg\/produs\/saint-laurentsunglasses-sl303-jerry-metal-silver\/\" \/>\n<meta property=\"og:locale\" content=\"bg_BG\" \/>\n<meta property=\"og:type\" content=\"article\" \/>\n<meta property=\"og:title\" content=\"SAINT LAURENTSunglasses SL303 Jerry - Metal Silver\" \/>\n<meta property=\"og:description\" content=\"Produs eligil pentru plata in rate -\" \/>\n<meta property=\"og:url\" content=\"https:\/\/luxuraelite.ro\/bg\/produs\/saint-laurentsunglasses-sl303-jerry-metal-silver\/\" \/>\n<meta property=\"og:site_name\" content=\"LUXURA\" \/>\n<meta property=\"article:publisher\" content=\"https:\/\/www.facebook.com\/luxuraelite\" \/>\n<meta property=\"article:modified_time\" content=\"2025-05-12T12:05:55+00:00\" \/>\n<meta property=\"og:image\" content=\"https:\/\/luxuraelite.ro\/wp-content\/uploads\/2022\/07\/5D46069-1-scaled.jpg\" \/>\n\t<meta property=\"og:image:width\" content=\"2048\" \/>\n\t<meta property=\"og:image:height\" content=\"2048\" \/>\n\t<meta property=\"og:image:type\" content=\"image\/jpeg\" \/>\n<meta name=\"twitter:card\" content=\"summary_large_image\" \/>\n<meta name=\"twitter:label1\" content=\"Price\" \/>\n\t<meta name=\"twitter:data1\" content=\"1.250,00&nbsp;lei\" \/>\n\t<meta name=\"twitter:label2\" content=\"Availability\" \/>\n\t<meta name=\"twitter:data2\" content=\"Out of stock\" \/>\n<script type=\"application\/ld+json\" class=\"yoast-schema-graph\">{\"@context\":\"https:\/\/schema.org\",\"@graph\":[{\"@type\":\"WebPage\",\"@id\":\"https:\/\/luxuraelite.ro\/bg\/produs\/saint-laurentsunglasses-sl303-jerry-metal-silver\/\",\"url\":\"https:\/\/luxuraelite.ro\/bg\/produs\/saint-laurentsunglasses-sl303-jerry-metal-silver\/\",\"name\":\"SAINT LAURENT Sunglasses SL303 Jerry - Metal Silver - LUXURA\",\"isPartOf\":{\"@id\":\"https:\/\/luxuraelite.ro\/bg\/#website\"},\"primaryImageOfPage\":{\"@id\":\"https:\/\/luxuraelite.ro\/bg\/produs\/saint-laurentsunglasses-sl303-jerry-metal-silver\/#primaryimage\"},\"image\":{\"@id\":\"https:\/\/luxuraelite.ro\/bg\/produs\/saint-laurentsunglasses-sl303-jerry-metal-silver\/#primaryimage\"},\"thumbnailUrl\":\"https:\/\/luxuraelite.ro\/wp-content\/uploads\/2022\/07\/5D46069-1-scaled.jpg\",\"datePublished\":\"2022-07-13T09:04:28+00:00\",\"dateModified\":\"2025-05-12T12:05:55+00:00\",\"description\":\"Produs eligil pentru plata in rate %\",\"breadcrumb\":{\"@id\":\"https:\/\/luxuraelite.ro\/bg\/produs\/saint-laurentsunglasses-sl303-jerry-metal-silver\/#breadcrumb\"},\"inLanguage\":\"bg-BG\",\"potentialAction\":[{\"@type\":\"ReadAction\",\"target\":[\"https:\/\/luxuraelite.ro\/bg\/produs\/saint-laurentsunglasses-sl303-jerry-metal-silver\/\"]}]},{\"@type\":\"ImageObject\",\"inLanguage\":\"bg-BG\",\"@id\":\"https:\/\/luxuraelite.ro\/bg\/produs\/saint-laurentsunglasses-sl303-jerry-metal-silver\/#primaryimage\",\"url\":\"https:\/\/luxuraelite.ro\/wp-content\/uploads\/2022\/07\/5D46069-1-scaled.jpg\",\"contentUrl\":\"https:\/\/luxuraelite.ro\/wp-content\/uploads\/2022\/07\/5D46069-1-scaled.jpg\",\"width\":2048,\"height\":2048,\"caption\":\"Timisoara, Joi 7 Iulie 2022, \u00a9Cornel Putan\"},{\"@type\":\"BreadcrumbList\",\"@id\":\"https:\/\/luxuraelite.ro\/bg\/produs\/saint-laurentsunglasses-sl303-jerry-metal-silver\/#breadcrumb\",\"itemListElement\":[{\"@type\":\"ListItem\",\"position\":1,\"name\":\"Prima pagin\u0103\",\"item\":\"https:\/\/luxuraelite.ro\/bg\/\"},{\"@type\":\"ListItem\",\"position\":2,\"name\":\"Magazin\",\"item\":\"https:\/\/luxuraelite.ro\/magazin\/\"},{\"@type\":\"ListItem\",\"position\":3,\"name\":\"SAINT LAURENTSunglasses SL303 Jerry &#8211; Metal Silver\"}]},{\"@type\":\"WebSite\",\"@id\":\"https:\/\/luxuraelite.ro\/bg\/#website\",\"url\":\"https:\/\/luxuraelite.ro\/bg\/\",\"name\":\"LUXURA\",\"description\":\"For the woman who deserves it\",\"publisher\":{\"@id\":\"https:\/\/luxuraelite.ro\/bg\/#organization\"},\"alternateName\":\"Luxura Elite\",\"potentialAction\":[{\"@type\":\"SearchAction\",\"target\":{\"@type\":\"EntryPoint\",\"urlTemplate\":\"https:\/\/luxuraelite.ro\/bg\/?s={search_term_string}\"},\"query-input\":{\"@type\":\"PropertyValueSpecification\",\"valueRequired\":true,\"valueName\":\"search_term_string\"}}],\"inLanguage\":\"bg-BG\"},{\"@type\":\"Organization\",\"@id\":\"https:\/\/luxuraelite.ro\/bg\/#organization\",\"name\":\"Luxura Elite\",\"alternateName\":\"Luxura\",\"url\":\"https:\/\/luxuraelite.ro\/bg\/\",\"logo\":{\"@type\":\"ImageObject\",\"inLanguage\":\"bg-BG\",\"@id\":\"https:\/\/luxuraelite.ro\/bg\/#\/schema\/logo\/image\/\",\"url\":\"https:\/\/luxuraelite.ro\/wp-content\/uploads\/2021\/08\/logo_dark.png\",\"contentUrl\":\"https:\/\/luxuraelite.ro\/wp-content\/uploads\/2021\/08\/logo_dark.png\",\"width\":1001,\"height\":778,\"caption\":\"Luxura Elite\"},\"image\":{\"@id\":\"https:\/\/luxuraelite.ro\/bg\/#\/schema\/logo\/image\/\"},\"sameAs\":[\"https:\/\/www.facebook.com\/luxuraelite\",\"https:\/\/www.instagram.com\/luxuraelite\/\"],\"description\":\"LUXURA ELITE BOUTIQUE is the pinnacle, a meticulously curated space both online and offline, where you can find luxury pre-owned items evaluated and authenticated with a very high level of expertise and accuracy. The Luxura Elite team is dedicated to finding the most sought-after and desired ultra-luxury pieces from the world's top brands, pieces that you can confidently add to your wardrobe.\",\"email\":\"suport@luxuraelite.ro\",\"telephone\":\"40374414660\",\"legalName\":\"Luxura Elite Club\",\"foundingDate\":\"2019-04-29\",\"vatID\":\"RO43428737\",\"numberOfEmployees\":{\"@type\":\"QuantitativeValue\",\"minValue\":\"1\",\"maxValue\":\"10\"},\"publishingPrinciples\":\"https:\/\/luxuraelite.ro\/despre-noi\/\",\"actionableFeedbackPolicy\":\"https:\/\/luxuraelite.ro\/feedback-clienti\/\",\"correctionsPolicy\":\"https:\/\/luxuraelite.ro\/politica-privind-protectia-datelor-cu-caracter-personal\/\",\"ethicsPolicy\":\"https:\/\/luxuraelite.ro\/politica-privind-protectia-datelor-cu-caracter-personal\/\",\"hasMerchantReturnPolicy\":{\"@type\":\"MerchantReturnPolicy\",\"merchantReturnLink\":\"https:\/\/luxuraelite.ro\/cerere-de-retur\/\"}}]}<\/script>\n<meta property=\"product:brand\" content=\"SAINT LAURENT\" \/>\n<meta property=\"product:price:amount\" content=\"1250.00\" \/>\n<meta property=\"product:price:currency\" content=\"RON\" \/>\n<meta property=\"og:availability\" content=\"out of stock\" \/>\n<meta property=\"product:availability\" content=\"out of stock\" \/>\n<meta property=\"product:retailer_item_id\" content=\"ACLEB00044707\" \/>\n<meta property=\"product:condition\" content=\"new\" \/>\n<!-- \/ Yoast SEO Premium plugin. -->","yoast_head_json":{"title":"SAINT LAURENTSunglasses SL303 Jerry - Metal Silver - LUXURA","description":"Produs eligil pentru plata in rate %","robots":{"index":"index","follow":"follow","max-snippet":"max-snippet:-1","max-image-preview":"max-image-preview:large","max-video-preview":"max-video-preview:-1"},"canonical":"https:\/\/luxuraelite.ro\/bg\/produs\/saint-laurentsunglasses-sl303-jerry-metal-silver\/","og_locale":"bg_BG","og_type":"article","og_title":"SAINT LAURENTSunglasses SL303 Jerry - Metal Silver","og_description":"Produs eligil pentru plata in rate -","og_url":"https:\/\/luxuraelite.ro\/bg\/produs\/saint-laurentsunglasses-sl303-jerry-metal-silver\/","og_site_name":"LUXURA","article_publisher":"https:\/\/www.facebook.com\/luxuraelite","article_modified_time":"2025-05-12T12:05:55+00:00","og_image":[{"width":2048,"height":2048,"url":"https:\/\/luxuraelite.ro\/wp-content\/uploads\/2022\/07\/5D46069-1-scaled.jpg","type":"image\/jpeg"}],"twitter_card":"summary_large_image","twitter_misc":{"Price":"1.250,00&nbsp;lei","Availability":"Out of stock"},"schema":{"@context":"https:\/\/schema.org","@graph":[{"@type":"WebPage","@id":"https:\/\/luxuraelite.ro\/bg\/produs\/saint-laurentsunglasses-sl303-jerry-metal-silver\/","url":"https:\/\/luxuraelite.ro\/bg\/produs\/saint-laurentsunglasses-sl303-jerry-metal-silver\/","name":"SAINT LAURENT Sunglasses SL303 Jerry - Metal Silver - LUXURA","isPartOf":{"@id":"https:\/\/luxuraelite.ro\/bg\/#website"},"primaryImageOfPage":{"@id":"https:\/\/luxuraelite.ro\/bg\/produs\/saint-laurentsunglasses-sl303-jerry-metal-silver\/#primaryimage"},"image":{"@id":"https:\/\/luxuraelite.ro\/bg\/produs\/saint-laurentsunglasses-sl303-jerry-metal-silver\/#primaryimage"},"thumbnailUrl":"https:\/\/luxuraelite.ro\/wp-content\/uploads\/2022\/07\/5D46069-1-scaled.jpg","datePublished":"2022-07-13T09:04:28+00:00","dateModified":"2025-05-12T12:05:55+00:00","description":"Produs eligil pentru plata in rate %","breadcrumb":{"@id":"https:\/\/luxuraelite.ro\/bg\/produs\/saint-laurentsunglasses-sl303-jerry-metal-silver\/#breadcrumb"},"inLanguage":"bg-BG","potentialAction":[{"@type":"ReadAction","target":["https:\/\/luxuraelite.ro\/bg\/produs\/saint-laurentsunglasses-sl303-jerry-metal-silver\/"]}]},{"@type":"ImageObject","inLanguage":"bg-BG","@id":"https:\/\/luxuraelite.ro\/bg\/produs\/saint-laurentsunglasses-sl303-jerry-metal-silver\/#primaryimage","url":"https:\/\/luxuraelite.ro\/wp-content\/uploads\/2022\/07\/5D46069-1-scaled.jpg","contentUrl":"https:\/\/luxuraelite.ro\/wp-content\/uploads\/2022\/07\/5D46069-1-scaled.jpg","width":2048,"height":2048,"caption":"Timisoara, Joi 7 Iulie 2022, \u00a9Cornel Putan"},{"@type":"BreadcrumbList","@id":"https:\/\/luxuraelite.ro\/bg\/produs\/saint-laurentsunglasses-sl303-jerry-metal-silver\/#breadcrumb","itemListElement":[{"@type":"ListItem","position":1,"name":"Prima pagin\u0103","item":"https:\/\/luxuraelite.ro\/bg\/"},{"@type":"ListItem","position":2,"name":"Magazin","item":"https:\/\/luxuraelite.ro\/magazin\/"},{"@type":"ListItem","position":3,"name":"SAINT LAURENTSunglasses SL303 Jerry &#8211; Metal Silver"}]},{"@type":"WebSite","@id":"https:\/\/luxuraelite.ro\/bg\/#website","url":"https:\/\/luxuraelite.ro\/bg\/","name":"LUXURA","description":"For the woman who deserves it","publisher":{"@id":"https:\/\/luxuraelite.ro\/bg\/#organization"},"alternateName":"Luxura Elite","potentialAction":[{"@type":"SearchAction","target":{"@type":"EntryPoint","urlTemplate":"https:\/\/luxuraelite.ro\/bg\/?s={search_term_string}"},"query-input":{"@type":"PropertyValueSpecification","valueRequired":true,"valueName":"search_term_string"}}],"inLanguage":"bg-BG"},{"@type":"Organization","@id":"https:\/\/luxuraelite.ro\/bg\/#organization","name":"Luxura Elite","alternateName":"Luxura","url":"https:\/\/luxuraelite.ro\/bg\/","logo":{"@type":"ImageObject","inLanguage":"bg-BG","@id":"https:\/\/luxuraelite.ro\/bg\/#\/schema\/logo\/image\/","url":"https:\/\/luxuraelite.ro\/wp-content\/uploads\/2021\/08\/logo_dark.png","contentUrl":"https:\/\/luxuraelite.ro\/wp-content\/uploads\/2021\/08\/logo_dark.png","width":1001,"height":778,"caption":"Luxura Elite"},"image":{"@id":"https:\/\/luxuraelite.ro\/bg\/#\/schema\/logo\/image\/"},"sameAs":["https:\/\/www.facebook.com\/luxuraelite","https:\/\/www.instagram.com\/luxuraelite\/"],"description":"LUXURA ELITE BOUTIQUE is the pinnacle, a meticulously curated space both online and offline, where you can find luxury pre-owned items evaluated and authenticated with a very high level of expertise and accuracy. The Luxura Elite team is dedicated to finding the most sought-after and desired ultra-luxury pieces from the world's top brands, pieces that you can confidently add to your wardrobe.","email":"suport@luxuraelite.ro","telephone":"40374414660","legalName":"Luxura Elite Club","foundingDate":"2019-04-29","vatID":"RO43428737","numberOfEmployees":{"@type":"QuantitativeValue","minValue":"1","maxValue":"10"},"publishingPrinciples":"https:\/\/luxuraelite.ro\/despre-noi\/","actionableFeedbackPolicy":"https:\/\/luxuraelite.ro\/feedback-clienti\/","correctionsPolicy":"https:\/\/luxuraelite.ro\/politica-privind-protectia-datelor-cu-caracter-personal\/","ethicsPolicy":"https:\/\/luxuraelite.ro\/politica-privind-protectia-datelor-cu-caracter-personal\/","hasMerchantReturnPolicy":{"@type":"MerchantReturnPolicy","merchantReturnLink":"https:\/\/luxuraelite.ro\/cerere-de-retur\/"}}]},"product_brand":"SAINT LAURENT","product_price_amount":"1250.00","product_price_currency":"RON","og_availability":"out of stock","product_availability":"out of stock","product_retailer_item_id":"ACLEB00044707","product_condition":"new"},"df_price":1250,"df_sale_price":"","df_regular_price":1250,"df_image_link":"https:\/\/luxuraelite.ro\/wp-content\/uploads\/2022\/07\/5D46069-1-1024x1024.jpg","_links":{"self":[{"href":"https:\/\/luxuraelite.ro\/bg\/wp-json\/wp\/v2\/product\/44707","targetHints":{"allow":["GET"]}}],"collection":[{"href":"https:\/\/luxuraelite.ro\/bg\/wp-json\/wp\/v2\/product"}],"about":[{"href":"https:\/\/luxuraelite.ro\/bg\/wp-json\/wp\/v2\/types\/product"}],"wp:featuredmedia":[{"embeddable":true,"href":"https:\/\/luxuraelite.ro\/bg\/wp-json\/wp\/v2\/media\/44815"}],"wp:attachment":[{"href":"https:\/\/luxuraelite.ro\/bg\/wp-json\/wp\/v2\/media?parent=44707"}],"wp:term":[{"taxonomy":"product_brand","embeddable":true,"href":"https:\/\/luxuraelite.ro\/bg\/wp-json\/wp\/v2\/product_brand?post=44707"},{"taxonomy":"product_cat","embeddable":true,"href":"https:\/\/luxuraelite.ro\/bg\/wp-json\/wp\/v2\/product_cat?post=44707"},{"taxonomy":"product_tag","embeddable":true,"href":"https:\/\/luxuraelite.ro\/bg\/wp-json\/wp\/v2\/product_tag?post=44707"}],"curies":[{"name":"wp","href":"https:\/\/api.w.org\/{rel}","templated":true}]}}