{"id":167405,"date":"2024-12-31T23:48:48","date_gmt":"2024-12-31T21:48:48","guid":{"rendered":"https:\/\/luxuraelite.ro\/?post_type=product&#038;p=167405"},"modified":"2026-03-09T08:12:11","modified_gmt":"2026-03-09T06:12:11","slug":"hard-to-find-louis-vuitton-silk-game-on-bandeau-black-white-mp2904-copiaza","status":"publish","type":"product","link":"https:\/\/luxuraelite.ro\/bg\/produs\/hard-to-find-louis-vuitton-silk-game-on-bandeau-black-white-mp2904-copiaza\/","title":{"rendered":"<span style=\"font-size: 10px; color: rgb(101, 101, 101);letter-spacing: .15em;\">HARD TO FIND<\/span><br><strong> LOUIS VUITTON <\/strong><br><div style=\"margin-top:10px; font-size:16px;\">Silk Game On Bandeau Black White MP2904<\/div><br> (copiaz\u0103)"},"content":{"rendered":"<div class=\"wpb-content-wrapper\"><p>[vc_row][vc_column]<\/p>\n<p>[vc_column_text]<\/p>\n\n        <div class=\"range\">\n            <div class=\"labels ac-one\">\n                <span class=\"label one active\">Nou<\/span>\n                <span class=\"label two \">Excelent<\/span>\n                <span class=\"label three \">Foarte Bun\u0103<\/span>\n                <span class=\"label four \">Bun\u0103<\/span>\n                <span class=\"label five \">Rezonabil<\/span>\n            <\/div>\n        <\/div>\n\n        \n<p>[\/vc_column_text]<\/p>\n<p>[vc_toggle title=&#8220;\u2729 Caracteristici Specifice&#8220; custom_font_container=&#8220;tag:p|font_size:18|text_align:left|line_height:3&#8243; custom_use_theme_fonts=&#8220;yes&#8220; use_custom_heading=&#8220;true&#8220; class=&#8220;&#8222;fa&#8222;&#8220;]<\/p>\n<p>Accesoriul este complet nou, sigilat \u00een ambalajul original al produc\u0103torului. Produsul nu a fost utilizat \u0219i este \u00eenso\u021bit de factur\u0103 . Ofer\u0103 o experien\u021b\u0103 premium, ideal pentru colec\u021bionari sau cadouri.<\/p>\n<p>[\/vc_toggle]<\/p>\n<p>[vc_toggle title=&#8220;DETALII&#8220; open=&#8220;true&#8220; custom_font_container=&#8220;tag:h5|font_size:19|text_align:left|line_height:3&#8243; custom_use_theme_fonts=&#8220;yes&#8220; use_custom_heading=&#8220;true&#8220;]<\/p>\n<div class=\"pdp__section-content\" style=\"box-sizing: border-box; -webkit-font-smoothing: antialiased; margin: 0px; padding: 0px; display: flex; flex-flow: row wrap; color: #000000; font-family: MaisonNeue-Book; font-size: 14px; font-style: normal; font-variant-ligatures: normal; font-variant-caps: normal; font-weight: 400; letter-spacing: normal; orphans: 2; text-align: left; text-indent: 0px; text-transform: none; white-space: normal; widows: 2; word-spacing: 0px; -webkit-text-stroke-width: 0px; background-color: #ffffff; text-decoration-thickness: initial; text-decoration-style: initial; text-decoration-color: initial;\">\n<div class=\"pdp__section-group \" style=\"box-sizing: border-box; -webkit-font-smoothing: antialiased; margin: 0px 0px 25px; padding: 0px 15px 0px 0px; width: 50%;\">\n<div class=\"pdp__group-title\" style=\"box-sizing: border-box; -webkit-font-smoothing: antialiased; margin: 0px; padding: 0px; font-family: MaisonNeue-Demi, Helvetica, Arial, sans-serif; font-size: 0.875rem; color: #767676; letter-spacing: 0px; line-height: 24px; display: inline-block;\">Culoare<\/div>\n<div class=\"pdp__group-item\" style=\"box-sizing: border-box; -webkit-font-smoothing: antialiased; margin: 0px; padding: 0px; font-family: MaisonNeue-Book, Helvetica, Arial, sans-serif; font-size: 0.875rem; color: #000000; letter-spacing: 0px; line-height: 24px;\">Alb \/ Albastru \/ Rosu \/ Negru<\/div>\n<\/div>\n<div class=\"pdp__section-group \" style=\"box-sizing: border-box; -webkit-font-smoothing: antialiased; margin: 0px 0px 25px; padding: 0px 15px 0px 0px; width: 50%;\">\n<div class=\"pdp__group-title\" style=\"box-sizing: border-box; -webkit-font-smoothing: antialiased; margin: 0px; padding: 0px; font-family: MaisonNeue-Demi, Helvetica, Arial, sans-serif; font-size: 0.875rem; color: #767676; letter-spacing: 0px; line-height: 24px; display: inline-block;\">Material<\/div>\n<div class=\"pdp__group-item\" style=\"box-sizing: border-box; -webkit-font-smoothing: antialiased; margin: 0px; padding: 0px; font-family: MaisonNeue-Book, Helvetica, Arial, sans-serif; font-size: 0.875rem; color: #000000; letter-spacing: 0px; line-height: 24px;\">Matase 100%<\/div>\n<\/div>\n<div class=\"pdp__section-group \" style=\"box-sizing: border-box; -webkit-font-smoothing: antialiased; margin: 0px 0px 25px; padding: 0px; width: 50%;\">\n<div class=\"pdp__group-title\" style=\"box-sizing: border-box; -webkit-font-smoothing: antialiased; margin: 0px; padding: 0px; font-family: MaisonNeue-Demi, Helvetica, Arial, sans-serif; font-size: 0.875rem; color: #767676; letter-spacing: 0px; line-height: 24px; display: inline-block;\">Vine \u00eenso\u021bit<\/div>\n<div class=\"pdp__group-item\" style=\"box-sizing: border-box; -webkit-font-smoothing: antialiased; margin: 0px; padding: 0px; font-family: MaisonNeue-Book, Helvetica, Arial, sans-serif; font-size: 0.875rem; color: #000000; letter-spacing: 0px; line-height: 24px;\">\n<div class=\"pdp__group-item pdp__group-item--li\" style=\"box-sizing: border-box; -webkit-font-smoothing: antialiased; margin: 0px; padding: 0px; font-family: MaisonNeue-Book, Helvetica, Arial, sans-serif; font-size: 0.875rem; color: #000000; letter-spacing: 0px; line-height: 24px;\">Certificat de conformitate<\/div>\n<div>Cutie<\/div>\n<div>Factura<\/div>\n<\/div>\n<\/div>\n<div class=\"pdp__section-group \" style=\"box-sizing: border-box; -webkit-font-smoothing: antialiased; margin: 0px 0px 25px; padding: 0px 15px 0px 0px; width: 50%;\">\n<div class=\"pdp__group-title\" style=\"box-sizing: border-box; -webkit-font-smoothing: antialiased; margin: 0px; padding: 0px; font-family: MaisonNeue-Demi, Helvetica, Arial, sans-serif; font-size: 0.875rem; color: #767676; letter-spacing: 0px; line-height: 24px; display: inline-block;\">Designer ID<\/div>\n<div class=\"pdp__group-item\" style=\"box-sizing: border-box; -webkit-font-smoothing: antialiased; margin: 0px; padding: 0px; font-family: MaisonNeue-Book, Helvetica, Arial, sans-serif; font-size: 0.875rem; color: #000000; letter-spacing: 0px; line-height: 24px;\">MP2904<\/div>\n<\/div>\n<div class=\"pdp__section-group \" style=\"box-sizing: border-box; -webkit-font-smoothing: antialiased; margin: 0px 0px 25px; padding: 0px 15px 0px 0px; width: 150px;\">\n<div class=\"pdp__group-title\" style=\"box-sizing: border-box; -webkit-font-smoothing: antialiased; margin: 0px; padding: 0px; font-family: MaisonNeue-Demi, Helvetica, Arial, sans-serif; font-size: 0.875rem; color: #767676; letter-spacing: 0px; line-height: 24px; display: inline-block;\">Loca\u021bie<\/div>\n<div class=\"pdp__group-item\" style=\"box-sizing: border-box; -webkit-font-smoothing: antialiased; margin: 0px; padding: 0px; font-family: MaisonNeue-Book, Helvetica, Arial, sans-serif; font-size: 0.875rem; color: #000000; letter-spacing: 0px; line-height: 24px;\">Exclusiv Online<\/div>\n<\/div>\n<\/div>\n<p><span style=\"font-size: 18px; font-weight: 500; color: #767676;\">M\u0103rime &amp; Dimensiuni<\/span><br \/>\nL\u0103\u021bime:\u00a0 \u00a0 \u00a0 \u00a08.0 cm<br \/>\nLungime: 118.5 cm<\/p>\n<p>[\/vc_toggle]<\/p>\n<p>[vc_separator]<\/p>\n<p>[vc_toggle title=&#8220;DESCRIERE&#8220; custom_font_container=&#8220;tag:h5|font_size:19|text_align:left|line_height:3&#8243; custom_use_theme_fonts=&#8220;yes&#8220; use_custom_heading=&#8220;true&#8220; css=&#8220;.vc_custom_1659790907923{margin-top: -30px !important;}&#8220;]<\/p>\n<p style=\"text-align: justify;\">[\/vc_toggle]<\/p>\n<p>[vc_separator]<\/p>\n<p>[vc_toggle title=&#8220;LIVRARE &amp; RETUR&#8220; custom_font_container=&#8220;tag:h5|font_size:19|text_align:left|line_height:3&#8243; custom_use_theme_fonts=&#8220;yes&#8220; use_custom_heading=&#8220;true&#8220; css=&#8220;.vc_custom_1659790915357{margin-top: -30px !important;}&#8220;]<\/p>\n<p style=\"text-align: justify;\">Expedierea intern\u0103 standard \u00een Romania este <strong>GRATUIT\u0102.<\/strong><\/p>\n<p style=\"text-align: justify;\">Transportul include: <strong>asigurare, confirmare semn\u0103tur\u0103 \u0219i ambalaj de calitate superioar\u0103<\/strong>. Toate articolele vor fi expediate, \u00een general, \u00een termen de 3 zile lucr\u0103toare de la confirmarea pl\u0103\u021bii. Termenii de livrare se calculeaz\u0103 \u00een zile lucr\u0103toare (de luni p\u00e2n\u0103 vineri, cu excep\u021bia s\u0103rb\u0103torilor legale).<\/p>\n<p style=\"text-align: justify;\">Returneaz\u0103: Da! Vrem s\u0103 fi\u021bi mul\u021bumit de achizi\u021bia dvs. Articolul poate fi returnat c\u0103tre Luxura Elite Club \u00een termen de 14 de zile de la data achizi\u021biei (dac\u0103 achizi\u021bia se face prin plat\u0103 integral\u0103 \u00een avans sau la livrare, NU \u00een sistem de rate ), cu etichetele de siguran\u021ba ata\u0219ate \u0219i \u00een starea ini\u021bial\u0103 pentru a primi o rambursare complet\u0103. Vede\u021bi aici politica complet\u0103 de returnare.<\/p>\n<div>\n<div tabindex=\"0\" role=\"button\">\n<div>\n<div tabindex=\"0\" role=\"button\">\n<div>\n<div tabindex=\"0\" role=\"button\">\n<div>\n<div tabindex=\"0\" role=\"button\">\n<div>\n<div tabindex=\"0\" role=\"button\"><a href=\"https:\/\/d3lgebelm9dr8d.cloudfront.net\/wp-content\/uploads\/2024\/12\/10075658\/qr-code-343.png\"><img loading=\"lazy\" decoding=\"async\" class=\"alignnone wp-image-160647\" src=\"https:\/\/d3lgebelm9dr8d.cloudfront.net\/wp-content\/uploads\/2024\/12\/10075658\/qr-code-343-300x300.png\" alt=\"\" width=\"116\" height=\"116\" srcset=\"https:\/\/d3lgebelm9dr8d.cloudfront.net\/wp-content\/uploads\/2024\/12\/10075658\/qr-code-343-300x300.png 300w, https:\/\/d3lgebelm9dr8d.cloudfront.net\/wp-content\/uploads\/2024\/12\/10075658\/qr-code-343-1024x1024.png 1024w, https:\/\/d3lgebelm9dr8d.cloudfront.net\/wp-content\/uploads\/2024\/12\/10075658\/qr-code-343-150x150.png 150w, https:\/\/d3lgebelm9dr8d.cloudfront.net\/wp-content\/uploads\/2024\/12\/10075658\/qr-code-343-768x768.png 768w, https:\/\/d3lgebelm9dr8d.cloudfront.net\/wp-content\/uploads\/2024\/12\/10075658\/qr-code-343-1536x1536.png 1536w, https:\/\/d3lgebelm9dr8d.cloudfront.net\/wp-content\/uploads\/2024\/12\/10075658\/qr-code-343-2048x2048.png 2048w, https:\/\/d3lgebelm9dr8d.cloudfront.net\/wp-content\/uploads\/2024\/12\/10075658\/qr-code-343-840x840.png 840w\" sizes=\"auto, (max-width: 116px) 100vw, 116px\" \/><\/a><\/div>\n<div tabindex=\"0\" role=\"button\">\n<div>\n<div tabindex=\"0\" role=\"button\"><span class=\"sc-beySbM jyPPDw\">S8Q3ST3087<\/span><\/div>\n<\/div>\n<\/div>\n<\/div>\n<\/div>\n<\/div>\n<\/div>\n<\/div>\n<\/div>\n<\/div>\n<\/div>\n<\/div>\n<p>[\/vc_toggle]<\/p>\n<p>[vc_separator]<\/p>\n<p>[\/vc_toggle][\/vc_column][\/vc_row]<\/p>\n<p><span style=\"color: #595959; font-family: Metropolis, 'Helvetica Neue', Helvetica, Arial, sans-serif; font-size: 10.26px; font-style: normal; font-variant-ligatures: normal; font-variant-caps: normal; font-weight: 200; letter-spacing: normal; orphans: 2; text-align: start; text-indent: 0px; text-transform: none; white-space: normal; widows: 2; word-spacing: 0px; -webkit-text-stroke-width: 0px; background-color: #ffffff; text-decoration-thickness: initial; text-decoration-style: initial; text-decoration-color: initial; display: inline !important; float: none;\">LOUIS VUITTON este marc\u0103 \u00eenregistrat\u0103 LOUIS VUITTON. Luxura Elite nu este afiliat\u0103 cu LOUIS VUITTON.<\/span><\/p>\n<\/div>","protected":false},"excerpt":{"rendered":"<p>[vc_row][vc_column] [vc_column_text] [\/vc_column_text] [vc_toggle title=&#8220;\u2729 Caracteristici Specifice&#8220; custom_font_container=&#8220;tag:p|font_size:18|text_align:left|line_height:3&#8243; custom_use_theme_fonts=&#8220;yes&#8220; use_custom_heading=&#8220;true&#8220; class=&#8220;&#8222;fa&#8222;&#8220;] Accesoriul este complet nou, sigilat \u00een ambalajul original al produc\u0103torului. Produsul nu a fost utilizat \u0219i este \u00eenso\u021bit de&hellip;<\/p>\n","protected":false},"featured_media":167406,"template":"","meta":{"_acf_changed":false},"product_brand":[],"product_cat":[191,193,381,740],"product_tag":[202],"class_list":{"0":"post-167405","1":"product","2":"type-product","3":"status-publish","4":"has-post-thumbnail","6":"product_cat-accesorii-2","7":"product_cat-luxura-boutique","8":"product_cat-scarves","9":"product_cat-welove","10":"product_tag-louis-vuitton","11":"pa_badge-hard-to-find","12":"pa_categorie-accessories","13":"pa_conditie-nou","14":"pa_designeri-louis-vuitton","15":"pa_pentru-women","16":"pa_subcategorie-esarfa","17":"pa_subcategorie-scarves","19":"first","20":"outofstock","21":"shipping-taxable","22":"purchasable","23":"product-type-simple","24":"add-to-wishlist-before_image"},"acf":[],"yoast_head":"<!-- This site is optimized with the Yoast SEO Premium plugin v27.1 (Yoast SEO v27.1.1) - https:\/\/yoast.com\/product\/yoast-seo-premium-wordpress\/ -->\n<title>HARD TO FIND LOUIS VUITTON Silk Game On Bandeau Black White MP2904 (copiaz\u0103) - LUXURA<\/title>\n<meta name=\"description\" content=\"Produs eligil pentru plata in rate %\" \/>\n<meta name=\"robots\" content=\"index, follow, max-snippet:-1, max-image-preview:large, max-video-preview:-1\" \/>\n<link rel=\"canonical\" href=\"https:\/\/luxuraelite.ro\/bg\/produs\/hard-to-find-louis-vuitton-silk-game-on-bandeau-black-white-mp2904-copiaza\/\" \/>\n<meta property=\"og:locale\" content=\"bg_BG\" \/>\n<meta property=\"og:type\" content=\"article\" \/>\n<meta property=\"og:title\" content=\"HARD TO FIND LOUIS VUITTON Silk Game On Bandeau Black White MP2904 (copiaz\u0103)\" \/>\n<meta property=\"og:description\" content=\"Produs eligil pentru plata in rate -\" \/>\n<meta property=\"og:url\" content=\"https:\/\/luxuraelite.ro\/bg\/produs\/hard-to-find-louis-vuitton-silk-game-on-bandeau-black-white-mp2904-copiaza\/\" \/>\n<meta property=\"og:site_name\" content=\"LUXURA\" \/>\n<meta property=\"article:publisher\" content=\"https:\/\/www.facebook.com\/luxuraelite\" \/>\n<meta property=\"article:modified_time\" content=\"2026-03-09T06:12:11+00:00\" \/>\n<meta property=\"og:image\" content=\"https:\/\/d3lgebelm9dr8d.cloudfront.net\/wp-content\/uploads\/2024\/11\/23235033\/8L4A5308-scaled.jpg\" \/>\n\t<meta property=\"og:image:width\" content=\"1707\" \/>\n\t<meta property=\"og:image:height\" content=\"2560\" \/>\n\t<meta property=\"og:image:type\" content=\"image\/jpeg\" \/>\n<meta name=\"twitter:card\" content=\"summary_large_image\" \/>\n<meta name=\"twitter:label1\" content=\"Price\" \/>\n\t<meta name=\"twitter:data1\" content=\"800,00&nbsp;lei\" \/>\n\t<meta name=\"twitter:label2\" content=\"Availability\" \/>\n\t<meta name=\"twitter:data2\" content=\"Out of stock\" \/>\n<script type=\"application\/ld+json\" class=\"yoast-schema-graph\">{\"@context\":\"https:\/\/schema.org\",\"@graph\":[{\"@type\":\"WebPage\",\"@id\":\"https:\/\/luxuraelite.ro\/bg\/produs\/hard-to-find-louis-vuitton-silk-game-on-bandeau-black-white-mp2904-copiaza\/\",\"url\":\"https:\/\/luxuraelite.ro\/bg\/produs\/hard-to-find-louis-vuitton-silk-game-on-bandeau-black-white-mp2904-copiaza\/\",\"name\":\"HARD TO FIND LOUIS VUITTON Silk Game On Bandeau Black White MP2904 (copiaz\u0103) - LUXURA\",\"isPartOf\":{\"@id\":\"https:\/\/luxuraelite.ro\/bg\/#website\"},\"primaryImageOfPage\":{\"@id\":\"https:\/\/luxuraelite.ro\/bg\/produs\/hard-to-find-louis-vuitton-silk-game-on-bandeau-black-white-mp2904-copiaza\/#primaryimage\"},\"image\":{\"@id\":\"https:\/\/luxuraelite.ro\/bg\/produs\/hard-to-find-louis-vuitton-silk-game-on-bandeau-black-white-mp2904-copiaza\/#primaryimage\"},\"thumbnailUrl\":\"https:\/\/d3lgebelm9dr8d.cloudfront.net\/wp-content\/uploads\/2024\/11\/23235033\/8L4A5308-scaled.jpg\",\"datePublished\":\"2024-12-31T21:48:48+00:00\",\"dateModified\":\"2026-03-09T06:12:11+00:00\",\"description\":\"Produs eligil pentru plata in rate %\",\"breadcrumb\":{\"@id\":\"https:\/\/luxuraelite.ro\/bg\/produs\/hard-to-find-louis-vuitton-silk-game-on-bandeau-black-white-mp2904-copiaza\/#breadcrumb\"},\"inLanguage\":\"bg-BG\",\"potentialAction\":[{\"@type\":\"ReadAction\",\"target\":[\"https:\/\/luxuraelite.ro\/bg\/produs\/hard-to-find-louis-vuitton-silk-game-on-bandeau-black-white-mp2904-copiaza\/\"]}]},{\"@type\":\"ImageObject\",\"inLanguage\":\"bg-BG\",\"@id\":\"https:\/\/luxuraelite.ro\/bg\/produs\/hard-to-find-louis-vuitton-silk-game-on-bandeau-black-white-mp2904-copiaza\/#primaryimage\",\"url\":\"https:\/\/d3lgebelm9dr8d.cloudfront.net\/wp-content\/uploads\/2024\/11\/23235033\/8L4A5308-scaled.jpg\",\"contentUrl\":\"https:\/\/d3lgebelm9dr8d.cloudfront.net\/wp-content\/uploads\/2024\/11\/23235033\/8L4A5308-scaled.jpg\",\"width\":1707,\"height\":2560,\"caption\":\"Accesorii | LOUIS VUITTON Silk Lettre A Louis Bandeau White\"},{\"@type\":\"BreadcrumbList\",\"@id\":\"https:\/\/luxuraelite.ro\/bg\/produs\/hard-to-find-louis-vuitton-silk-game-on-bandeau-black-white-mp2904-copiaza\/#breadcrumb\",\"itemListElement\":[{\"@type\":\"ListItem\",\"position\":1,\"name\":\"Prima pagin\u0103\",\"item\":\"https:\/\/luxuraelite.ro\/bg\/\"},{\"@type\":\"ListItem\",\"position\":2,\"name\":\"Magazin\",\"item\":\"https:\/\/luxuraelite.ro\/magazin\/\"},{\"@type\":\"ListItem\",\"position\":3,\"name\":\"HARD TO FIND LOUIS VUITTON Silk Game On Bandeau Black White MP2904 (copiaz\u0103)\"}]},{\"@type\":\"WebSite\",\"@id\":\"https:\/\/luxuraelite.ro\/bg\/#website\",\"url\":\"https:\/\/luxuraelite.ro\/bg\/\",\"name\":\"LUXURA\",\"description\":\"For the woman who deserves it\",\"publisher\":{\"@id\":\"https:\/\/luxuraelite.ro\/bg\/#organization\"},\"alternateName\":\"Luxura Elite\",\"potentialAction\":[{\"@type\":\"SearchAction\",\"target\":{\"@type\":\"EntryPoint\",\"urlTemplate\":\"https:\/\/luxuraelite.ro\/bg\/?s={search_term_string}\"},\"query-input\":{\"@type\":\"PropertyValueSpecification\",\"valueRequired\":true,\"valueName\":\"search_term_string\"}}],\"inLanguage\":\"bg-BG\"},{\"@type\":\"Organization\",\"@id\":\"https:\/\/luxuraelite.ro\/bg\/#organization\",\"name\":\"Luxura Elite\",\"alternateName\":\"Luxura\",\"url\":\"https:\/\/luxuraelite.ro\/bg\/\",\"logo\":{\"@type\":\"ImageObject\",\"inLanguage\":\"bg-BG\",\"@id\":\"https:\/\/luxuraelite.ro\/bg\/#\/schema\/logo\/image\/\",\"url\":\"https:\/\/luxuraelite.ro\/wp-content\/uploads\/2021\/08\/logo_dark.png\",\"contentUrl\":\"https:\/\/luxuraelite.ro\/wp-content\/uploads\/2021\/08\/logo_dark.png\",\"width\":1001,\"height\":778,\"caption\":\"Luxura Elite\"},\"image\":{\"@id\":\"https:\/\/luxuraelite.ro\/bg\/#\/schema\/logo\/image\/\"},\"sameAs\":[\"https:\/\/www.facebook.com\/luxuraelite\",\"https:\/\/www.instagram.com\/luxuraelite\/\"],\"description\":\"LUXURA ELITE BOUTIQUE is the pinnacle, a meticulously curated space both online and offline, where you can find luxury pre-owned items evaluated and authenticated with a very high level of expertise and accuracy. The Luxura Elite team is dedicated to finding the most sought-after and desired ultra-luxury pieces from the world's top brands, pieces that you can confidently add to your wardrobe.\",\"email\":\"suport@luxuraelite.ro\",\"telephone\":\"40374414660\",\"legalName\":\"Luxura Elite Club\",\"foundingDate\":\"2019-04-29\",\"vatID\":\"RO43428737\",\"numberOfEmployees\":{\"@type\":\"QuantitativeValue\",\"minValue\":\"1\",\"maxValue\":\"10\"},\"publishingPrinciples\":\"https:\/\/luxuraelite.ro\/despre-noi\/\",\"actionableFeedbackPolicy\":\"https:\/\/luxuraelite.ro\/feedback-clienti\/\",\"correctionsPolicy\":\"https:\/\/luxuraelite.ro\/politica-privind-protectia-datelor-cu-caracter-personal\/\",\"ethicsPolicy\":\"https:\/\/luxuraelite.ro\/politica-privind-protectia-datelor-cu-caracter-personal\/\",\"hasMerchantReturnPolicy\":{\"@type\":\"MerchantReturnPolicy\",\"merchantReturnLink\":\"https:\/\/luxuraelite.ro\/cerere-de-retur\/\"}}]}<\/script>\n<meta property=\"product:brand\" content=\"Louis Vuitton\" \/>\n<meta property=\"product:price:amount\" content=\"800.00\" \/>\n<meta property=\"product:price:currency\" content=\"RON\" \/>\n<meta property=\"og:availability\" content=\"out of stock\" \/>\n<meta property=\"product:availability\" content=\"out of stock\" \/>\n<meta property=\"product:retailer_item_id\" content=\"ACLEB00167405\" \/>\n<meta property=\"product:condition\" content=\"new\" \/>\n<!-- \/ Yoast SEO Premium plugin. -->","yoast_head_json":{"title":"HARD TO FIND LOUIS VUITTON Silk Game On Bandeau Black White MP2904 (copiaz\u0103) - LUXURA","description":"Produs eligil pentru plata in rate %","robots":{"index":"index","follow":"follow","max-snippet":"max-snippet:-1","max-image-preview":"max-image-preview:large","max-video-preview":"max-video-preview:-1"},"canonical":"https:\/\/luxuraelite.ro\/bg\/produs\/hard-to-find-louis-vuitton-silk-game-on-bandeau-black-white-mp2904-copiaza\/","og_locale":"bg_BG","og_type":"article","og_title":"HARD TO FIND LOUIS VUITTON Silk Game On Bandeau Black White MP2904 (copiaz\u0103)","og_description":"Produs eligil pentru plata in rate -","og_url":"https:\/\/luxuraelite.ro\/bg\/produs\/hard-to-find-louis-vuitton-silk-game-on-bandeau-black-white-mp2904-copiaza\/","og_site_name":"LUXURA","article_publisher":"https:\/\/www.facebook.com\/luxuraelite","article_modified_time":"2026-03-09T06:12:11+00:00","og_image":[{"width":1707,"height":2560,"url":"https:\/\/d3lgebelm9dr8d.cloudfront.net\/wp-content\/uploads\/2024\/11\/23235033\/8L4A5308-scaled.jpg","type":"image\/jpeg"}],"twitter_card":"summary_large_image","twitter_misc":{"Price":"800,00&nbsp;lei","Availability":"Out of stock"},"schema":{"@context":"https:\/\/schema.org","@graph":[{"@type":"WebPage","@id":"https:\/\/luxuraelite.ro\/bg\/produs\/hard-to-find-louis-vuitton-silk-game-on-bandeau-black-white-mp2904-copiaza\/","url":"https:\/\/luxuraelite.ro\/bg\/produs\/hard-to-find-louis-vuitton-silk-game-on-bandeau-black-white-mp2904-copiaza\/","name":"HARD TO FIND LOUIS VUITTON Silk Game On Bandeau Black White MP2904 (copiaz\u0103) - LUXURA","isPartOf":{"@id":"https:\/\/luxuraelite.ro\/bg\/#website"},"primaryImageOfPage":{"@id":"https:\/\/luxuraelite.ro\/bg\/produs\/hard-to-find-louis-vuitton-silk-game-on-bandeau-black-white-mp2904-copiaza\/#primaryimage"},"image":{"@id":"https:\/\/luxuraelite.ro\/bg\/produs\/hard-to-find-louis-vuitton-silk-game-on-bandeau-black-white-mp2904-copiaza\/#primaryimage"},"thumbnailUrl":"https:\/\/d3lgebelm9dr8d.cloudfront.net\/wp-content\/uploads\/2024\/11\/23235033\/8L4A5308-scaled.jpg","datePublished":"2024-12-31T21:48:48+00:00","dateModified":"2026-03-09T06:12:11+00:00","description":"Produs eligil pentru plata in rate %","breadcrumb":{"@id":"https:\/\/luxuraelite.ro\/bg\/produs\/hard-to-find-louis-vuitton-silk-game-on-bandeau-black-white-mp2904-copiaza\/#breadcrumb"},"inLanguage":"bg-BG","potentialAction":[{"@type":"ReadAction","target":["https:\/\/luxuraelite.ro\/bg\/produs\/hard-to-find-louis-vuitton-silk-game-on-bandeau-black-white-mp2904-copiaza\/"]}]},{"@type":"ImageObject","inLanguage":"bg-BG","@id":"https:\/\/luxuraelite.ro\/bg\/produs\/hard-to-find-louis-vuitton-silk-game-on-bandeau-black-white-mp2904-copiaza\/#primaryimage","url":"https:\/\/d3lgebelm9dr8d.cloudfront.net\/wp-content\/uploads\/2024\/11\/23235033\/8L4A5308-scaled.jpg","contentUrl":"https:\/\/d3lgebelm9dr8d.cloudfront.net\/wp-content\/uploads\/2024\/11\/23235033\/8L4A5308-scaled.jpg","width":1707,"height":2560,"caption":"Accesorii | LOUIS VUITTON Silk Lettre A Louis Bandeau White"},{"@type":"BreadcrumbList","@id":"https:\/\/luxuraelite.ro\/bg\/produs\/hard-to-find-louis-vuitton-silk-game-on-bandeau-black-white-mp2904-copiaza\/#breadcrumb","itemListElement":[{"@type":"ListItem","position":1,"name":"Prima pagin\u0103","item":"https:\/\/luxuraelite.ro\/bg\/"},{"@type":"ListItem","position":2,"name":"Magazin","item":"https:\/\/luxuraelite.ro\/magazin\/"},{"@type":"ListItem","position":3,"name":"HARD TO FIND LOUIS VUITTON Silk Game On Bandeau Black White MP2904 (copiaz\u0103)"}]},{"@type":"WebSite","@id":"https:\/\/luxuraelite.ro\/bg\/#website","url":"https:\/\/luxuraelite.ro\/bg\/","name":"LUXURA","description":"For the woman who deserves it","publisher":{"@id":"https:\/\/luxuraelite.ro\/bg\/#organization"},"alternateName":"Luxura Elite","potentialAction":[{"@type":"SearchAction","target":{"@type":"EntryPoint","urlTemplate":"https:\/\/luxuraelite.ro\/bg\/?s={search_term_string}"},"query-input":{"@type":"PropertyValueSpecification","valueRequired":true,"valueName":"search_term_string"}}],"inLanguage":"bg-BG"},{"@type":"Organization","@id":"https:\/\/luxuraelite.ro\/bg\/#organization","name":"Luxura Elite","alternateName":"Luxura","url":"https:\/\/luxuraelite.ro\/bg\/","logo":{"@type":"ImageObject","inLanguage":"bg-BG","@id":"https:\/\/luxuraelite.ro\/bg\/#\/schema\/logo\/image\/","url":"https:\/\/luxuraelite.ro\/wp-content\/uploads\/2021\/08\/logo_dark.png","contentUrl":"https:\/\/luxuraelite.ro\/wp-content\/uploads\/2021\/08\/logo_dark.png","width":1001,"height":778,"caption":"Luxura Elite"},"image":{"@id":"https:\/\/luxuraelite.ro\/bg\/#\/schema\/logo\/image\/"},"sameAs":["https:\/\/www.facebook.com\/luxuraelite","https:\/\/www.instagram.com\/luxuraelite\/"],"description":"LUXURA ELITE BOUTIQUE is the pinnacle, a meticulously curated space both online and offline, where you can find luxury pre-owned items evaluated and authenticated with a very high level of expertise and accuracy. The Luxura Elite team is dedicated to finding the most sought-after and desired ultra-luxury pieces from the world's top brands, pieces that you can confidently add to your wardrobe.","email":"suport@luxuraelite.ro","telephone":"40374414660","legalName":"Luxura Elite Club","foundingDate":"2019-04-29","vatID":"RO43428737","numberOfEmployees":{"@type":"QuantitativeValue","minValue":"1","maxValue":"10"},"publishingPrinciples":"https:\/\/luxuraelite.ro\/despre-noi\/","actionableFeedbackPolicy":"https:\/\/luxuraelite.ro\/feedback-clienti\/","correctionsPolicy":"https:\/\/luxuraelite.ro\/politica-privind-protectia-datelor-cu-caracter-personal\/","ethicsPolicy":"https:\/\/luxuraelite.ro\/politica-privind-protectia-datelor-cu-caracter-personal\/","hasMerchantReturnPolicy":{"@type":"MerchantReturnPolicy","merchantReturnLink":"https:\/\/luxuraelite.ro\/cerere-de-retur\/"}}]},"product_brand":"Louis Vuitton","product_price_amount":"800.00","product_price_currency":"RON","og_availability":"out of stock","product_availability":"out of stock","product_retailer_item_id":"ACLEB00167405","product_condition":"new"},"df_price":800,"df_sale_price":"","df_regular_price":800,"df_image_link":"https:\/\/d3lgebelm9dr8d.cloudfront.net\/wp-content\/uploads\/2024\/11\/23235033\/8L4A5308-683x1024.jpg","_links":{"self":[{"href":"https:\/\/luxuraelite.ro\/bg\/wp-json\/wp\/v2\/product\/167405","targetHints":{"allow":["GET"]}}],"collection":[{"href":"https:\/\/luxuraelite.ro\/bg\/wp-json\/wp\/v2\/product"}],"about":[{"href":"https:\/\/luxuraelite.ro\/bg\/wp-json\/wp\/v2\/types\/product"}],"wp:featuredmedia":[{"embeddable":true,"href":"https:\/\/luxuraelite.ro\/bg\/wp-json\/wp\/v2\/media\/167406"}],"wp:attachment":[{"href":"https:\/\/luxuraelite.ro\/bg\/wp-json\/wp\/v2\/media?parent=167405"}],"wp:term":[{"taxonomy":"product_brand","embeddable":true,"href":"https:\/\/luxuraelite.ro\/bg\/wp-json\/wp\/v2\/product_brand?post=167405"},{"taxonomy":"product_cat","embeddable":true,"href":"https:\/\/luxuraelite.ro\/bg\/wp-json\/wp\/v2\/product_cat?post=167405"},{"taxonomy":"product_tag","embeddable":true,"href":"https:\/\/luxuraelite.ro\/bg\/wp-json\/wp\/v2\/product_tag?post=167405"}],"curies":[{"name":"wp","href":"https:\/\/api.w.org\/{rel}","templated":true}]}}